{"id":12064,"date":"2025-09-04T16:36:48","date_gmt":"2025-09-04T21:36:48","guid":{"rendered":"https:\/\/www.dge.gob.pe\/portalnuevo\/?page_id=12064"},"modified":"2025-09-20T12:40:49","modified_gmt":"2025-09-20T17:40:49","slug":"semana-de-la-epidemiologia-2025","status":"publish","type":"page","link":"https:\/\/www.dge.gob.pe\/portalnuevo\/nosotros\/semana-de-la-epidemiologia-2025\/","title":{"rendered":"Semana de la Epidemiolog\u00eda 2025"},"content":{"rendered":"\t\t<div data-elementor-type=\"wp-page\" data-elementor-id=\"12064\" class=\"elementor elementor-12064\" data-elementor-post-type=\"page\">\n\t\t\t\t\t\t<section data-particle_enable=\"false\" data-particle-mobile-disabled=\"false\" class=\"elementor-section elementor-top-section elementor-element elementor-element-bffff8f elementor-section-boxed elementor-section-height-default elementor-section-height-default\" data-id=\"bffff8f\" data-element_type=\"section\" data-settings=\"{&quot;jet_parallax_layout_list&quot;:[]}\">\n\t\t\t\t\t\t<div class=\"elementor-container elementor-column-gap-default\">\n\t\t\t\t\t<div class=\"elementor-column elementor-col-100 elementor-top-column elementor-element elementor-element-81e183c\" data-id=\"81e183c\" data-element_type=\"column\">\n\t\t\t<div class=\"elementor-widget-wrap elementor-element-populated\">\n\t\t\t\t\t\t<div class=\"elementor-element elementor-element-7c1b32f elementor-widget elementor-widget-heading\" data-id=\"7c1b32f\" data-element_type=\"widget\" data-widget_type=\"heading.default\">\n\t\t\t\t<div class=\"elementor-widget-container\">\n\t\t\t\t\t<h1 class=\"elementor-heading-title elementor-size-default\">Semana de la Epidemiolog\u00eda 2025<\/h1>\t\t\t\t<\/div>\n\t\t\t\t<\/div>\n\t\t\t\t<div class=\"elementor-element elementor-element-f6a5292 elementor-widget elementor-widget-text-editor\" data-id=\"f6a5292\" data-element_type=\"widget\" data-widget_type=\"text-editor.default\">\n\t\t\t\t<div class=\"elementor-widget-container\">\n\t\t\t\t\t\t\t\t\t<p><img fetchpriority=\"high\" decoding=\"async\" src=\"https:\/\/www.dge.gob.pe\/portal\/docs\/tools\/semanadelaepi\/2025\/banner-sem-epi-2025.jpg\" alt=\"\" width=\"2000\" height=\"300\" \/><\/p><p><style>\n.timeline .timeline__item{border: 2px solid #0057ab; padding: 10px; }<br \/>.timeline .timeline__item.timeline__item--year{background-color: #0057ab; color:#fff;}<br \/>h2.timeline__item.timeline__item--year{margin-top:40px;}<br \/>h2.timeline__item.timeline__item--year small{font-wigth:normal; font-size:14px;}<br \/>h3.timeline__title { color: #0057ab; }<br \/>.timeline__item h4 { color: #0057ab; }<br \/><\/style><\/p><div class=\"timeline\"><h2 class=\"timeline__item timeline__item--year\">\u00a1\u00danete y participa en la trasmisi\u00f3n en vivo!<!--small>(Semana de la Epidemiolog\u00eda, Edici\u00f3n 2025)<---><\/h2><p><!--CONTENIDO--><\/p><div class=\"timeline__item\"><ul><li class=\"timeline__title\"><h4>Para m\u00e1s informaci\u00f3n, <strong> <a href=\"https:\/\/www.dge.gob.pe\/portal\/docs\/tools\/semanadelaepi\/2025\/programa-sem-epi-2025.pdf\" target=\"_blank\" rel=\"noopener noreferrer\"><span style=\"text-decoration: underline;\"><em>clic aqu\u00ed<\/em><\/span> <i class=\"fa fa-file-pdf-o\" style=\"color: red;\"><\/i><\/a><\/strong><\/h4><\/li><\/ul><p><!--FIN BLOQUE DIA --------- --><\/p><\/div><\/div>\t\t\t\t\t\t\t\t<\/div>\n\t\t\t\t<\/div>\n\t\t\t\t\t<\/div>\n\t\t<\/div>\n\t\t\t\t\t<\/div>\n\t\t<\/section>\n\t\t\t\t<\/div>\n\t\t","protected":false},"excerpt":{"rendered":"<p>Semana de la Epidemiolog\u00eda 2025 \u00a1\u00danete y participa en la trasmisi\u00f3n en vivo! Para m\u00e1s informaci\u00f3n, clic aqu\u00ed<\/p>\n","protected":false},"author":5,"featured_media":12196,"parent":201,"menu_order":0,"comment_status":"closed","ping_status":"closed","template":"","meta":{"site-sidebar-layout":"no-sidebar","site-content-layout":"page-builder","ast-site-content-layout":"full-width-container","site-content-style":"unboxed","site-sidebar-style":"unboxed","ast-global-header-display":"","ast-banner-title-visibility":"","ast-main-header-display":"","ast-hfb-above-header-display":"","ast-hfb-below-header-display":"","ast-hfb-mobile-header-display":"","site-post-title":"disabled","ast-breadcrumbs-content":"","ast-featured-img":"disabled","footer-sml-layout":"","ast-disable-related-posts":"","theme-transparent-header-meta":"","adv-header-id-meta":"","stick-header-meta":"","header-above-stick-meta":"","header-main-stick-meta":"","header-below-stick-meta":"","astra-migrate-meta-layouts":"set","ast-page-background-enabled":"default","ast-page-background-meta":{"desktop":{"background-color":"var(--ast-global-color-4)","background-image":"","background-repeat":"repeat","background-position":"center center","background-size":"auto","background-attachment":"scroll","background-type":"","background-media":"","overlay-type":"","overlay-color":"","overlay-opacity":"","overlay-gradient":""},"tablet":{"background-color":"","background-image":"","background-repeat":"repeat","background-position":"center center","background-size":"auto","background-attachment":"scroll","background-type":"","background-media":"","overlay-type":"","overlay-color":"","overlay-opacity":"","overlay-gradient":""},"mobile":{"background-color":"","background-image":"","background-repeat":"repeat","background-position":"center center","background-size":"auto","background-attachment":"scroll","background-type":"","background-media":"","overlay-type":"","overlay-color":"","overlay-opacity":"","overlay-gradient":""}},"ast-content-background-meta":{"desktop":{"background-color":"var(--ast-global-color-5)","background-image":"","background-repeat":"repeat","background-position":"center center","background-size":"auto","background-attachment":"scroll","background-type":"","background-media":"","overlay-type":"","overlay-color":"","overlay-opacity":"","overlay-gradient":""},"tablet":{"background-color":"var(--ast-global-color-5)","background-image":"","background-repeat":"repeat","background-position":"center center","background-size":"auto","background-attachment":"scroll","background-type":"","background-media":"","overlay-type":"","overlay-color":"","overlay-opacity":"","overlay-gradient":""},"mobile":{"background-color":"var(--ast-global-color-5)","background-image":"","background-repeat":"repeat","background-position":"center center","background-size":"auto","background-attachment":"scroll","background-type":"","background-media":"","overlay-type":"","overlay-color":"","overlay-opacity":"","overlay-gradient":""}},"footnotes":""},"class_list":["post-12064","page","type-page","status-publish","has-post-thumbnail","hentry"],"yoast_head":"<!-- This site is optimized with the Yoast SEO Premium plugin v26.6 (Yoast SEO v26.7) - https:\/\/yoast.com\/wordpress\/plugins\/seo\/ -->\n<title>Semana de la Epidemiolog\u00eda 2025 - Centro Nacional de Epidemiolog\u00eda Prevenci\u00f3n y Control de Enfermedades<\/title>\n<meta name=\"robots\" content=\"index, follow, max-snippet:-1, max-image-preview:large, max-video-preview:-1\" \/>\n<link rel=\"canonical\" href=\"https:\/\/www.dge.gob.pe\/portalnuevo\/nosotros\/semana-de-la-epidemiologia-2025\/\" \/>\n<meta property=\"og:locale\" content=\"es_ES\" \/>\n<meta property=\"og:type\" content=\"article\" \/>\n<meta property=\"og:title\" content=\"Semana de la Epidemiolog\u00eda 2025\" \/>\n<meta property=\"og:description\" content=\"Semana de la Epidemiolog\u00eda 2025 \u00a1\u00danete y participa en la trasmisi\u00f3n en vivo! Para m\u00e1s informaci\u00f3n, clic aqu\u00ed\" \/>\n<meta property=\"og:url\" content=\"https:\/\/www.dge.gob.pe\/portalnuevo\/nosotros\/semana-de-la-epidemiologia-2025\/\" \/>\n<meta property=\"og:site_name\" content=\"Centro Nacional de Epidemiolog\u00eda Prevenci\u00f3n y Control de Enfermedades\" \/>\n<meta property=\"article:publisher\" content=\"https:\/\/www.facebook.com\/cdcperuminsa\" \/>\n<meta property=\"article:modified_time\" content=\"2025-09-20T17:40:49+00:00\" \/>\n<meta property=\"og:image\" content=\"https:\/\/www.dge.gob.pe\/portalnuevo\/wp-content\/uploads\/2025\/09\/sem-epi-2025.jpg\" \/>\n\t<meta property=\"og:image:width\" content=\"2560\" \/>\n\t<meta property=\"og:image:height\" content=\"1024\" \/>\n\t<meta property=\"og:image:type\" content=\"image\/jpeg\" \/>\n<meta name=\"twitter:card\" content=\"summary_large_image\" \/>\n<meta name=\"twitter:site\" content=\"@cdc_peru\" \/>\n<meta name=\"twitter:label1\" content=\"Est. reading time\" \/>\n\t<meta name=\"twitter:data1\" content=\"1 minuto\" \/>\n<script type=\"application\/ld+json\" class=\"yoast-schema-graph\">{\"@context\":\"https:\/\/schema.org\",\"@graph\":[{\"@type\":\"WebPage\",\"@id\":\"https:\/\/www.dge.gob.pe\/portalnuevo\/nosotros\/semana-de-la-epidemiologia-2025\/\",\"url\":\"https:\/\/www.dge.gob.pe\/portalnuevo\/nosotros\/semana-de-la-epidemiologia-2025\/\",\"name\":\"Semana de la Epidemiolog\u00eda 2025 - Centro Nacional de Epidemiolog\u00eda Prevenci\u00f3n y Control de Enfermedades\",\"isPartOf\":{\"@id\":\"https:\/\/www.dge.gob.pe\/portalnuevo\/#website\"},\"primaryImageOfPage\":{\"@id\":\"https:\/\/www.dge.gob.pe\/portalnuevo\/nosotros\/semana-de-la-epidemiologia-2025\/#primaryimage\"},\"image\":{\"@id\":\"https:\/\/www.dge.gob.pe\/portalnuevo\/nosotros\/semana-de-la-epidemiologia-2025\/#primaryimage\"},\"thumbnailUrl\":\"https:\/\/www.dge.gob.pe\/portalnuevo\/wp-content\/uploads\/2025\/09\/sem-epi-2025.jpg\",\"datePublished\":\"2025-09-04T21:36:48+00:00\",\"dateModified\":\"2025-09-20T17:40:49+00:00\",\"breadcrumb\":{\"@id\":\"https:\/\/www.dge.gob.pe\/portalnuevo\/nosotros\/semana-de-la-epidemiologia-2025\/#breadcrumb\"},\"inLanguage\":\"es-PE\",\"potentialAction\":[{\"@type\":\"ReadAction\",\"target\":[\"https:\/\/www.dge.gob.pe\/portalnuevo\/nosotros\/semana-de-la-epidemiologia-2025\/\"]}]},{\"@type\":\"ImageObject\",\"inLanguage\":\"es-PE\",\"@id\":\"https:\/\/www.dge.gob.pe\/portalnuevo\/nosotros\/semana-de-la-epidemiologia-2025\/#primaryimage\",\"url\":\"https:\/\/www.dge.gob.pe\/portalnuevo\/wp-content\/uploads\/2025\/09\/sem-epi-2025.jpg\",\"contentUrl\":\"https:\/\/www.dge.gob.pe\/portalnuevo\/wp-content\/uploads\/2025\/09\/sem-epi-2025.jpg\",\"width\":2560,\"height\":1024},{\"@type\":\"BreadcrumbList\",\"@id\":\"https:\/\/www.dge.gob.pe\/portalnuevo\/nosotros\/semana-de-la-epidemiologia-2025\/#breadcrumb\",\"itemListElement\":[{\"@type\":\"ListItem\",\"position\":1,\"name\":\"Portada\",\"item\":\"https:\/\/www.dge.gob.pe\/portalnuevo\/\"},{\"@type\":\"ListItem\",\"position\":2,\"name\":\"Nosotros\",\"item\":\"https:\/\/www.dge.gob.pe\/portalnuevo\/nosotros\/\"},{\"@type\":\"ListItem\",\"position\":3,\"name\":\"Semana de la Epidemiolog\u00eda 2025\"}]},{\"@type\":\"WebSite\",\"@id\":\"https:\/\/www.dge.gob.pe\/portalnuevo\/#website\",\"url\":\"https:\/\/www.dge.gob.pe\/portalnuevo\/\",\"name\":\"Centro Nacional de Epidemiolog\u00eda Prevenci\u00f3n y Control de Enfermedades\",\"description\":\"\",\"publisher\":{\"@id\":\"https:\/\/www.dge.gob.pe\/portalnuevo\/#organization\"},\"potentialAction\":[{\"@type\":\"SearchAction\",\"target\":{\"@type\":\"EntryPoint\",\"urlTemplate\":\"https:\/\/www.dge.gob.pe\/portalnuevo\/?s={search_term_string}\"},\"query-input\":{\"@type\":\"PropertyValueSpecification\",\"valueRequired\":true,\"valueName\":\"search_term_string\"}}],\"inLanguage\":\"es-PE\"},{\"@type\":\"Organization\",\"@id\":\"https:\/\/www.dge.gob.pe\/portalnuevo\/#organization\",\"name\":\"Centro Nacional de Epidemiolog\u00eda Prevenci\u00f3n y Control de Enfermedades\",\"url\":\"https:\/\/www.dge.gob.pe\/portalnuevo\/\",\"logo\":{\"@type\":\"ImageObject\",\"inLanguage\":\"es-PE\",\"@id\":\"https:\/\/www.dge.gob.pe\/portalnuevo\/#\/schema\/logo\/image\/\",\"url\":\"https:\/\/www.dge.gob.pe\/portalnuevo\/wp-content\/uploads\/2023\/03\/logo_cdc.jpeg\",\"contentUrl\":\"https:\/\/www.dge.gob.pe\/portalnuevo\/wp-content\/uploads\/2023\/03\/logo_cdc.jpeg\",\"width\":1280,\"height\":127,\"caption\":\"Centro Nacional de Epidemiolog\u00eda Prevenci\u00f3n y Control de Enfermedades\"},\"image\":{\"@id\":\"https:\/\/www.dge.gob.pe\/portalnuevo\/#\/schema\/logo\/image\/\"},\"sameAs\":[\"https:\/\/www.facebook.com\/cdcperuminsa\",\"https:\/\/x.com\/cdc_peru\",\"https:\/\/www.youtube.com\/cdcperu\"]}]}<\/script>\n<!-- \/ Yoast SEO Premium plugin. -->","yoast_head_json":{"title":"Semana de la Epidemiolog\u00eda 2025 - Centro Nacional de Epidemiolog\u00eda Prevenci\u00f3n y Control de Enfermedades","robots":{"index":"index","follow":"follow","max-snippet":"max-snippet:-1","max-image-preview":"max-image-preview:large","max-video-preview":"max-video-preview:-1"},"canonical":"https:\/\/www.dge.gob.pe\/portalnuevo\/nosotros\/semana-de-la-epidemiologia-2025\/","og_locale":"es_ES","og_type":"article","og_title":"Semana de la Epidemiolog\u00eda 2025","og_description":"Semana de la Epidemiolog\u00eda 2025 \u00a1\u00danete y participa en la trasmisi\u00f3n en vivo! Para m\u00e1s informaci\u00f3n, clic aqu\u00ed","og_url":"https:\/\/www.dge.gob.pe\/portalnuevo\/nosotros\/semana-de-la-epidemiologia-2025\/","og_site_name":"Centro Nacional de Epidemiolog\u00eda Prevenci\u00f3n y Control de Enfermedades","article_publisher":"https:\/\/www.facebook.com\/cdcperuminsa","article_modified_time":"2025-09-20T17:40:49+00:00","og_image":[{"width":2560,"height":1024,"url":"https:\/\/www.dge.gob.pe\/portalnuevo\/wp-content\/uploads\/2025\/09\/sem-epi-2025.jpg","type":"image\/jpeg"}],"twitter_card":"summary_large_image","twitter_site":"@cdc_peru","twitter_misc":{"Est. reading time":"1 minuto"},"schema":{"@context":"https:\/\/schema.org","@graph":[{"@type":"WebPage","@id":"https:\/\/www.dge.gob.pe\/portalnuevo\/nosotros\/semana-de-la-epidemiologia-2025\/","url":"https:\/\/www.dge.gob.pe\/portalnuevo\/nosotros\/semana-de-la-epidemiologia-2025\/","name":"Semana de la Epidemiolog\u00eda 2025 - Centro Nacional de Epidemiolog\u00eda Prevenci\u00f3n y Control de Enfermedades","isPartOf":{"@id":"https:\/\/www.dge.gob.pe\/portalnuevo\/#website"},"primaryImageOfPage":{"@id":"https:\/\/www.dge.gob.pe\/portalnuevo\/nosotros\/semana-de-la-epidemiologia-2025\/#primaryimage"},"image":{"@id":"https:\/\/www.dge.gob.pe\/portalnuevo\/nosotros\/semana-de-la-epidemiologia-2025\/#primaryimage"},"thumbnailUrl":"https:\/\/www.dge.gob.pe\/portalnuevo\/wp-content\/uploads\/2025\/09\/sem-epi-2025.jpg","datePublished":"2025-09-04T21:36:48+00:00","dateModified":"2025-09-20T17:40:49+00:00","breadcrumb":{"@id":"https:\/\/www.dge.gob.pe\/portalnuevo\/nosotros\/semana-de-la-epidemiologia-2025\/#breadcrumb"},"inLanguage":"es-PE","potentialAction":[{"@type":"ReadAction","target":["https:\/\/www.dge.gob.pe\/portalnuevo\/nosotros\/semana-de-la-epidemiologia-2025\/"]}]},{"@type":"ImageObject","inLanguage":"es-PE","@id":"https:\/\/www.dge.gob.pe\/portalnuevo\/nosotros\/semana-de-la-epidemiologia-2025\/#primaryimage","url":"https:\/\/www.dge.gob.pe\/portalnuevo\/wp-content\/uploads\/2025\/09\/sem-epi-2025.jpg","contentUrl":"https:\/\/www.dge.gob.pe\/portalnuevo\/wp-content\/uploads\/2025\/09\/sem-epi-2025.jpg","width":2560,"height":1024},{"@type":"BreadcrumbList","@id":"https:\/\/www.dge.gob.pe\/portalnuevo\/nosotros\/semana-de-la-epidemiologia-2025\/#breadcrumb","itemListElement":[{"@type":"ListItem","position":1,"name":"Portada","item":"https:\/\/www.dge.gob.pe\/portalnuevo\/"},{"@type":"ListItem","position":2,"name":"Nosotros","item":"https:\/\/www.dge.gob.pe\/portalnuevo\/nosotros\/"},{"@type":"ListItem","position":3,"name":"Semana de la Epidemiolog\u00eda 2025"}]},{"@type":"WebSite","@id":"https:\/\/www.dge.gob.pe\/portalnuevo\/#website","url":"https:\/\/www.dge.gob.pe\/portalnuevo\/","name":"Centro Nacional de Epidemiolog\u00eda Prevenci\u00f3n y Control de Enfermedades","description":"","publisher":{"@id":"https:\/\/www.dge.gob.pe\/portalnuevo\/#organization"},"potentialAction":[{"@type":"SearchAction","target":{"@type":"EntryPoint","urlTemplate":"https:\/\/www.dge.gob.pe\/portalnuevo\/?s={search_term_string}"},"query-input":{"@type":"PropertyValueSpecification","valueRequired":true,"valueName":"search_term_string"}}],"inLanguage":"es-PE"},{"@type":"Organization","@id":"https:\/\/www.dge.gob.pe\/portalnuevo\/#organization","name":"Centro Nacional de Epidemiolog\u00eda Prevenci\u00f3n y Control de Enfermedades","url":"https:\/\/www.dge.gob.pe\/portalnuevo\/","logo":{"@type":"ImageObject","inLanguage":"es-PE","@id":"https:\/\/www.dge.gob.pe\/portalnuevo\/#\/schema\/logo\/image\/","url":"https:\/\/www.dge.gob.pe\/portalnuevo\/wp-content\/uploads\/2023\/03\/logo_cdc.jpeg","contentUrl":"https:\/\/www.dge.gob.pe\/portalnuevo\/wp-content\/uploads\/2023\/03\/logo_cdc.jpeg","width":1280,"height":127,"caption":"Centro Nacional de Epidemiolog\u00eda Prevenci\u00f3n y Control de Enfermedades"},"image":{"@id":"https:\/\/www.dge.gob.pe\/portalnuevo\/#\/schema\/logo\/image\/"},"sameAs":["https:\/\/www.facebook.com\/cdcperuminsa","https:\/\/x.com\/cdc_peru","https:\/\/www.youtube.com\/cdcperu"]}]}},"_links":{"self":[{"href":"https:\/\/www.dge.gob.pe\/portalnuevo\/wp-json\/wp\/v2\/pages\/12064","targetHints":{"allow":["GET"]}}],"collection":[{"href":"https:\/\/www.dge.gob.pe\/portalnuevo\/wp-json\/wp\/v2\/pages"}],"about":[{"href":"https:\/\/www.dge.gob.pe\/portalnuevo\/wp-json\/wp\/v2\/types\/page"}],"author":[{"embeddable":true,"href":"https:\/\/www.dge.gob.pe\/portalnuevo\/wp-json\/wp\/v2\/users\/5"}],"replies":[{"embeddable":true,"href":"https:\/\/www.dge.gob.pe\/portalnuevo\/wp-json\/wp\/v2\/comments?post=12064"}],"version-history":[{"count":22,"href":"https:\/\/www.dge.gob.pe\/portalnuevo\/wp-json\/wp\/v2\/pages\/12064\/revisions"}],"predecessor-version":[{"id":12280,"href":"https:\/\/www.dge.gob.pe\/portalnuevo\/wp-json\/wp\/v2\/pages\/12064\/revisions\/12280"}],"up":[{"embeddable":true,"href":"https:\/\/www.dge.gob.pe\/portalnuevo\/wp-json\/wp\/v2\/pages\/201"}],"wp:featuredmedia":[{"embeddable":true,"href":"https:\/\/www.dge.gob.pe\/portalnuevo\/wp-json\/wp\/v2\/media\/12196"}],"wp:attachment":[{"href":"https:\/\/www.dge.gob.pe\/portalnuevo\/wp-json\/wp\/v2\/media?parent=12064"}],"curies":[{"name":"wp","href":"https:\/\/api.w.org\/{rel}","templated":true}]}}