{"id":12112,"date":"2022-09-01T12:37:00","date_gmt":"2022-09-01T17:37:00","guid":{"rendered":"https:\/\/www.dge.gob.pe\/portalnuevo\/?page_id=12112"},"modified":"2025-09-11T16:00:15","modified_gmt":"2025-09-11T21:00:15","slug":"semana-de-la-epidemiologia-2022","status":"publish","type":"page","link":"https:\/\/www.dge.gob.pe\/portalnuevo\/nosotros\/semana-de-la-epidemiologia-2022\/","title":{"rendered":"Semana de la Epidemiolog\u00eda 2022"},"content":{"rendered":"\t\t<div data-elementor-type=\"wp-page\" data-elementor-id=\"12112\" class=\"elementor elementor-12112\" data-elementor-post-type=\"page\">\n\t\t\t\t\t\t<section data-particle_enable=\"false\" data-particle-mobile-disabled=\"false\" class=\"elementor-section elementor-top-section elementor-element elementor-element-bffff8f elementor-section-boxed elementor-section-height-default elementor-section-height-default\" data-id=\"bffff8f\" data-element_type=\"section\" data-e-type=\"section\" data-settings=\"{&quot;jet_parallax_layout_list&quot;:[]}\">\n\t\t\t\t\t\t<div class=\"elementor-container elementor-column-gap-default\">\n\t\t\t\t\t<div class=\"elementor-column elementor-col-100 elementor-top-column elementor-element elementor-element-81e183c\" data-id=\"81e183c\" data-element_type=\"column\" data-e-type=\"column\">\n\t\t\t<div class=\"elementor-widget-wrap elementor-element-populated\">\n\t\t\t\t\t\t<div class=\"elementor-element elementor-element-7c1b32f elementor-widget elementor-widget-heading\" data-id=\"7c1b32f\" data-element_type=\"widget\" data-e-type=\"widget\" data-widget_type=\"heading.default\">\n\t\t\t\t<div class=\"elementor-widget-container\">\n\t\t\t\t\t<h1 class=\"elementor-heading-title elementor-size-default\">Semana de la Epidemiolog\u00eda 2022<\/h1>\t\t\t\t<\/div>\n\t\t\t\t<\/div>\n\t\t\t\t<div class=\"elementor-element elementor-element-f6a5292 elementor-widget elementor-widget-text-editor\" data-id=\"f6a5292\" data-element_type=\"widget\" data-e-type=\"widget\" data-widget_type=\"text-editor.default\">\n\t\t\t\t<div class=\"elementor-widget-container\">\n\t\t\t\t\t\t\t\t\t<p><img fetchpriority=\"high\" decoding=\"async\" src=\"https:\/\/www.dge.gob.pe\/portal\/docs\/tools\/semanadelaepi\/2022\/banner-sem-epi-2022.jpeg\" alt=\"\" width=\"3600\" height=\"300\" \/><\/p><div style=\"float: right;\"><h3><strong><a href=\"https:\/\/www.dge.gob.pe\/portal\/docs\/tools\/semanadelaepi\/2022\/programa-sem-epi-2022.pdf\" target=\"_blank\" rel=\"noopener noreferrer\">Clic para abrir el programa digital <i class=\"fa fa-file-pdf-o\" style=\"color: red;\"><\/i><\/a><\/strong><\/h3><\/div><p><style>\n.timeline .timeline__item{border: 2px solid #0057ab; padding: 10px; }<br \/>.timeline .timeline__item.timeline__item--year{background-color: #0057ab; color:#fff;}<br \/>h2.timeline__item.timeline__item--year{margin-top:40px;}<br \/>h2.timeline__item.timeline__item--year small{font-wigth:normal; font-size:14px;}<br \/>h3.timeline__title { color: #0057ab; }<br \/>.timeline__item h4 { color: #0057ab<span data-mce-type=\"bookmark\" style=\"display: inline-block; width: 0px; overflow: hidden; line-height: 0;\" class=\"mce_SELRES_start\">\ufeff<\/span>; }<br \/><\/style><\/p><div class=\"timeline\"><p><!--INICIO BLOQUE DIA --------------------------------------------------------------------- --><!--TITULO--><\/p><h2 class=\"timeline__item timeline__item--year\">PANEL INAUGURAL <small>(Semana de la Epidemiolog\u00eda, Edici\u00f3n 2022)<\/small><\/h2><p><!--CONTENIDO--><\/p><div class=\"timeline__item\"><h3 class=\"timeline__title\"><strong>Lunes 19 Setiembre<\/strong><\/h3><div class=\"body\"><div class=\"entry-content entry clearfix\"><h4>Palabras de bienvenida:<\/h4><ul><li><b>Dr. Eduardo Ortega Guill\u00e9n<\/b><br \/>Director General &#8211; CDC Per\u00fa<\/li><\/ul><h4>Exposici\u00f3n de logros alcanzados:<\/h4><ul><li><b>Dr. C\u00e9sar Munayco Escate<\/b><br \/>Director Ejecutivo de Vigilancia en Salud P\u00fablica &#8211; CDC Per\u00fa<br \/><b><\/b><\/li><li><b>MC. Epid. Omar Napanga Salda\u00f1a<\/b><br \/>Director Ejecutivo de Inteligencia Sanitaria &#8211; CDC Per\u00fa<\/li><li><b>MC. Epid. Ana Escudero Quintana<\/b><br \/>Directora Ejecutiva de Respuesta a Brotes y otros EVISAP &#8211; CDC Per\u00fa<\/li><\/ul><h4>Ponencia:<\/h4><ul><li><i>Tema: Introducci\u00f3n a la semana de la epidemiolog\u00eda<\/i><br \/><b>Dra. Mary Reyes<\/b><br \/>Jefe de equipo de la Direcci\u00f3n de Vigilancia en Salud P\u00fablica &#8211; CDC Per\u00fa<\/li><li><i>Tema: Simposio: \u201cD\u00eda Mundial de Lucha Contra la Rabia\u201d <\/i><br \/><b>Direcci\u00f3n de Vigilancia en Salud P\u00fablica &#8211; CDC Per\u00fa<\/b><\/li><li><i>Tema: Herramientas para la vigilancia en salud p\u00fablica: mapas de calor<\/i><br \/><b>Ing. Diego Castro<\/b><\/li><li><i>Tema: Modelamiento matem\u00e1tico<\/i><br \/><b>Ing. Sergio Luque<\/b><\/li><li><i>Tema: Clima y salud <\/i><br \/><b>Met. Pierre Vel\u00e1squez<\/b><\/li><li><i>Tema: Situaci\u00f3n de la viruela del mono y perspectivas <\/i><br \/><b>Dr. C\u00e9sar Munayco Escate<\/b><br \/>Director Ejecutivo de Vigilancia en Salud P\u00fablica &#8211; CDC Per\u00fa.<\/li><li><i>Tema: Introducci\u00f3n al modelamiento matem\u00e1tico en salud p\u00fablica (Teor\u00eda)<\/i><br \/><b>Dr. C\u00e9sar Munayco Escate<\/b><br \/>Director Ejecutivo de Vigilancia en Salud P\u00fablica &#8211; CDC Per\u00fa.<\/li><\/ul><p><iframe src=\"https:\/\/www.youtube.com\/embed\/V1AMvfnu1LM\" width=\"560\" height=\"315\" frameborder=\"0\" allowfullscreen=\"allowfullscreen\"><\/iframe><\/p><p><iframe src=\"https:\/\/www.youtube.com\/embed\/nsJrTrO56eM\" width=\"560\" height=\"315\" frameborder=\"0\" allowfullscreen=\"allowfullscreen\"><span data-mce-type=\"bookmark\" style=\"display: inline-block; width: 0px; overflow: hidden; line-height: 0;\" class=\"mce_SELRES_start\">\ufeff<\/span><\/iframe><\/p><\/div><\/div><p><!--FIN BLOQUE DIA --------- --><!--INICIO BLOQUE DIA --------------------------------------------------------------------- --><!--TITULO--><\/p><h2 class=\"timeline__item timeline__item--year\">EVIDENCIAS EN SALUD P\u00daBLICA GENERADOS POR DVSP <small>(Semana de la Epidemiolog\u00eda, Edici\u00f3n 2022)<\/small><\/h2><p><!--CONTENIDO--><\/p><div class=\"timeline__item\"><h3 class=\"timeline__title\"><b>Martes 20 de setiembre<\/b><\/h3><div class=\"body\"><div class=\"entry-content entry clearfix\"><h4>Ponencia:<\/h4><ul><li><i>Tema: COVID-19 among Amazonian indigenous in Peru: mortality, incidence, and clinical characteristic<\/i><br \/><b>Dra. Gabriela Soto (UAEMM)<\/b><\/li><li><i>Tema: Clinical features of Guillain-Barr\u00e9 syndrome and factors associated with mortality during the 2019 outbreak in Peru <\/i>| <a href=\"https:\/\/www.dge.gob.pe\/portal\/docs\/tools\/semanadelaepi\/2022\/200922\/sindrome-sgb.pdf\" target=\"_blank\" rel=\"noopener noreferrer\"><i class=\"fa fa-file-pdf-o\" style=\"color: red;\" aria-hidden=\"true\"><\/i> Descargar presentaci\u00f3n<\/a><br \/><b>Dra. Mary Reyes<\/b><br \/>Jefe de equipo de la Direcci\u00f3n de Vigilancia en Salud P\u00fablica &#8211; CDC Per\u00fa<\/li><li><i>Tema: Comorbidities associated with in-hospital mortality among adult patients with COVID-19 in Lima, Peru: A retrospective cohort study <\/i><br \/><b>Dra. Gabriela Soto (UAEMM)<\/b><\/li><li><i>Tema: Efectividad de las vacunas <\/i> | <a href=\"https:\/\/www.dge.gob.pe\/portal\/docs\/tools\/semanadelaepi\/2022\/200922\/efectividad-vacunas-covid19.pdf\" target=\"_blank\" rel=\"noopener noreferrer\"><i class=\"fa fa-file-pdf-o\" style=\"color: red;\" aria-hidden=\"true\"><\/i> Descargar presentaci\u00f3n<\/a><br \/><b>Dr. C\u00e9sar Munayco Escate<\/b><br \/>Director Ejecutivo de Vigilancia en Salud P\u00fablica &#8211; CDC Per\u00fa.<\/li><li><i>Tema: Desigualdad en la mortalidad neonatal del Per\u00fa generada por la pobreza y educaci\u00f3n, 2011 &#8211; 2019 <\/i><b><br \/>Lic. Jeannette Giselle \u00c1vila Vargas &#8211; Machuca (UMN)<\/b><\/li><li><i>Tema: Conocimientos, actitudes y pr\u00e1cticas de enfermedad de zika: estudio mixto <\/i>| <a href=\"https:\/\/www.dge.gob.pe\/portal\/docs\/tools\/semanadelaepi\/2022\/200922\/zika.pdf\" target=\"_blank\" rel=\"noopener noreferrer\"><i class=\"fa fa-file-pdf-o\" style=\"color: red;\" aria-hidden=\"true\"><\/i> Descargar presentaci\u00f3n<\/a><br \/><b>Lic. Enf. Epid. Susan Mateo Lizarbe (UVEMYOTV)<\/b><\/li><li><i>Tema: Desigualdad en la mortalidad neonatal del Per\u00fa generada por la pobreza y educaci\u00f3n, 2011 &#8211; 2019 <\/i><br \/><b>Lic. Jeannette Giselle \u00c1vila Vargas &#8211; Machuca (UMN)<\/b><\/li><li><i>Tema: Dengue y clima <\/i><br \/><b>Met. Pierre Vel\u00e1squez<\/b><\/li><li><i>Tema: Comunicaci\u00f3n en Salud P\u00fablica <\/i><br \/><b>Lic.Jhoselyne Robles<\/b><br \/>Coordinadora de la Unidad de Comunicaci\u00f3n Efectiva y Cambio de comportamiento de la DVSP &#8211; CDC Per\u00fa.<\/li><li><i>Tema: An\u00e1lisis de redes egoc\u00e9ntricas <\/i><br \/><b>Phd. Mariano Kanamori<\/b><br \/>Universidad de Miami<\/li><li><i>Tema: El Costo de la Doble Carga de la Malnutrici\u00f3n: Impacto Social y Econ\u00f3mico en el Per\u00fa <\/i><br \/><b>Dr. An\u00edbal Vel\u00e1squez Valdivia<\/b> Programa Mundial de Alimentos<\/li><li><i>Tema: Vigilancia de la MME y raz\u00f3n de mortalidad <\/i><br \/><b>Lic. Fabiola Gil<\/b><\/li><li><i>Tema: Viruela del mono: An\u00e1lisis de las redes sociales <\/i>| <a href=\"https:\/\/www.dge.gob.pe\/portal\/docs\/tools\/semanadelaepi\/2022\/200922\/VM-redes-sociales.pdf\" target=\"_blank\" rel=\"noopener noreferrer\"><i class=\"fa fa-file-pdf-o\" style=\"color: red;\" aria-hidden=\"true\"><\/i> Descargar presentaci\u00f3n<\/a><br \/><b>Dr. C\u00e9sar Munayco Escate<\/b> Director Ejecutivo de Vigilancia en Salud P\u00fablica &#8211; CDC Per\u00fa.<\/li><li><i>Tema: Introducci\u00f3n al modelamiento matem\u00e1tico en salud p\u00fablica: PR\u00c1CTICAS EN R <\/i><br \/><b>Ing. Sergio Luque<\/b> Direcci\u00f3n de Vigilancia en Salud P\u00fablica &#8211; CDC Per\u00fa.<\/li><\/ul><p><iframe src=\"https:\/\/www.youtube.com\/embed\/yP0uwq3_HcI\" width=\"560\" height=\"315\" frameborder=\"0\" allowfullscreen=\"allowfullscreen\"><\/iframe><\/p><p><iframe src=\"https:\/\/www.youtube.com\/embed\/MMO40T2ZDNA\" width=\"560\" height=\"315\" frameborder=\"0\" allowfullscreen=\"allowfullscreen\"><span data-mce-type=\"bookmark\" style=\"display: inline-block; width: 0px; overflow: hidden; line-height: 0;\" class=\"mce_SELRES_start\">\ufeff<\/span><\/iframe><\/p><\/div><\/div><\/div><p><!--FIN BLOQUE DIA --------- --><!--INICIO BLOQUE DIA --------------------------------------------------------------------- --><!--TITULO--><\/p><h2 class=\"timeline__item timeline__item--year\">PRESENTACI\u00d3N DE INVESTIGACIONES DE EGRESADOS DE LA VII COHORTE DEL PREEC. <small>(Semana de la Epidemiolog\u00eda, Edici\u00f3n 2022)<\/small><\/h2><p><!--CONTENIDO--><\/p><div class=\"timeline__item\"><h3 class=\"timeline__title\"><b>Mi\u00e9rcoles 21 de setiembre<\/b><\/h3><div class=\"body\"><div class=\"entry-content entry clearfix\"><h4>Palabras de bienvenida:<\/h4><ul><li><b>MC. Epid. Omar Napanga Salda\u00f1a<\/b><br \/>Director de Inteligencia Sanitaria &#8211; CDC Per\u00fa<\/li><\/ul><h4>Ponencia:<\/h4><ul><li><i>Tema: Indicadores de Inequidades <\/i> | <a href=\"https:\/\/www.dge.gob.pe\/portal\/docs\/tools\/semanadelaepi\/2022\/210922\/INTRODUCCION_DESIGUALDADES.pdf\" target=\"_blank\" rel=\"noopener noreferrer\"><i class=\"fa fa-file-pdf-o\" style=\"color: red;\" aria-hidden=\"true\"><\/i> Descargar presentaci\u00f3n<\/a><br \/><b>MC. Epid. Aquiles Vilchez<\/b><\/li><li><i>Tema: Desigualdades en salud en el Per\u00fa <\/i> | <a href=\"https:\/\/www.dge.gob.pe\/portal\/docs\/tools\/semanadelaepi\/2022\/210922\/DESIGUALDADES-SALUD-PERU.pdf\" target=\"_blank\" rel=\"noopener noreferrer\"><i class=\"fa fa-file-pdf-o\" style=\"color: red;\" aria-hidden=\"true\"><\/i> Descargar presentaci\u00f3n<\/a><br \/><b>Dr. V\u00edctor Arocena Canazas<\/b><\/li><li><i>Tema: Effectiveness of the BBIBP &#8211; Corv vaccine in health personnel from the Andean Trapeze of Per\u00fa. <\/i><br \/><b>Dr. Epid. Alex Jaramillo Corrales<\/b><\/li><li><i>Tema: Effectiveness of the BBIBP &#8211; Corv vaccine to prevent COVID-19 infection, hospitalization and death in health professionals and technicians in Per\u00fa. <\/i>| <a href=\"https:\/\/www.dge.gob.pe\/portal\/docs\/tools\/semanadelaepi\/2022\/210922\/VACCINE-COVID19.pdf\" target=\"_blank\" rel=\"noopener noreferrer\"><i class=\"fa fa-file-pdf-o\" style=\"color: red;\" aria-hidden=\"true\"><\/i> Descargar presentaci\u00f3n<\/a><br \/><b>Dra. Epid. Edith Solis Castro<\/b><\/li><li><i>Tema: Programa de Entrenamiento en Epidemiolog\u00eda de Campo \u2013 PREEC (Avanzado, Intermedio, Frontline)<\/i> | <a href=\"https:\/\/www.dge.gob.pe\/portal\/docs\/tools\/semanadelaepi\/2022\/210922\/PREEC.pdf\" target=\"_blank\" rel=\"noopener noreferrer\"><i class=\"fa fa-file-pdf-o\" style=\"color: red;\" aria-hidden=\"true\"><\/i> Descargar presentaci\u00f3n<\/a><br \/><b>MC. Epid. Omar Napanga Salda\u00f1a<\/b><br \/>Director de Inteligencia Sanitaria &#8211; CDC Per\u00fa<\/li><li><i>Tema: Aplicativo para la notificaci\u00f3n <\/i>| <a href=\"https:\/\/www.dge.gob.pe\/portal\/docs\/tools\/semanadelaepi\/2022\/210922\/APP-NOTIFICACION-UTIC.pdf\" target=\"_blank\" rel=\"noopener noreferrer\"><i class=\"fa fa-file-pdf-o\" style=\"color: red;\" aria-hidden=\"true\"><\/i> Descargar presentaci\u00f3n<\/a><br \/><b>Unidad de Tecnolog\u00edas de la Informaci\u00f3n y Comunicaciones (UTIC)<\/b><\/li><li><i>Tema: Tableros de Mando COVID-19 <\/i>| <a href=\"https:\/\/www.dge.gob.pe\/portal\/docs\/tools\/semanadelaepi\/2022\/210922\/TablerodeMandosCovid.pdf\" target=\"_blank\" rel=\"noopener noreferrer\"><i class=\"fa fa-file-pdf-o\" style=\"color: red;\" aria-hidden=\"true\"><\/i> Descargar presentaci\u00f3n<\/a><br \/><b>Dr. Jos\u00e9 Medina Osis<\/b><\/li><li><i>Tema: Programa investigando con el CDC <\/i>| <a href=\"https:\/\/www.dge.gob.pe\/portal\/docs\/tools\/semanadelaepi\/2022\/210922\/INVESTIGANDO-CON-CDC.pdf\" target=\"_blank\" rel=\"noopener noreferrer\"><i class=\"fa fa-file-pdf-o\" style=\"color: red;\" aria-hidden=\"true\"><\/i> Descargar presentaci\u00f3n<\/a><br \/><b>Dr. Marco Valdivieso Herrera<\/b><\/li><\/ul><p><iframe src=\"https:\/\/www.youtube.com\/embed\/UmHXVri9NAI\" width=\"560\" height=\"315\" frameborder=\"0\" allowfullscreen=\"allowfullscreen\"><\/iframe><\/p><p><iframe src=\"https:\/\/www.youtube.com\/embed\/OTwwkowkMnI\" width=\"560\" height=\"315\" frameborder=\"0\" allowfullscreen=\"allowfullscreen\"><span data-mce-type=\"bookmark\" style=\"display: inline-block; width: 0px; overflow: hidden; line-height: 0;\" class=\"mce_SELRES_start\">\ufeff<\/span><\/iframe><\/p><\/div><\/div><\/div><p><!--FIN BLOQUE DIA --------- --><!--INICIO BLOQUE DIA --------------------------------------------------------------------- --><!--TITULO--><\/p><h2 class=\"timeline__item timeline__item--year\">D\u00cdA DE LA EPIDEMIOLOG\u00cdA PERUANA <small>(Semana de la Epidemiolog\u00eda, Edici\u00f3n 2022)<\/small><\/h2><p><!--CONTENIDO--><\/p><div class=\"timeline__item\"><h3 class=\"timeline__title\"><b>Jueves 22 de setiembre<\/b><\/h3><div class=\"body\"><div class=\"entry-content entry clearfix\"><h4>Palabras de bienvenida:<\/h4><ul><li><b>Dr. Eduardo Ortega Guill\u00e9n<\/b><br \/>Director General &#8211; CDC Per\u00fa<\/li><\/ul><h4>Ponencia:<\/h4><ul><li><i>Tema: Retos para el epidemi\u00f3logo en el Per\u00fa y el mundo <\/i><br \/><b>Dr. Augusto L\u00f3pez<\/b><br \/>M\u00e9dico epidemi\u00f3logo &#8211; CDC Atlanta<\/li><\/ul><p><iframe src=\"https:\/\/www.youtube.com\/embed\/LGoajxS5pwM\" width=\"560\" height=\"315\" frameborder=\"0\" allowfullscreen=\"allowfullscreen\"><\/iframe><\/p><\/div><\/div><\/div><p><!--FIN BLOQUE DIA --------- --><!--INICIO BLOQUE DIA --------------------------------------------------------------------- --><!--TITULO--><\/p><h2 class=\"timeline__item timeline__item--year\">DIRECCI\u00d3N DE ALERTA Y RESPUESTA A BROTES Y OTROS EVISAP <small>(Semana de la Epidemiolog\u00eda, Edici\u00f3n 2022)<\/small><\/h2><p><!--CONTENIDO--><\/p><div class=\"timeline__item\"><h3 class=\"timeline__title\"><b>Viernes 23 de setiembre<\/b><\/h3><div class=\"body\"><div class=\"entry-content entry clearfix\"><h4>Palabras de bienvenida:<\/h4><ul><li><b>MC. Epid. Ana Escudero Quintana<\/b><br \/>Directora Ejecutiva de Respuesta a Brotes y otros EVISAP &#8211; CDC Per\u00fa<\/li><\/ul><h4>Ponencia:<\/h4><ul><li><i>Tema: Estrategias desarrolladas ante la respuesta a brote de viruela del mono <\/i>| <a href=\"https:\/\/www.dge.gob.pe\/portal\/docs\/tools\/semanadelaepi\/2022\/230922\/Presentacion-viruela-simica-RENACE.pdf\" target=\"_blank\" rel=\"noopener noreferrer\"><i class=\"fa fa-file-pdf-o\" style=\"color: red;\" aria-hidden=\"true\"><\/i> Descargar presentaci\u00f3n<\/a><br \/><b>OPS Washington<\/b><\/li><li><i>Tema: Experiencias de los CNE en el contexto de la pandemia<br \/><\/i><b>Ponente internacional Colombia y Chile<\/b><ul><li>Pa\u00eds de Chile | <a href=\"https:\/\/www.dge.gob.pe\/portal\/docs\/tools\/semanadelaepi\/2022\/230922\/CNE-COVID19-Chile.pdf\" target=\"_blank\" rel=\"noopener noreferrer\"><i class=\"fa fa-file-pdf-o\" style=\"color: red;\" aria-hidden=\"true\"><\/i> Descargar presentaci\u00f3n<\/a><\/li><li>Pa\u00eds de Colombia | <a href=\"https:\/\/www.dge.gob.pe\/portal\/docs\/tools\/semanadelaepi\/2022\/230922\/CNE-COVID19-Colombia.pdf\" target=\"_blank\" rel=\"noopener noreferrer\"><i class=\"fa fa-file-pdf-o\" style=\"color: red;\" aria-hidden=\"true\"><\/i> Descargar presentaci\u00f3n<\/a><\/li><\/ul><p>Med. Epid. Kely Meza &#8211; Moderadora<\/p><\/li><li><i>Tema: Mesa Redonda: Capacidad de respuesta frente a Viruela del Mono en las DIRIS de Lima Metropolitana y DIRESA Callao<br \/><\/i><b>Med. Vet. Epid. Oswaldo Cabanillas<\/b><ul><li>Diris Lima Centro | <a href=\"https:\/\/www.dge.gob.pe\/portal\/docs\/tools\/semanadelaepi\/2022\/230922\/VM-DIRISLIMA-CENTRO.pdf\" target=\"_blank\" rel=\"noopener noreferrer\"><i class=\"fa fa-file-pdf-o\" style=\"color: red;\" aria-hidden=\"true\"><\/i> Descargar presentaci\u00f3n<\/a><\/li><li>Diris Lima Este | <a href=\"https:\/\/www.dge.gob.pe\/portal\/docs\/tools\/semanadelaepi\/2022\/230922\/VM-DIRISLIMAESTE.pdf\" target=\"_blank\" rel=\"noopener noreferrer\"><i class=\"fa fa-file-pdf-o\" style=\"color: red;\" aria-hidden=\"true\"><\/i> Descargar presentaci\u00f3n<\/a><\/li><li>Diris Lima Sur | <a href=\"https:\/\/www.dge.gob.pe\/portal\/docs\/tools\/semanadelaepi\/2022\/230922\/VM-DIRISLIMASUR.pdf\" target=\"_blank\" rel=\"noopener noreferrer\"><i class=\"fa fa-file-pdf-o\" style=\"color: red;\" aria-hidden=\"true\"><\/i> Descargar presentaci\u00f3n<\/a><\/li><li>Diresa Callao | <a href=\"https:\/\/www.dge.gob.pe\/portal\/docs\/tools\/semanadelaepi\/2022\/230922\/VM-CALLAO.pdf\" target=\"_blank\" rel=\"noopener noreferrer\"><i class=\"fa fa-file-pdf-o\" style=\"color: red;\" aria-hidden=\"true\"><\/i> Descargar presentaci\u00f3n<\/a><\/li><\/ul><\/li><li><i>Tema: Comunicaci\u00f3n de riesgo en situaci\u00f3n de brotes<\/i> | <a href=\"https:\/\/www.dge.gob.pe\/portal\/docs\/tools\/semanadelaepi\/2022\/230922\/Comunicacion-de-Riesgos-Peru.pdf\" target=\"_blank\" rel=\"noopener noreferrer\"><i class=\"fa fa-file-pdf-o\" style=\"color: red;\" aria-hidden=\"true\"><\/i> Descargar presentaci\u00f3n<\/a><br \/><b>Lic. Patricia Salvad\u00f3<\/b><br \/>Coordinadora del Centro Nacional de Enlace (CNE) de Chile<\/li><li><i>Tema: Mesa redonda: Lecciones aprendidas y desaf\u00edos sobre la respuesta a la COVID-19 en puntos de entrada<br \/><\/i><b>Directores de Epidemiolog\u00eda de las Diresa Tacna, Tumbes y Loreto<\/b><ul><li>Regi\u00f3n Tumbes | <a href=\"https:\/\/www.dge.gob.pe\/portal\/docs\/tools\/semanadelaepi\/2022\/230922\/LECCIONES-APRENDIDAS-TUMBES.pdf\" target=\"_blank\" rel=\"noopener noreferrer\"><i class=\"fa fa-file-pdf-o\" style=\"color: red;\" aria-hidden=\"true\"><\/i> Descargar presentaci\u00f3n<\/a><\/li><li>Regi\u00f3n Loreto | <a href=\"https:\/\/www.dge.gob.pe\/portal\/docs\/tools\/semanadelaepi\/2022\/230922\/LECCIONES-APRENDIDAS-LORETO.pdf\" target=\"_blank\" rel=\"noopener noreferrer\"><i class=\"fa fa-file-pdf-o\" style=\"color: red;\" aria-hidden=\"true\"><\/i> Descargar presentaci\u00f3n<\/a><\/li><\/ul><p>Med. Epid. Kely Meza &#8211; Moderadora<\/p><\/li><li><i>Tema: Experiencias de la vigilancia epidemiol\u00f3gica post desastre<\/i> | <a href=\"https:\/\/www.dge.gob.pe\/portal\/docs\/tools\/semanadelaepi\/2022\/230922\/Post-desastre.pdf\" target=\"_blank\" rel=\"noopener noreferrer\"><i class=\"fa fa-file-pdf-o\" style=\"color: red;\" aria-hidden=\"true\"><\/i> Descargar presentaci\u00f3n<\/a><br \/><b>Med. Epid. Milagros Durand<\/b><\/li><\/ul><p><iframe src=\"https:\/\/www.youtube.com\/embed\/gTdmCdcLfRs\" width=\"560\" height=\"315\" frameborder=\"0\" allowfullscreen=\"allowfullscreen\"><\/iframe><\/p><p><iframe src=\"https:\/\/www.youtube.com\/embed\/Palrq98rdp8\" width=\"560\" height=\"315\" frameborder=\"0\" allowfullscreen=\"allowfullscreen\"><span data-mce-type=\"bookmark\" style=\"display: inline-block; width: 0px; overflow: hidden; line-height: 0;\" class=\"mce_SELRES_start\">\ufeff<\/span><span data-mce-type=\"bookmark\" style=\"display: inline-block; width: 0px; overflow: hidden; line-height: 0;\" class=\"mce_SELRES_start\">\ufeff<\/span><\/iframe><\/p><\/div><\/div><\/div><p><!--FIN BLOQUE DIA --------- --><\/p><\/div><\/div>\t\t\t\t\t\t\t\t<\/div>\n\t\t\t\t<\/div>\n\t\t\t\t\t<\/div>\n\t\t<\/div>\n\t\t\t\t\t<\/div>\n\t\t<\/section>\n\t\t\t\t<\/div>\n\t\t","protected":false},"excerpt":{"rendered":"<p>Semana de la Epidemiolog\u00eda 2022 Clic para abrir el programa digital PANEL INAUGURAL (Semana de la Epidemiolog\u00eda, Edici\u00f3n 2022) Lunes 19 Setiembre Palabras de bienvenida: Dr. Eduardo Ortega Guill\u00e9nDirector General &#8211; CDC Per\u00fa Exposici\u00f3n de logros alcanzados: Dr. C\u00e9sar Munayco EscateDirector Ejecutivo de Vigilancia en Salud P\u00fablica &#8211; CDC Per\u00fa MC. Epid. Omar Napanga Salda\u00f1aDirector [&hellip;]<\/p>\n","protected":false},"author":5,"featured_media":12113,"parent":201,"menu_order":0,"comment_status":"closed","ping_status":"closed","template":"","meta":{"site-sidebar-layout":"no-sidebar","site-content-layout":"page-builder","ast-site-content-layout":"full-width-container","site-content-style":"unboxed","site-sidebar-style":"unboxed","ast-global-header-display":"","ast-banner-title-visibility":"","ast-main-header-display":"","ast-hfb-above-header-display":"","ast-hfb-below-header-display":"","ast-hfb-mobile-header-display":"","site-post-title":"disabled","ast-breadcrumbs-content":"","ast-featured-img":"disabled","footer-sml-layout":"","ast-disable-related-posts":"","theme-transparent-header-meta":"","adv-header-id-meta":"","stick-header-meta":"","header-above-stick-meta":"","header-main-stick-meta":"","header-below-stick-meta":"","astra-migrate-meta-layouts":"set","ast-page-background-enabled":"default","ast-page-background-meta":{"desktop":{"background-color":"var(--ast-global-color-4)","background-image":"","background-repeat":"repeat","background-position":"center center","background-size":"auto","background-attachment":"scroll","background-type":"","background-media":"","overlay-type":"","overlay-color":"","overlay-opacity":"","overlay-gradient":""},"tablet":{"background-color":"","background-image":"","background-repeat":"repeat","background-position":"center center","background-size":"auto","background-attachment":"scroll","background-type":"","background-media":"","overlay-type":"","overlay-color":"","overlay-opacity":"","overlay-gradient":""},"mobile":{"background-color":"","background-image":"","background-repeat":"repeat","background-position":"center center","background-size":"auto","background-attachment":"scroll","background-type":"","background-media":"","overlay-type":"","overlay-color":"","overlay-opacity":"","overlay-gradient":""}},"ast-content-background-meta":{"desktop":{"background-color":"var(--ast-global-color-5)","background-image":"","background-repeat":"repeat","background-position":"center center","background-size":"auto","background-attachment":"scroll","background-type":"","background-media":"","overlay-type":"","overlay-color":"","overlay-opacity":"","overlay-gradient":""},"tablet":{"background-color":"var(--ast-global-color-5)","background-image":"","background-repeat":"repeat","background-position":"center center","background-size":"auto","background-attachment":"scroll","background-type":"","background-media":"","overlay-type":"","overlay-color":"","overlay-opacity":"","overlay-gradient":""},"mobile":{"background-color":"var(--ast-global-color-5)","background-image":"","background-repeat":"repeat","background-position":"center center","background-size":"auto","background-attachment":"scroll","background-type":"","background-media":"","overlay-type":"","overlay-color":"","overlay-opacity":"","overlay-gradient":""}},"footnotes":""},"class_list":["post-12112","page","type-page","status-publish","has-post-thumbnail","hentry"],"_links":{"self":[{"href":"https:\/\/www.dge.gob.pe\/portalnuevo\/wp-json\/wp\/v2\/pages\/12112","targetHints":{"allow":["GET"]}}],"collection":[{"href":"https:\/\/www.dge.gob.pe\/portalnuevo\/wp-json\/wp\/v2\/pages"}],"about":[{"href":"https:\/\/www.dge.gob.pe\/portalnuevo\/wp-json\/wp\/v2\/types\/page"}],"author":[{"embeddable":true,"href":"https:\/\/www.dge.gob.pe\/portalnuevo\/wp-json\/wp\/v2\/users\/5"}],"replies":[{"embeddable":true,"href":"https:\/\/www.dge.gob.pe\/portalnuevo\/wp-json\/wp\/v2\/comments?post=12112"}],"version-history":[{"count":34,"href":"https:\/\/www.dge.gob.pe\/portalnuevo\/wp-json\/wp\/v2\/pages\/12112\/revisions"}],"predecessor-version":[{"id":12155,"href":"https:\/\/www.dge.gob.pe\/portalnuevo\/wp-json\/wp\/v2\/pages\/12112\/revisions\/12155"}],"up":[{"embeddable":true,"href":"https:\/\/www.dge.gob.pe\/portalnuevo\/wp-json\/wp\/v2\/pages\/201"}],"wp:featuredmedia":[{"embeddable":true,"href":"https:\/\/www.dge.gob.pe\/portalnuevo\/wp-json\/wp\/v2\/media\/12113"}],"wp:attachment":[{"href":"https:\/\/www.dge.gob.pe\/portalnuevo\/wp-json\/wp\/v2\/media?parent=12112"}],"curies":[{"name":"wp","href":"https:\/\/api.w.org\/{rel}","templated":true}]}}