{"id":12221,"date":"2023-09-18T12:00:00","date_gmt":"2023-09-18T17:00:00","guid":{"rendered":"https:\/\/www.dge.gob.pe\/portalnuevo\/?page_id=12221"},"modified":"2025-09-12T12:43:48","modified_gmt":"2025-09-12T17:43:48","slug":"semana-de-la-epidemiologia-2023","status":"publish","type":"page","link":"https:\/\/www.dge.gob.pe\/portalnuevo\/nosotros\/semana-de-la-epidemiologia-2023\/","title":{"rendered":"Semana de la Epidemiolog\u00eda 2023"},"content":{"rendered":"\t\t<div data-elementor-type=\"wp-page\" data-elementor-id=\"12221\" class=\"elementor elementor-12221\" data-elementor-post-type=\"page\">\n\t\t\t\t\t\t<section data-particle_enable=\"false\" data-particle-mobile-disabled=\"false\" class=\"elementor-section elementor-top-section elementor-element elementor-element-bffff8f elementor-section-boxed elementor-section-height-default elementor-section-height-default\" data-id=\"bffff8f\" data-element_type=\"section\" data-e-type=\"section\" data-settings=\"{&quot;jet_parallax_layout_list&quot;:[]}\">\n\t\t\t\t\t\t<div class=\"elementor-container elementor-column-gap-default\">\n\t\t\t\t\t<div class=\"elementor-column elementor-col-100 elementor-top-column elementor-element elementor-element-81e183c\" data-id=\"81e183c\" data-element_type=\"column\" data-e-type=\"column\">\n\t\t\t<div class=\"elementor-widget-wrap elementor-element-populated\">\n\t\t\t\t\t\t<div class=\"elementor-element elementor-element-7c1b32f elementor-widget elementor-widget-heading\" data-id=\"7c1b32f\" data-element_type=\"widget\" data-e-type=\"widget\" data-widget_type=\"heading.default\">\n\t\t\t\t<div class=\"elementor-widget-container\">\n\t\t\t\t\t<h1 class=\"elementor-heading-title elementor-size-default\">Semana de la Epidemiolog\u00eda 2023<\/h1>\t\t\t\t<\/div>\n\t\t\t\t<\/div>\n\t\t\t\t<div class=\"elementor-element elementor-element-f6a5292 elementor-widget elementor-widget-text-editor\" data-id=\"f6a5292\" data-element_type=\"widget\" data-e-type=\"widget\" data-widget_type=\"text-editor.default\">\n\t\t\t\t<div class=\"elementor-widget-container\">\n\t\t\t\t\t\t\t\t\t<p><img fetchpriority=\"high\" decoding=\"async\" src=\"https:\/\/www.dge.gob.pe\/portal\/docs\/tools\/semanadelaepi\/2023\/banner-sem-epi-2023.png\" alt=\"\" width=\"3600\" height=\"300\" \/><\/p><div style=\"float: right;\"><h3><strong><a href=\"https:\/\/www.dge.gob.pe\/portal\/docs\/tools\/semanadelaepi\/2023\/programa-sem-epi-2023.pdf\" target=\"_blank\" rel=\"noopener noreferrer\">Clic para abrir el programa digital <i class=\"fa fa-file-pdf-o\" style=\"color: red;\"><\/i><\/a><\/strong><\/h3><\/div><p><style>\n.timeline .timeline__item{border: 2px solid #0057ab; padding: 10px; }<br \/>.timeline .timeline__item.timeline__item--year{background-color: #0057ab; color:#fff;}<br \/>h2.timeline__item.timeline__item--year{margin-top:40px;}<br \/>h2.timeline__item.timeline__item--year small{font-wigth:normal; font-size:14px;}<br \/>h3.timeline__title { color: #0057ab; }<br \/>.timeline__item h4 { color: #0057ab<span data-mce-type=\"bookmark\" style=\"display: inline-block; width: 0px; overflow: hidden; line-height: 0;\" class=\"mce_SELRES_start\">\ufeff<\/span>; }<br \/><\/style><\/p><div class=\"timeline\"><p><!--INICIO BLOQUE DIA --------------------------------------------------------------------- --><br \/><!--TITULO--><\/p><h2 class=\"timeline__item timeline__item--year\">Inauguraci\u00f3n <small>(Semana de la Epidemiolog\u00eda, Edici\u00f3n 2023)<\/small><\/h2><p><!--CONTENIDO--><\/p><div class=\"timeline__item\"><h3 class=\"timeline__title\"><strong>Viernes 15 de septiembre<\/strong><\/h3><div class=\"body\"><div class=\"entry-content entry clearfix\"><ul><li><em>Palabras de bienvenida<br \/><\/em><b>Dr. C\u00e9sar Munayco Escate<\/b><br \/>Director General del CDC Per\u00fa.<\/li><li><em>Palabras de inauguraci\u00f3n por la Semana de la Epidemiolog\u00eda<\/em><br \/><b style=\"font-style: inherit;\">Dr. Ricardo Pe\u00f1a S\u00e1nchez<br \/><\/b>Viceministro de Salud P\u00fablica.<\/li><\/ul><p><iframe src=\"https:\/\/www.youtube.com\/embed\/mQA_IW58ptk\" width=\"560\" height=\"315\" frameborder=\"0\" allowfullscreen=\"allowfullscreen\"><\/iframe><\/p><\/div><\/div><\/div><p><!--FIN BLOQUE DIA --------- --><\/p><p><!--INICIO BLOQUE DIA --------------------------------------------------------------------- --><br \/><!--TITULO--><\/p><h2 class=\"timeline__item timeline__item--year\">Direcci\u00f3n de alerta y respuesta a brotes y otros EVISAP <small>(Semana de la Epidemiolog\u00eda, Edici\u00f3n 2023)<\/small><\/h2><p><!--CONTENIDO--><\/p><div class=\"timeline__item\"><h3 class=\"timeline__title\"><strong>Lunes 18 de septiembre<\/strong><\/h3><div class=\"body\"><div class=\"entry-content entry clearfix\"><h4>Ponencia:<\/h4><ul><li><em>Plan multiamenazas en el sector salud en el marco del Reglamento Sanitario Internacional (RSI)<\/em> | <a href=\"https:\/\/www.dge.gob.pe\/portal\/docs\/tools\/semanadelaepi\/2023\/180923\/01.pdf\" target=\"_blank\" rel=\"noopener noreferrer\"><i class=\"fa fa-file-pdf-o\" style=\"color: red;\" aria-hidden=\"true\"><\/i> Descargar presentaci\u00f3n<\/a><br \/><b>Dr. Manuel Loayza Alarico<\/b><br \/>Punto Focal Emergencias Oficina de la OPS\/OMS en Per\u00fa.<\/li><li><em>Investigaci\u00f3n de brotes con enfoque \u00abUna Salud\u00bb<\/em> | <a href=\"https:\/\/www.dge.gob.pe\/portal\/docs\/tools\/semanadelaepi\/2023\/180923\/02.pdf\" target=\"_blank\" rel=\"noopener noreferrer\"><i class=\"fa fa-file-pdf-o\" style=\"color: red;\" aria-hidden=\"true\"><\/i> Descargar presentaci\u00f3n<\/a><br \/><b>Vanessa Max Kraus<\/b><br \/>Especialista en sanidad animal en la oficina regional de FAO para Am\u00e9rica Latina y El Caribe.<\/li><li><em>Equipos de respuesta r\u00e1pida: experiencias en su implementaci\u00f3n en Colombia<\/em> | <a href=\"https:\/\/www.dge.gob.pe\/portal\/docs\/tools\/semanadelaepi\/2023\/180923\/03.pdf\" target=\"_blank\" rel=\"noopener noreferrer\"><i class=\"fa fa-file-pdf-o\" style=\"color: red;\" aria-hidden=\"true\"><\/i> Descargar presentaci\u00f3n<\/a><br \/><b>Enf. Javier Madero Reales<\/b><br \/>Coordinador (E) Grupo de Gesti\u00f3n del Riesgo y Respuesta Inmediata Instituto Nacional de Salud (INS) &#8211; Colombia.<\/li><\/ul><p><iframe src=\"https:\/\/www.youtube.com\/embed\/SrtGCjdC2ME\" width=\"560\" height=\"315\" frameborder=\"0\" allowfullscreen=\"allowfullscreen\"><\/iframe><\/p><\/div><\/div><\/div><p><!--FIN BLOQUE DIA --------- --><\/p><p><!--INICIO BLOQUE DIA --------------------------------------------------------------------- --><br \/><!--TITULO--><\/p><h2 class=\"timeline__item timeline__item--year\">Direcci\u00f3n de vigilancia de salud p\u00fablica <small>(Semana de la Epidemiolog\u00eda, Edici\u00f3n 2023)<\/small><\/h2><p><!--CONTENIDO--><\/p><div class=\"timeline__item\"><h3 class=\"timeline__title\"><strong>Martes 19 de septiembre<\/strong><\/h3><div class=\"body\"><div class=\"entry-content entry clearfix\"><h4>Ponencia:<\/h4><ul><li><em>Experiencia en la implementaci\u00f3n de la vigilancia integrada con enfoque \u00abUna Salud\u00bb<\/em> | <a href=\"https:\/\/www.dge.gob.pe\/portal\/docs\/tools\/semanadelaepi\/2023\/190923\/01.pdf\" target=\"_blank\" rel=\"noopener noreferrer\"><i class=\"fa fa-file-pdf-o\" style=\"color: red;\" aria-hidden=\"true\"><\/i> Descargar presentaci\u00f3n<\/a><br \/><b>Dr. Iv\u00e1n Vargas Meneses<\/b><br \/>Coordinador de la U.T. Vigilancia Epidemiol\u00f3gica de Zoonosis del CDC Per\u00fa.<\/li><li><em>Aspectos cl\u00ednico epidemiol\u00f3gicos del S\u00edndrome de Guillain-Barr\u00e9<\/em><br \/><b>Dra. Ana Ramos Ttito<\/b><br \/>UPCH.<\/li><li><em>Vigilancia centinela aumentada para arbovirosis: experiencia en Puerto Rico<\/em> | <a href=\"https:\/\/www.dge.gob.pe\/portal\/docs\/tools\/semanadelaepi\/2023\/190923\/03.pdf\" target=\"_blank\" rel=\"noopener noreferrer\"><i class=\"fa fa-file-pdf-o\" style=\"color: red;\" aria-hidden=\"true\"><\/i> Descargar presentaci\u00f3n<\/a><br \/><b>Alfonso C. Hernandez-Romieu<\/b><br \/>CDC Atlanta.<\/li><\/ul><p><iframe src=\"https:\/\/www.youtube.com\/embed\/amG6hI_ADcI\" width=\"560\" height=\"315\" frameborder=\"0\" allowfullscreen=\"allowfullscreen\"><\/iframe><\/p><\/div><\/div><\/div><p><!--FIN BLOQUE DIA --------- --><\/p><p><!--INICIO BLOQUE DIA --------------------------------------------------------------------- --><br \/><!--TITULO--><\/p><h2 class=\"timeline__item timeline__item--year\">Direcci\u00f3n de inteligencia sanitaria <small>(Semana de la Epidemiolog\u00eda, Edici\u00f3n 2023)<\/small><\/h2><p><!--CONTENIDO--><\/p><div class=\"timeline__item\"><h3 class=\"timeline__title\"><strong>Mi\u00e9rcoles 20 de septiembre<\/strong><\/h3><div class=\"body\"><div class=\"entry-content entry clearfix\"><h4>Ponencia:<\/h4><ul><li><em>Presentaci\u00f3n de resultados del ASIS 2021<\/em><br \/><b>Dr. Alfredo Oyola Garcia<\/b><br \/>Coordinador de Unidad de An\u00e1lisis Situaci\u00f3n de Salud, Determinantes Sociales y Desigualdades del CDC Per\u00fa.<\/li><li><em>Investigaciones epidemiol\u00f3gicas en Salud P\u00fablica<\/em><\/li><li><em>Desarrollo de la epidemiolog\u00eda de campo, perspectivas para el pa\u00eds<\/em> | <a href=\"https:\/\/www.dge.gob.pe\/portal\/docs\/tools\/semanadelaepi\/2023\/200923\/03.pdf\" target=\"_blank\" rel=\"noopener noreferrer\"><i class=\"fa fa-file-pdf-o\" style=\"color: red;\" aria-hidden=\"true\"><\/i> Descargar presentaci\u00f3n<\/a><br \/><b>Dr. Augusto L\u00f3pez Rodriguez<\/b><br \/>Centers for Disease Control and Prevention CDC &#8211; FETP.<\/li><li><em>Riesgo atribuible poblacional para enfermedades no transmisibles<\/em><br \/><b>Dra. Brenda Caceres Mejia<\/b><br \/>Miembro de la Unidad de Investigaci\u00f3n y Generaci\u00f3n de Evidencias para el Dise\u00f1o de Pol\u00edticas en Salud P\u00fablica del CDC Per\u00fa.<\/li><\/ul><p><iframe src=\"https:\/\/www.youtube.com\/embed\/talm5GifxqY\" width=\"560\" height=\"315\" frameborder=\"0\" allowfullscreen=\"allowfullscreen\"><\/iframe><\/p><\/div><\/div><\/div><p><!--FIN BLOQUE DIA --------- --><\/p><p><!--INICIO BLOQUE DIA --------------------------------------------------------------------- --><br \/><!--TITULO--><\/p><h2 class=\"timeline__item timeline__item--year\">D\u00eda Central <small>(Semana de la Epidemiolog\u00eda, Edici\u00f3n 2023)<\/small><\/h2><p><!--CONTENIDO--><\/p><div class=\"timeline__item\"><h3 class=\"timeline__title\"><strong>Jueves 21 de septiembre<\/strong><\/h3><div class=\"body\"><div class=\"entry-content entry clearfix\"><h4>Ponencia:<\/h4><ul><li><em>Bienvenida<\/em><br \/><b>Dr. C\u00e9sar Vladimir Munayco Escate<\/b><br \/>Director General del CDC Per\u00fa.<\/li><li><em>Saludo por el d\u00eda de la epidemiolog\u00eda peruana<\/em><br \/><b>Dr. Ricardo Pe\u00f1a S\u00e1nchez<\/b><br \/>Viceministro de Salud P\u00fablica.<\/li><li><em>Premiaci\u00f3n \u00abAmigos del CDC\u00bb<\/em><\/li><li><em>Avances y perspectivas del CDC Per\u00fa<\/em><br \/><b>Dr. C\u00e9sar Vladimir Munayco Escate<\/b><br \/>Director General del CDC Per\u00fa.<\/li><\/ul><p><iframe src=\"https:\/\/www.youtube.com\/embed\/mopiSuZd0dQ\" width=\"560\" height=\"315\" frameborder=\"0\" allowfullscreen=\"allowfullscreen\"><\/iframe><\/p><\/div><\/div><\/div><p><!--FIN BLOQUE DIA --------- --><\/p><p><!--INICIO BLOQUE DIA --------------------------------------------------------------------- --><br \/><!--TITULO--><\/p><h2 class=\"timeline__item timeline__item--year\">Direcci\u00f3n general y Direcci\u00f3n UTIC <small>(Semana de la Epidemiolog\u00eda, Edici\u00f3n 2023)<\/small><\/h2><p><!--CONTENIDO--><\/p><div class=\"timeline__item\"><h3 class=\"timeline__title\"><strong>Viernes 22 de septiembre<\/strong><\/h3><div class=\"body\"><div class=\"entry-content entry clearfix\"><h4>Ponencia:<\/h4><ul><li><em>Rumbo a la interoperabilidad en la vigilancia epidemiol\u00f3gica, experiencias en su implementaci\u00f3n<\/em><br \/><b>Dr. Jose Lionel Medina Osis<\/b><br \/>Jefe de equipo de UTIC del CDC Per\u00fa.<\/li><li><em>Firma Memorando de Entendimiento (MOU) Pure Earth y Vital Strategies<\/em><\/li><li>Gobierno y transformaci\u00f3n digital, oportunidades para la epidemiolog\u00eda peruana<br \/><b>Ing. Darwin Quispe Llancacuro<\/b><br \/>PCM.<\/li><li><em>Estudio de las olas de calor: experiencias en Espa\u00f1a<\/em><br \/><b>Dr. Dante Culqui Levano<\/b><\/li><\/ul><p><iframe src=\"https:\/\/www.youtube.com\/embed\/U7DKtv5Sdvg\" width=\"560\" height=\"315\" frameborder=\"0\" allowfullscreen=\"allowfullscreen\"><\/iframe><\/p><\/div><\/div><\/div><p><!--FIN BLOQUE DIA --------- --><\/p><\/div>\t\t\t\t\t\t\t\t<\/div>\n\t\t\t\t<\/div>\n\t\t\t\t\t<\/div>\n\t\t<\/div>\n\t\t\t\t\t<\/div>\n\t\t<\/section>\n\t\t\t\t<\/div>\n\t\t","protected":false},"excerpt":{"rendered":"<p>Semana de la Epidemiolog\u00eda 2023 Clic para abrir el programa digital Inauguraci\u00f3n (Semana de la Epidemiolog\u00eda, Edici\u00f3n 2023) Viernes 15 de septiembre Palabras de bienvenidaDr. C\u00e9sar Munayco EscateDirector General del CDC Per\u00fa. Palabras de inauguraci\u00f3n por la Semana de la Epidemiolog\u00edaDr. Ricardo Pe\u00f1a S\u00e1nchezViceministro de Salud P\u00fablica. Direcci\u00f3n de alerta y respuesta a brotes y [&hellip;]<\/p>\n","protected":false},"author":5,"featured_media":12222,"parent":201,"menu_order":0,"comment_status":"closed","ping_status":"closed","template":"","meta":{"site-sidebar-layout":"no-sidebar","site-content-layout":"page-builder","ast-site-content-layout":"full-width-container","site-content-style":"unboxed","site-sidebar-style":"unboxed","ast-global-header-display":"","ast-banner-title-visibility":"","ast-main-header-display":"","ast-hfb-above-header-display":"","ast-hfb-below-header-display":"","ast-hfb-mobile-header-display":"","site-post-title":"disabled","ast-breadcrumbs-content":"","ast-featured-img":"disabled","footer-sml-layout":"","ast-disable-related-posts":"","theme-transparent-header-meta":"","adv-header-id-meta":"","stick-header-meta":"","header-above-stick-meta":"","header-main-stick-meta":"","header-below-stick-meta":"","astra-migrate-meta-layouts":"set","ast-page-background-enabled":"default","ast-page-background-meta":{"desktop":{"background-color":"var(--ast-global-color-4)","background-image":"","background-repeat":"repeat","background-position":"center center","background-size":"auto","background-attachment":"scroll","background-type":"","background-media":"","overlay-type":"","overlay-color":"","overlay-opacity":"","overlay-gradient":""},"tablet":{"background-color":"","background-image":"","background-repeat":"repeat","background-position":"center center","background-size":"auto","background-attachment":"scroll","background-type":"","background-media":"","overlay-type":"","overlay-color":"","overlay-opacity":"","overlay-gradient":""},"mobile":{"background-color":"","background-image":"","background-repeat":"repeat","background-position":"center center","background-size":"auto","background-attachment":"scroll","background-type":"","background-media":"","overlay-type":"","overlay-color":"","overlay-opacity":"","overlay-gradient":""}},"ast-content-background-meta":{"desktop":{"background-color":"var(--ast-global-color-5)","background-image":"","background-repeat":"repeat","background-position":"center center","background-size":"auto","background-attachment":"scroll","background-type":"","background-media":"","overlay-type":"","overlay-color":"","overlay-opacity":"","overlay-gradient":""},"tablet":{"background-color":"var(--ast-global-color-5)","background-image":"","background-repeat":"repeat","background-position":"center center","background-size":"auto","background-attachment":"scroll","background-type":"","background-media":"","overlay-type":"","overlay-color":"","overlay-opacity":"","overlay-gradient":""},"mobile":{"background-color":"var(--ast-global-color-5)","background-image":"","background-repeat":"repeat","background-position":"center center","background-size":"auto","background-attachment":"scroll","background-type":"","background-media":"","overlay-type":"","overlay-color":"","overlay-opacity":"","overlay-gradient":""}},"footnotes":""},"class_list":["post-12221","page","type-page","status-publish","has-post-thumbnail","hentry"],"_links":{"self":[{"href":"https:\/\/www.dge.gob.pe\/portalnuevo\/wp-json\/wp\/v2\/pages\/12221","targetHints":{"allow":["GET"]}}],"collection":[{"href":"https:\/\/www.dge.gob.pe\/portalnuevo\/wp-json\/wp\/v2\/pages"}],"about":[{"href":"https:\/\/www.dge.gob.pe\/portalnuevo\/wp-json\/wp\/v2\/types\/page"}],"author":[{"embeddable":true,"href":"https:\/\/www.dge.gob.pe\/portalnuevo\/wp-json\/wp\/v2\/users\/5"}],"replies":[{"embeddable":true,"href":"https:\/\/www.dge.gob.pe\/portalnuevo\/wp-json\/wp\/v2\/comments?post=12221"}],"version-history":[{"count":10,"href":"https:\/\/www.dge.gob.pe\/portalnuevo\/wp-json\/wp\/v2\/pages\/12221\/revisions"}],"predecessor-version":[{"id":12233,"href":"https:\/\/www.dge.gob.pe\/portalnuevo\/wp-json\/wp\/v2\/pages\/12221\/revisions\/12233"}],"up":[{"embeddable":true,"href":"https:\/\/www.dge.gob.pe\/portalnuevo\/wp-json\/wp\/v2\/pages\/201"}],"wp:featuredmedia":[{"embeddable":true,"href":"https:\/\/www.dge.gob.pe\/portalnuevo\/wp-json\/wp\/v2\/media\/12222"}],"wp:attachment":[{"href":"https:\/\/www.dge.gob.pe\/portalnuevo\/wp-json\/wp\/v2\/media?parent=12221"}],"curies":[{"name":"wp","href":"https:\/\/api.w.org\/{rel}","templated":true}]}}