{"id":1265,"date":"2023-12-01T12:33:03","date_gmt":"2023-12-01T17:33:03","guid":{"rendered":"https:\/\/www.dge.gob.pe\/portalnuevo\/?page_id=1265"},"modified":"2026-02-24T17:08:35","modified_gmt":"2026-02-24T22:08:35","slug":"inteligencia-sanitaria","status":"publish","type":"page","link":"https:\/\/www.dge.gob.pe\/portalnuevo\/inteligencia-sanitaria\/","title":{"rendered":"Inteligencia Sanitaria"},"content":{"rendered":"\t\t<div data-elementor-type=\"wp-page\" data-elementor-id=\"1265\" class=\"elementor elementor-1265\" data-elementor-post-type=\"page\">\n\t\t\t\t<div data-particle_enable=\"false\" data-particle-mobile-disabled=\"false\" class=\"elementor-element elementor-element-17056d7 e-flex e-con-boxed e-con e-parent\" data-id=\"17056d7\" data-element_type=\"container\" data-settings=\"{&quot;jet_parallax_layout_list&quot;:[]}\">\n\t\t\t\t\t<div class=\"e-con-inner\">\n\t\t\t\t<div class=\"elementor-element elementor-element-0cb1e0a elementor-widget elementor-widget-image\" data-id=\"0cb1e0a\" data-element_type=\"widget\" data-widget_type=\"image.default\">\n\t\t\t\t<div class=\"elementor-widget-container\">\n\t\t\t\t\t\t\t\t\t\t\t\t\t\t\t<img fetchpriority=\"high\" decoding=\"async\" width=\"2672\" height=\"1500\" src=\"https:\/\/www.dge.gob.pe\/portalnuevo\/wp-content\/uploads\/2025\/03\/DIS.png\" class=\"attachment-full size-full wp-image-8957\" alt=\"\" srcset=\"https:\/\/www.dge.gob.pe\/portalnuevo\/wp-content\/uploads\/2025\/03\/DIS.png 2672w, https:\/\/www.dge.gob.pe\/portalnuevo\/wp-content\/uploads\/2025\/03\/DIS-300x168.png 300w, https:\/\/www.dge.gob.pe\/portalnuevo\/wp-content\/uploads\/2025\/03\/DIS-1024x575.png 1024w, https:\/\/www.dge.gob.pe\/portalnuevo\/wp-content\/uploads\/2025\/03\/DIS-768x431.png 768w, https:\/\/www.dge.gob.pe\/portalnuevo\/wp-content\/uploads\/2025\/03\/DIS-1536x862.png 1536w, https:\/\/www.dge.gob.pe\/portalnuevo\/wp-content\/uploads\/2025\/03\/DIS-2048x1150.png 2048w\" sizes=\"(max-width: 2672px) 100vw, 2672px\" \/>\t\t\t\t\t\t\t\t\t\t\t\t\t\t\t<\/div>\n\t\t\t\t<\/div>\n\t\t\t\t\t<\/div>\n\t\t\t\t<\/div>\n\t\t<div data-particle_enable=\"false\" data-particle-mobile-disabled=\"false\" class=\"elementor-element elementor-element-eabd624 e-flex e-con-boxed e-con e-parent\" data-id=\"eabd624\" data-element_type=\"container\" data-settings=\"{&quot;jet_parallax_layout_list&quot;:[]}\">\n\t\t\t\t\t<div class=\"e-con-inner\">\n\t\t\t\t<div class=\"elementor-element elementor-element-e7fe671 tab-custom-cdc elementor-widget elementor-widget-eael-adv-tabs\" data-id=\"e7fe671\" data-element_type=\"widget\" data-widget_type=\"eael-adv-tabs.default\">\n\t\t\t\t<div class=\"elementor-widget-container\">\n\t\t\t\t\t        <div data-scroll-on-click=\"no\" data-scroll-speed=\"300\" id=\"eael-advance-tabs-e7fe671\" class=\"eael-advance-tabs eael-tabs-vertical eael-tab-auto-active \" data-tabid=\"e7fe671\">\n            <div class=\"eael-tabs-nav \">\n                <ul class=\"\" role=\"tablist\">\n                                            <li id=\"qu-es-inteligencia-sanitaria\" class=\"inactive eael-tab-item-trigger eael-tab-nav-item\" aria-selected=\"true\" data-tab=\"1\" role=\"tab\" tabindex=\"0\" aria-controls=\"qu-es-inteligencia-sanitaria-tab\" aria-expanded=\"false\">\n                            \n                            \n                            \n                                                            <span class=\"eael-tab-title title-after-icon\" >\u00bfQu\u00e9 es inteligencia sanitaria?<\/span>                                                    <\/li>\n                                            <li id=\"unidades-tcnicas\" class=\"inactive eael-tab-item-trigger eael-tab-nav-item\" aria-selected=\"false\" data-tab=\"2\" role=\"tab\" tabindex=\"-1\" aria-controls=\"unidades-tcnicas-tab\" aria-expanded=\"false\">\n                            \n                            \n                            \n                                                            <span class=\"eael-tab-title title-after-icon\" >Unidades T\u00e9cnicas<\/span>                                                    <\/li>\n                    \n                                  <\/ul>\n            <\/div>\n            \n            <div class=\"eael-tabs-content\">\n\t\t        \n                    <div id=\"qu-es-inteligencia-sanitaria-tab\" class=\"clearfix eael-tab-content-item inactive\" data-title-link=\"qu-es-inteligencia-sanitaria-tab\">\n\t\t\t\t        <h2>\u00bfQu\u00e9 es inteligencia sanitaria?<\/h2><p>La necesidad de proponer y evaluar las pol\u00edticas p\u00fablicas a fin de lograr cambios en beneficio de la poblaci\u00f3n, hace que surja la inteligencia sanitaria como escenario de acci\u00f3n estrat\u00e9gica, encargada de articular elementos utilizando las diversas fuentes de informaci\u00f3n para la planificaci\u00f3n estrat\u00e9gica, t\u00e1ctica y operativa, en la prevenci\u00f3n y control de emergencias y desastres, as\u00ed como la gesti\u00f3n y administraci\u00f3n de sistemas y servicios de salud.<\/p><p>La Direcci\u00f3n de Inteligencia Sanitaria es la unidad de l\u00ednea del CDC, dependiente de la Direcci\u00f3n General, responsable de generar, analizar y difundir informaci\u00f3n estrat\u00e9gica para orientar la toma de decisiones en salud p\u00fablica, mediante el an\u00e1lisis de la situaci\u00f3n de salud, determinantes sociales en salud y desigualdades en salud, de monitorear y evaluar las intervenciones en salud p\u00fablica, el desarrollo de investigaciones epidemiol\u00f3gicas aplicadas y el fortalecimiento de capacidades de los recursos humanos en epidemiolog\u00eda.<\/p>                    <\/div>\n\t\t        \n                    <div id=\"unidades-tcnicas-tab\" class=\"clearfix eael-tab-content-item inactive\" data-title-link=\"unidades-tcnicas-tab\">\n\t\t\t\t        <table width=\"514\"><tbody><tr><td width=\"514\"><a href=\"https:\/\/www.dge.gob.pe\/portalnuevo\/inteligencia-sanitaria\/analisis-de-situacion-de-salud-asis\/analisis-de-situacion-de-salud-asis\/\">An\u00e1lisis de Situaci\u00f3n de Salud, Determinantes Sociales y Desigualdades<\/a><\/td><\/tr><tr><td><a href=\"https:\/\/www.dge.gob.pe\/portalnuevo\/inteligencia-sanitaria\/investigacion-monitoreo-y-evaluacion\/investigacion-epidemiologica\/\">Investigaci\u00f3n y Evaluaci\u00f3n<\/a><\/td><\/tr><tr><td><a href=\"https:\/\/www.dge.gob.pe\/portalnuevo\/inteligencia-sanitaria\/capacitacion-programa-de-enfermedades-en-epidemiologia-de-campo\/cursos-y-capacitaciones\/\">Capacitaci\u00f3n. Programa de Entrenamiento en Epidemiolog\u00eda de Campo (FETP)<\/a><\/td><\/tr><\/tbody><\/table>                    <\/div>\n\t\t                    <\/div>\n        <\/div>\n\t\t\t\t<\/div>\n\t\t\t\t<\/div>\n\t\t\t\t\t<\/div>\n\t\t\t\t<\/div>\n\t\t\t\t<\/div>\n\t\t","protected":false},"excerpt":{"rendered":"<p>\u00bfQu\u00e9 es inteligencia sanitaria? Unidades T\u00e9cnicas \u00bfQu\u00e9 es inteligencia sanitaria? La necesidad de proponer y evaluar las pol\u00edticas p\u00fablicas a fin de lograr cambios en beneficio de la poblaci\u00f3n, hace que surja la inteligencia sanitaria como escenario de acci\u00f3n estrat\u00e9gica, encargada de articular elementos utilizando las diversas fuentes de informaci\u00f3n para la planificaci\u00f3n estrat\u00e9gica, t\u00e1ctica [&hellip;]<\/p>\n","protected":false},"author":1,"featured_media":0,"parent":0,"menu_order":0,"comment_status":"closed","ping_status":"closed","template":"","meta":{"site-sidebar-layout":"default","site-content-layout":"","ast-site-content-layout":"default","site-content-style":"default","site-sidebar-style":"default","ast-global-header-display":"","ast-banner-title-visibility":"","ast-main-header-display":"","ast-hfb-above-header-display":"","ast-hfb-below-header-display":"","ast-hfb-mobile-header-display":"","site-post-title":"","ast-breadcrumbs-content":"","ast-featured-img":"","footer-sml-layout":"","ast-disable-related-posts":"","theme-transparent-header-meta":"","adv-header-id-meta":"","stick-header-meta":"","header-above-stick-meta":"","header-main-stick-meta":"","header-below-stick-meta":"","astra-migrate-meta-layouts":"default","ast-page-background-enabled":"default","ast-page-background-meta":{"desktop":{"background-color":"var(--ast-global-color-4)","background-image":"","background-repeat":"repeat","background-position":"center center","background-size":"auto","background-attachment":"scroll","background-type":"","background-media":"","overlay-type":"","overlay-color":"","overlay-opacity":"","overlay-gradient":""},"tablet":{"background-color":"","background-image":"","background-repeat":"repeat","background-position":"center center","background-size":"auto","background-attachment":"scroll","background-type":"","background-media":"","overlay-type":"","overlay-color":"","overlay-opacity":"","overlay-gradient":""},"mobile":{"background-color":"","background-image":"","background-repeat":"repeat","background-position":"center center","background-size":"auto","background-attachment":"scroll","background-type":"","background-media":"","overlay-type":"","overlay-color":"","overlay-opacity":"","overlay-gradient":""}},"ast-content-background-meta":{"desktop":{"background-color":"var(--ast-global-color-5)","background-image":"","background-repeat":"repeat","background-position":"center center","background-size":"auto","background-attachment":"scroll","background-type":"","background-media":"","overlay-type":"","overlay-color":"","overlay-opacity":"","overlay-gradient":""},"tablet":{"background-color":"var(--ast-global-color-5)","background-image":"","background-repeat":"repeat","background-position":"center center","background-size":"auto","background-attachment":"scroll","background-type":"","background-media":"","overlay-type":"","overlay-color":"","overlay-opacity":"","overlay-gradient":""},"mobile":{"background-color":"var(--ast-global-color-5)","background-image":"","background-repeat":"repeat","background-position":"center center","background-size":"auto","background-attachment":"scroll","background-type":"","background-media":"","overlay-type":"","overlay-color":"","overlay-opacity":"","overlay-gradient":""}},"footnotes":""},"class_list":["post-1265","page","type-page","status-publish","hentry"],"yoast_head":"<!-- This site is optimized with the Yoast SEO Premium plugin v26.6 (Yoast SEO v26.7) - https:\/\/yoast.com\/wordpress\/plugins\/seo\/ -->\n<title>Inteligencia Sanitaria - Centro Nacional de Epidemiolog\u00eda Prevenci\u00f3n y Control de Enfermedades<\/title>\n<meta name=\"robots\" content=\"index, follow, max-snippet:-1, max-image-preview:large, max-video-preview:-1\" \/>\n<link rel=\"canonical\" href=\"https:\/\/www.dge.gob.pe\/portalnuevo\/inteligencia-sanitaria\/\" \/>\n<meta property=\"og:locale\" content=\"es_ES\" \/>\n<meta property=\"og:type\" content=\"article\" \/>\n<meta property=\"og:title\" content=\"Inteligencia Sanitaria\" \/>\n<meta property=\"og:description\" content=\"\u00bfQu\u00e9 es inteligencia sanitaria? Unidades T\u00e9cnicas \u00bfQu\u00e9 es inteligencia sanitaria? La necesidad de proponer y evaluar las pol\u00edticas p\u00fablicas a fin de lograr cambios en beneficio de la poblaci\u00f3n, hace que surja la inteligencia sanitaria como escenario de acci\u00f3n estrat\u00e9gica, encargada de articular elementos utilizando las diversas fuentes de informaci\u00f3n para la planificaci\u00f3n estrat\u00e9gica, t\u00e1ctica [&hellip;]\" \/>\n<meta property=\"og:url\" content=\"https:\/\/www.dge.gob.pe\/portalnuevo\/inteligencia-sanitaria\/\" \/>\n<meta property=\"og:site_name\" content=\"Centro Nacional de Epidemiolog\u00eda Prevenci\u00f3n y Control de Enfermedades\" \/>\n<meta property=\"article:publisher\" content=\"https:\/\/www.facebook.com\/cdcperuminsa\" \/>\n<meta property=\"article:modified_time\" content=\"2026-02-24T22:08:35+00:00\" \/>\n<meta property=\"og:image\" content=\"https:\/\/www.dge.gob.pe\/portalnuevo\/wp-content\/uploads\/2025\/03\/DIS-1024x575.png\" \/>\n\t<meta property=\"og:image:width\" content=\"1024\" \/>\n\t<meta property=\"og:image:height\" content=\"575\" \/>\n\t<meta property=\"og:image:type\" content=\"image\/png\" \/>\n<meta name=\"twitter:card\" content=\"summary_large_image\" \/>\n<meta name=\"twitter:site\" content=\"@cdc_peru\" \/>\n<meta name=\"twitter:label1\" content=\"Est. reading time\" \/>\n\t<meta name=\"twitter:data1\" content=\"2 minutos\" \/>\n<script type=\"application\/ld+json\" class=\"yoast-schema-graph\">{\"@context\":\"https:\/\/schema.org\",\"@graph\":[{\"@type\":\"WebPage\",\"@id\":\"https:\/\/www.dge.gob.pe\/portalnuevo\/inteligencia-sanitaria\/\",\"url\":\"https:\/\/www.dge.gob.pe\/portalnuevo\/inteligencia-sanitaria\/\",\"name\":\"Inteligencia Sanitaria - Centro Nacional de Epidemiolog\u00eda Prevenci\u00f3n y Control de Enfermedades\",\"isPartOf\":{\"@id\":\"https:\/\/www.dge.gob.pe\/portalnuevo\/#website\"},\"primaryImageOfPage\":{\"@id\":\"https:\/\/www.dge.gob.pe\/portalnuevo\/inteligencia-sanitaria\/#primaryimage\"},\"image\":{\"@id\":\"https:\/\/www.dge.gob.pe\/portalnuevo\/inteligencia-sanitaria\/#primaryimage\"},\"thumbnailUrl\":\"https:\/\/www.dge.gob.pe\/portalnuevo\/wp-content\/uploads\/2025\/03\/DIS.png\",\"datePublished\":\"2023-12-01T17:33:03+00:00\",\"dateModified\":\"2026-02-24T22:08:35+00:00\",\"breadcrumb\":{\"@id\":\"https:\/\/www.dge.gob.pe\/portalnuevo\/inteligencia-sanitaria\/#breadcrumb\"},\"inLanguage\":\"es-PE\",\"potentialAction\":[{\"@type\":\"ReadAction\",\"target\":[\"https:\/\/www.dge.gob.pe\/portalnuevo\/inteligencia-sanitaria\/\"]}]},{\"@type\":\"ImageObject\",\"inLanguage\":\"es-PE\",\"@id\":\"https:\/\/www.dge.gob.pe\/portalnuevo\/inteligencia-sanitaria\/#primaryimage\",\"url\":\"https:\/\/www.dge.gob.pe\/portalnuevo\/wp-content\/uploads\/2025\/03\/DIS.png\",\"contentUrl\":\"https:\/\/www.dge.gob.pe\/portalnuevo\/wp-content\/uploads\/2025\/03\/DIS.png\",\"width\":2672,\"height\":1500},{\"@type\":\"BreadcrumbList\",\"@id\":\"https:\/\/www.dge.gob.pe\/portalnuevo\/inteligencia-sanitaria\/#breadcrumb\",\"itemListElement\":[{\"@type\":\"ListItem\",\"position\":1,\"name\":\"Portada\",\"item\":\"https:\/\/www.dge.gob.pe\/portalnuevo\/\"},{\"@type\":\"ListItem\",\"position\":2,\"name\":\"Inteligencia Sanitaria\"}]},{\"@type\":\"WebSite\",\"@id\":\"https:\/\/www.dge.gob.pe\/portalnuevo\/#website\",\"url\":\"https:\/\/www.dge.gob.pe\/portalnuevo\/\",\"name\":\"Centro Nacional de Epidemiolog\u00eda Prevenci\u00f3n y Control de Enfermedades\",\"description\":\"\",\"publisher\":{\"@id\":\"https:\/\/www.dge.gob.pe\/portalnuevo\/#organization\"},\"potentialAction\":[{\"@type\":\"SearchAction\",\"target\":{\"@type\":\"EntryPoint\",\"urlTemplate\":\"https:\/\/www.dge.gob.pe\/portalnuevo\/?s={search_term_string}\"},\"query-input\":{\"@type\":\"PropertyValueSpecification\",\"valueRequired\":true,\"valueName\":\"search_term_string\"}}],\"inLanguage\":\"es-PE\"},{\"@type\":\"Organization\",\"@id\":\"https:\/\/www.dge.gob.pe\/portalnuevo\/#organization\",\"name\":\"Centro Nacional de Epidemiolog\u00eda Prevenci\u00f3n y Control de Enfermedades\",\"url\":\"https:\/\/www.dge.gob.pe\/portalnuevo\/\",\"logo\":{\"@type\":\"ImageObject\",\"inLanguage\":\"es-PE\",\"@id\":\"https:\/\/www.dge.gob.pe\/portalnuevo\/#\/schema\/logo\/image\/\",\"url\":\"https:\/\/www.dge.gob.pe\/portalnuevo\/wp-content\/uploads\/2023\/03\/logo_cdc.jpeg\",\"contentUrl\":\"https:\/\/www.dge.gob.pe\/portalnuevo\/wp-content\/uploads\/2023\/03\/logo_cdc.jpeg\",\"width\":1280,\"height\":127,\"caption\":\"Centro Nacional de Epidemiolog\u00eda Prevenci\u00f3n y Control de Enfermedades\"},\"image\":{\"@id\":\"https:\/\/www.dge.gob.pe\/portalnuevo\/#\/schema\/logo\/image\/\"},\"sameAs\":[\"https:\/\/www.facebook.com\/cdcperuminsa\",\"https:\/\/x.com\/cdc_peru\",\"https:\/\/www.youtube.com\/cdcperu\"]}]}<\/script>\n<!-- \/ Yoast SEO Premium plugin. -->","yoast_head_json":{"title":"Inteligencia Sanitaria - Centro Nacional de Epidemiolog\u00eda Prevenci\u00f3n y Control de Enfermedades","robots":{"index":"index","follow":"follow","max-snippet":"max-snippet:-1","max-image-preview":"max-image-preview:large","max-video-preview":"max-video-preview:-1"},"canonical":"https:\/\/www.dge.gob.pe\/portalnuevo\/inteligencia-sanitaria\/","og_locale":"es_ES","og_type":"article","og_title":"Inteligencia Sanitaria","og_description":"\u00bfQu\u00e9 es inteligencia sanitaria? Unidades T\u00e9cnicas \u00bfQu\u00e9 es inteligencia sanitaria? La necesidad de proponer y evaluar las pol\u00edticas p\u00fablicas a fin de lograr cambios en beneficio de la poblaci\u00f3n, hace que surja la inteligencia sanitaria como escenario de acci\u00f3n estrat\u00e9gica, encargada de articular elementos utilizando las diversas fuentes de informaci\u00f3n para la planificaci\u00f3n estrat\u00e9gica, t\u00e1ctica [&hellip;]","og_url":"https:\/\/www.dge.gob.pe\/portalnuevo\/inteligencia-sanitaria\/","og_site_name":"Centro Nacional de Epidemiolog\u00eda Prevenci\u00f3n y Control de Enfermedades","article_publisher":"https:\/\/www.facebook.com\/cdcperuminsa","article_modified_time":"2026-02-24T22:08:35+00:00","og_image":[{"width":1024,"height":575,"url":"https:\/\/www.dge.gob.pe\/portalnuevo\/wp-content\/uploads\/2025\/03\/DIS-1024x575.png","type":"image\/png"}],"twitter_card":"summary_large_image","twitter_site":"@cdc_peru","twitter_misc":{"Est. reading time":"2 minutos"},"schema":{"@context":"https:\/\/schema.org","@graph":[{"@type":"WebPage","@id":"https:\/\/www.dge.gob.pe\/portalnuevo\/inteligencia-sanitaria\/","url":"https:\/\/www.dge.gob.pe\/portalnuevo\/inteligencia-sanitaria\/","name":"Inteligencia Sanitaria - Centro Nacional de Epidemiolog\u00eda Prevenci\u00f3n y Control de Enfermedades","isPartOf":{"@id":"https:\/\/www.dge.gob.pe\/portalnuevo\/#website"},"primaryImageOfPage":{"@id":"https:\/\/www.dge.gob.pe\/portalnuevo\/inteligencia-sanitaria\/#primaryimage"},"image":{"@id":"https:\/\/www.dge.gob.pe\/portalnuevo\/inteligencia-sanitaria\/#primaryimage"},"thumbnailUrl":"https:\/\/www.dge.gob.pe\/portalnuevo\/wp-content\/uploads\/2025\/03\/DIS.png","datePublished":"2023-12-01T17:33:03+00:00","dateModified":"2026-02-24T22:08:35+00:00","breadcrumb":{"@id":"https:\/\/www.dge.gob.pe\/portalnuevo\/inteligencia-sanitaria\/#breadcrumb"},"inLanguage":"es-PE","potentialAction":[{"@type":"ReadAction","target":["https:\/\/www.dge.gob.pe\/portalnuevo\/inteligencia-sanitaria\/"]}]},{"@type":"ImageObject","inLanguage":"es-PE","@id":"https:\/\/www.dge.gob.pe\/portalnuevo\/inteligencia-sanitaria\/#primaryimage","url":"https:\/\/www.dge.gob.pe\/portalnuevo\/wp-content\/uploads\/2025\/03\/DIS.png","contentUrl":"https:\/\/www.dge.gob.pe\/portalnuevo\/wp-content\/uploads\/2025\/03\/DIS.png","width":2672,"height":1500},{"@type":"BreadcrumbList","@id":"https:\/\/www.dge.gob.pe\/portalnuevo\/inteligencia-sanitaria\/#breadcrumb","itemListElement":[{"@type":"ListItem","position":1,"name":"Portada","item":"https:\/\/www.dge.gob.pe\/portalnuevo\/"},{"@type":"ListItem","position":2,"name":"Inteligencia Sanitaria"}]},{"@type":"WebSite","@id":"https:\/\/www.dge.gob.pe\/portalnuevo\/#website","url":"https:\/\/www.dge.gob.pe\/portalnuevo\/","name":"Centro Nacional de Epidemiolog\u00eda Prevenci\u00f3n y Control de Enfermedades","description":"","publisher":{"@id":"https:\/\/www.dge.gob.pe\/portalnuevo\/#organization"},"potentialAction":[{"@type":"SearchAction","target":{"@type":"EntryPoint","urlTemplate":"https:\/\/www.dge.gob.pe\/portalnuevo\/?s={search_term_string}"},"query-input":{"@type":"PropertyValueSpecification","valueRequired":true,"valueName":"search_term_string"}}],"inLanguage":"es-PE"},{"@type":"Organization","@id":"https:\/\/www.dge.gob.pe\/portalnuevo\/#organization","name":"Centro Nacional de Epidemiolog\u00eda Prevenci\u00f3n y Control de Enfermedades","url":"https:\/\/www.dge.gob.pe\/portalnuevo\/","logo":{"@type":"ImageObject","inLanguage":"es-PE","@id":"https:\/\/www.dge.gob.pe\/portalnuevo\/#\/schema\/logo\/image\/","url":"https:\/\/www.dge.gob.pe\/portalnuevo\/wp-content\/uploads\/2023\/03\/logo_cdc.jpeg","contentUrl":"https:\/\/www.dge.gob.pe\/portalnuevo\/wp-content\/uploads\/2023\/03\/logo_cdc.jpeg","width":1280,"height":127,"caption":"Centro Nacional de Epidemiolog\u00eda Prevenci\u00f3n y Control de Enfermedades"},"image":{"@id":"https:\/\/www.dge.gob.pe\/portalnuevo\/#\/schema\/logo\/image\/"},"sameAs":["https:\/\/www.facebook.com\/cdcperuminsa","https:\/\/x.com\/cdc_peru","https:\/\/www.youtube.com\/cdcperu"]}]}},"_links":{"self":[{"href":"https:\/\/www.dge.gob.pe\/portalnuevo\/wp-json\/wp\/v2\/pages\/1265","targetHints":{"allow":["GET"]}}],"collection":[{"href":"https:\/\/www.dge.gob.pe\/portalnuevo\/wp-json\/wp\/v2\/pages"}],"about":[{"href":"https:\/\/www.dge.gob.pe\/portalnuevo\/wp-json\/wp\/v2\/types\/page"}],"author":[{"embeddable":true,"href":"https:\/\/www.dge.gob.pe\/portalnuevo\/wp-json\/wp\/v2\/users\/1"}],"replies":[{"embeddable":true,"href":"https:\/\/www.dge.gob.pe\/portalnuevo\/wp-json\/wp\/v2\/comments?post=1265"}],"version-history":[{"count":100,"href":"https:\/\/www.dge.gob.pe\/portalnuevo\/wp-json\/wp\/v2\/pages\/1265\/revisions"}],"predecessor-version":[{"id":13488,"href":"https:\/\/www.dge.gob.pe\/portalnuevo\/wp-json\/wp\/v2\/pages\/1265\/revisions\/13488"}],"wp:attachment":[{"href":"https:\/\/www.dge.gob.pe\/portalnuevo\/wp-json\/wp\/v2\/media?parent=1265"}],"curies":[{"name":"wp","href":"https:\/\/api.w.org\/{rel}","templated":true}]}}