{"id":1280,"date":"2023-12-01T12:45:18","date_gmt":"2023-12-01T17:45:18","guid":{"rendered":"https:\/\/www.dge.gob.pe\/portalnuevo\/?page_id=1280"},"modified":"2026-03-04T10:23:29","modified_gmt":"2026-03-04T15:23:29","slug":"alerta-respuesta","status":"publish","type":"page","link":"https:\/\/www.dge.gob.pe\/portalnuevo\/alerta-respuesta\/","title":{"rendered":"Alerta \u2013 Respuesta"},"content":{"rendered":"\t\t<div data-elementor-type=\"wp-page\" data-elementor-id=\"1280\" class=\"elementor elementor-1280\" data-elementor-post-type=\"page\">\n\t\t\t\t<div data-particle_enable=\"false\" data-particle-mobile-disabled=\"false\" class=\"elementor-element elementor-element-312335d e-flex e-con-boxed e-con e-parent\" data-id=\"312335d\" data-element_type=\"container\" data-settings=\"{&quot;jet_parallax_layout_list&quot;:[]}\">\n\t\t\t\t\t<div class=\"e-con-inner\">\n\t\t\t\t<div class=\"elementor-element elementor-element-e8fd28d elementor-widget elementor-widget-image\" data-id=\"e8fd28d\" data-element_type=\"widget\" data-widget_type=\"image.default\">\n\t\t\t\t<div class=\"elementor-widget-container\">\n\t\t\t\t\t\t\t\t\t\t\t\t\t\t\t<img fetchpriority=\"high\" decoding=\"async\" width=\"1798\" height=\"862\" src=\"https:\/\/www.dge.gob.pe\/portalnuevo\/wp-content\/uploads\/2026\/03\/ALERTA-RESPUESTA-1798x862-OK.jpg-1.jpeg\" class=\"attachment-full size-full wp-image-13613\" alt=\"\" srcset=\"https:\/\/www.dge.gob.pe\/portalnuevo\/wp-content\/uploads\/2026\/03\/ALERTA-RESPUESTA-1798x862-OK.jpg-1.jpeg 1798w, https:\/\/www.dge.gob.pe\/portalnuevo\/wp-content\/uploads\/2026\/03\/ALERTA-RESPUESTA-1798x862-OK.jpg-1-300x144.jpeg 300w, https:\/\/www.dge.gob.pe\/portalnuevo\/wp-content\/uploads\/2026\/03\/ALERTA-RESPUESTA-1798x862-OK.jpg-1-1024x491.jpeg 1024w, https:\/\/www.dge.gob.pe\/portalnuevo\/wp-content\/uploads\/2026\/03\/ALERTA-RESPUESTA-1798x862-OK.jpg-1-768x368.jpeg 768w, https:\/\/www.dge.gob.pe\/portalnuevo\/wp-content\/uploads\/2026\/03\/ALERTA-RESPUESTA-1798x862-OK.jpg-1-1536x736.jpeg 1536w\" sizes=\"(max-width: 1798px) 100vw, 1798px\" \/>\t\t\t\t\t\t\t\t\t\t\t\t\t\t\t<\/div>\n\t\t\t\t<\/div>\n\t\t\t\t<div class=\"elementor-element elementor-element-2dea9be tab-custom-cdc elementor-widget elementor-widget-eael-adv-tabs\" data-id=\"2dea9be\" data-element_type=\"widget\" data-widget_type=\"eael-adv-tabs.default\">\n\t\t\t\t<div class=\"elementor-widget-container\">\n\t\t\t\t\t        <div data-scroll-on-click=\"no\" data-scroll-speed=\"300\" id=\"eael-advance-tabs-2dea9be\" class=\"eael-advance-tabs eael-tabs-vertical eael-tab-auto-active \" data-tabid=\"2dea9be\">\n            <div class=\"eael-tabs-nav \">\n                <ul class=\"\" role=\"tablist\">\n                                            <li id=\"qu-es\" class=\"inactive eael-tab-item-trigger eael-tab-nav-item\" aria-selected=\"true\" data-tab=\"1\" role=\"tab\" tabindex=\"0\" aria-controls=\"qu-es-tab\" aria-expanded=\"false\">\n                            \n                            \n                            \n                                                            <span class=\"eael-tab-title title-after-icon\" >\u00bfQu\u00e9 es?<\/span>                                                    <\/li>\n                                            <li id=\"unidades-tcnicas\" class=\"inactive eael-tab-item-trigger eael-tab-nav-item\" aria-selected=\"false\" data-tab=\"2\" role=\"tab\" tabindex=\"-1\" aria-controls=\"unidades-tcnicas-tab\" aria-expanded=\"false\">\n                            \n                            \n                            \n                                                            <span class=\"eael-tab-title title-after-icon\" >Unidades T\u00e9cnicas<\/span>                                                    <\/li>\n                    \n                                  <\/ul>\n            <\/div>\n            \n            <div class=\"eael-tabs-content\">\n\t\t        \n                    <div id=\"qu-es-tab\" class=\"clearfix eael-tab-content-item inactive\" data-title-link=\"qu-es-tab\">\n\t\t\t\t        <h2>\u00bfQu\u00e9 es Alerta \u2013 Respuesta?<\/h2><p>Se define como el conjunto de acciones sistem\u00e1ticas, oportunas y coordinadas que se implementan para detectar, investigar, evaluar, controlar y mitigar el impacto de cualquier ocurrencia inusual de enfermedades y otros eventos sujetos a notificaci\u00f3n obligatoria en el pa\u00eds que representen una amenaza para la salud p\u00fablica de la poblaci\u00f3n.<\/p><p>La Direcci\u00f3n de Alerta &#8211; Respuesta es la unidad de l\u00ednea del CDC, dependiente de la Direcci\u00f3n General, responsable de gestionar los procesos t\u00e9cnicos y operativos relacionados a la inteligencia epid\u00e9mica y evaluaci\u00f3n de riesgos, as\u00ed como de preparar y coordinar las acciones de respuesta frente a brotes, epidemias, pandemias u otros Eventos de Importancia para la Salud P\u00fablica (EVISAP).<\/p>                    <\/div>\n\t\t        \n                    <div id=\"unidades-tcnicas-tab\" class=\"clearfix eael-tab-content-item inactive\" data-title-link=\"unidades-tcnicas-tab\">\n\t\t\t\t        <table width=\"828\"><tbody><tr><td width=\"828\"><a href=\"https:\/\/www.dge.gob.pe\/portalnuevo\/alerta-respuesta-y-salud-global\/inteligencia-epidemica\/\">Inteligencia Epid\u00e9mica<\/a><\/td><\/tr><tr><td width=\"828\"><a href=\"https:\/\/www.dge.gob.pe\/portalnuevo\/alerta-respuesta-y-salud-global\/capacidad-de-respuesta\/\">Capacidad de Respuesta<\/a><\/td><\/tr><tr><td width=\"828\"><a href=\"https:\/\/www.dge.gob.pe\/portalnuevo\/alerta-respuesta-y-salud-global\/unidad-de-gestion-de-equipos-de-respuesta-rapida\/\">Gesti\u00f3n de Equipos de Respuesta R\u00e1pida<\/a><\/td><\/tr><\/tbody><\/table>                    <\/div>\n\t\t                    <\/div>\n        <\/div>\n\t\t\t\t<\/div>\n\t\t\t\t<\/div>\n\t\t\t\t\t<\/div>\n\t\t\t\t<\/div>\n\t\t\t\t<\/div>\n\t\t","protected":false},"excerpt":{"rendered":"<p>\u00bfQu\u00e9 es? Unidades T\u00e9cnicas \u00bfQu\u00e9 es Alerta \u2013 Respuesta? Se define como el conjunto de acciones sistem\u00e1ticas, oportunas y coordinadas que se implementan para detectar, investigar, evaluar, controlar y mitigar el impacto de cualquier ocurrencia inusual de enfermedades y otros eventos sujetos a notificaci\u00f3n obligatoria en el pa\u00eds que representen una amenaza para la salud [&hellip;]<\/p>\n","protected":false},"author":1,"featured_media":0,"parent":0,"menu_order":0,"comment_status":"closed","ping_status":"closed","template":"","meta":{"site-sidebar-layout":"default","site-content-layout":"","ast-site-content-layout":"default","site-content-style":"default","site-sidebar-style":"default","ast-global-header-display":"","ast-banner-title-visibility":"","ast-main-header-display":"","ast-hfb-above-header-display":"","ast-hfb-below-header-display":"","ast-hfb-mobile-header-display":"","site-post-title":"","ast-breadcrumbs-content":"","ast-featured-img":"","footer-sml-layout":"","ast-disable-related-posts":"","theme-transparent-header-meta":"","adv-header-id-meta":"","stick-header-meta":"","header-above-stick-meta":"","header-main-stick-meta":"","header-below-stick-meta":"","astra-migrate-meta-layouts":"set","ast-page-background-enabled":"default","ast-page-background-meta":{"desktop":{"background-color":"var(--ast-global-color-4)","background-image":"","background-repeat":"repeat","background-position":"center center","background-size":"auto","background-attachment":"scroll","background-type":"","background-media":"","overlay-type":"","overlay-color":"","overlay-opacity":"","overlay-gradient":""},"tablet":{"background-color":"","background-image":"","background-repeat":"repeat","background-position":"center center","background-size":"auto","background-attachment":"scroll","background-type":"","background-media":"","overlay-type":"","overlay-color":"","overlay-opacity":"","overlay-gradient":""},"mobile":{"background-color":"","background-image":"","background-repeat":"repeat","background-position":"center center","background-size":"auto","background-attachment":"scroll","background-type":"","background-media":"","overlay-type":"","overlay-color":"","overlay-opacity":"","overlay-gradient":""}},"ast-content-background-meta":{"desktop":{"background-color":"var(--ast-global-color-5)","background-image":"","background-repeat":"repeat","background-position":"center center","background-size":"auto","background-attachment":"scroll","background-type":"","background-media":"","overlay-type":"","overlay-color":"","overlay-opacity":"","overlay-gradient":""},"tablet":{"background-color":"var(--ast-global-color-5)","background-image":"","background-repeat":"repeat","background-position":"center center","background-size":"auto","background-attachment":"scroll","background-type":"","background-media":"","overlay-type":"","overlay-color":"","overlay-opacity":"","overlay-gradient":""},"mobile":{"background-color":"var(--ast-global-color-5)","background-image":"","background-repeat":"repeat","background-position":"center center","background-size":"auto","background-attachment":"scroll","background-type":"","background-media":"","overlay-type":"","overlay-color":"","overlay-opacity":"","overlay-gradient":""}},"footnotes":""},"class_list":["post-1280","page","type-page","status-publish","hentry"],"yoast_head":"<!-- This site is optimized with the Yoast SEO Premium plugin v26.6 (Yoast SEO v26.7) - https:\/\/yoast.com\/wordpress\/plugins\/seo\/ -->\n<title>Alerta \u2013 Respuesta - Centro Nacional de Epidemiolog\u00eda Prevenci\u00f3n y Control de Enfermedades<\/title>\n<meta name=\"robots\" content=\"index, follow, max-snippet:-1, max-image-preview:large, max-video-preview:-1\" \/>\n<link rel=\"canonical\" href=\"https:\/\/www.dge.gob.pe\/portalnuevo\/alerta-respuesta\/\" \/>\n<meta property=\"og:locale\" content=\"es_ES\" \/>\n<meta property=\"og:type\" content=\"article\" \/>\n<meta property=\"og:title\" content=\"Alerta \u2013 Respuesta\" \/>\n<meta property=\"og:description\" content=\"\u00bfQu\u00e9 es? Unidades T\u00e9cnicas \u00bfQu\u00e9 es Alerta \u2013 Respuesta? Se define como el conjunto de acciones sistem\u00e1ticas, oportunas y coordinadas que se implementan para detectar, investigar, evaluar, controlar y mitigar el impacto de cualquier ocurrencia inusual de enfermedades y otros eventos sujetos a notificaci\u00f3n obligatoria en el pa\u00eds que representen una amenaza para la salud [&hellip;]\" \/>\n<meta property=\"og:url\" content=\"https:\/\/www.dge.gob.pe\/portalnuevo\/alerta-respuesta\/\" \/>\n<meta property=\"og:site_name\" content=\"Centro Nacional de Epidemiolog\u00eda Prevenci\u00f3n y Control de Enfermedades\" \/>\n<meta property=\"article:publisher\" content=\"https:\/\/www.facebook.com\/cdcperuminsa\" \/>\n<meta property=\"article:modified_time\" content=\"2026-03-04T15:23:29+00:00\" \/>\n<meta property=\"og:image\" content=\"https:\/\/www.dge.gob.pe\/portalnuevo\/wp-content\/uploads\/2026\/03\/ALERTA-RESPUESTA-1798x862-OK.jpg-1.jpeg\" \/>\n\t<meta property=\"og:image:width\" content=\"1798\" \/>\n\t<meta property=\"og:image:height\" content=\"862\" \/>\n\t<meta property=\"og:image:type\" content=\"image\/jpeg\" \/>\n<meta name=\"twitter:card\" content=\"summary_large_image\" \/>\n<meta name=\"twitter:site\" content=\"@cdc_peru\" \/>\n<meta name=\"twitter:label1\" content=\"Est. reading time\" \/>\n\t<meta name=\"twitter:data1\" content=\"1 minuto\" \/>\n<script type=\"application\/ld+json\" class=\"yoast-schema-graph\">{\"@context\":\"https:\/\/schema.org\",\"@graph\":[{\"@type\":\"WebPage\",\"@id\":\"https:\/\/www.dge.gob.pe\/portalnuevo\/alerta-respuesta\/\",\"url\":\"https:\/\/www.dge.gob.pe\/portalnuevo\/alerta-respuesta\/\",\"name\":\"Alerta \u2013 Respuesta - Centro Nacional de Epidemiolog\u00eda Prevenci\u00f3n y Control de Enfermedades\",\"isPartOf\":{\"@id\":\"https:\/\/www.dge.gob.pe\/portalnuevo\/#website\"},\"primaryImageOfPage\":{\"@id\":\"https:\/\/www.dge.gob.pe\/portalnuevo\/alerta-respuesta\/#primaryimage\"},\"image\":{\"@id\":\"https:\/\/www.dge.gob.pe\/portalnuevo\/alerta-respuesta\/#primaryimage\"},\"thumbnailUrl\":\"https:\/\/www.dge.gob.pe\/portalnuevo\/wp-content\/uploads\/2026\/03\/ALERTA-RESPUESTA-1798x862-OK.jpg-1.jpeg\",\"datePublished\":\"2023-12-01T17:45:18+00:00\",\"dateModified\":\"2026-03-04T15:23:29+00:00\",\"breadcrumb\":{\"@id\":\"https:\/\/www.dge.gob.pe\/portalnuevo\/alerta-respuesta\/#breadcrumb\"},\"inLanguage\":\"es-PE\",\"potentialAction\":[{\"@type\":\"ReadAction\",\"target\":[\"https:\/\/www.dge.gob.pe\/portalnuevo\/alerta-respuesta\/\"]}]},{\"@type\":\"ImageObject\",\"inLanguage\":\"es-PE\",\"@id\":\"https:\/\/www.dge.gob.pe\/portalnuevo\/alerta-respuesta\/#primaryimage\",\"url\":\"https:\/\/www.dge.gob.pe\/portalnuevo\/wp-content\/uploads\/2026\/03\/ALERTA-RESPUESTA-1798x862-OK.jpg-1.jpeg\",\"contentUrl\":\"https:\/\/www.dge.gob.pe\/portalnuevo\/wp-content\/uploads\/2026\/03\/ALERTA-RESPUESTA-1798x862-OK.jpg-1.jpeg\",\"width\":1798,\"height\":862,\"caption\":\"Direcci\u00f3n de Alerta - Respuesta\"},{\"@type\":\"BreadcrumbList\",\"@id\":\"https:\/\/www.dge.gob.pe\/portalnuevo\/alerta-respuesta\/#breadcrumb\",\"itemListElement\":[{\"@type\":\"ListItem\",\"position\":1,\"name\":\"Portada\",\"item\":\"https:\/\/www.dge.gob.pe\/portalnuevo\/\"},{\"@type\":\"ListItem\",\"position\":2,\"name\":\"Alerta \u2013 Respuesta\"}]},{\"@type\":\"WebSite\",\"@id\":\"https:\/\/www.dge.gob.pe\/portalnuevo\/#website\",\"url\":\"https:\/\/www.dge.gob.pe\/portalnuevo\/\",\"name\":\"Centro Nacional de Epidemiolog\u00eda Prevenci\u00f3n y Control de Enfermedades\",\"description\":\"\",\"publisher\":{\"@id\":\"https:\/\/www.dge.gob.pe\/portalnuevo\/#organization\"},\"potentialAction\":[{\"@type\":\"SearchAction\",\"target\":{\"@type\":\"EntryPoint\",\"urlTemplate\":\"https:\/\/www.dge.gob.pe\/portalnuevo\/?s={search_term_string}\"},\"query-input\":{\"@type\":\"PropertyValueSpecification\",\"valueRequired\":true,\"valueName\":\"search_term_string\"}}],\"inLanguage\":\"es-PE\"},{\"@type\":\"Organization\",\"@id\":\"https:\/\/www.dge.gob.pe\/portalnuevo\/#organization\",\"name\":\"Centro Nacional de Epidemiolog\u00eda Prevenci\u00f3n y Control de Enfermedades\",\"url\":\"https:\/\/www.dge.gob.pe\/portalnuevo\/\",\"logo\":{\"@type\":\"ImageObject\",\"inLanguage\":\"es-PE\",\"@id\":\"https:\/\/www.dge.gob.pe\/portalnuevo\/#\/schema\/logo\/image\/\",\"url\":\"https:\/\/www.dge.gob.pe\/portalnuevo\/wp-content\/uploads\/2023\/03\/logo_cdc.jpeg\",\"contentUrl\":\"https:\/\/www.dge.gob.pe\/portalnuevo\/wp-content\/uploads\/2023\/03\/logo_cdc.jpeg\",\"width\":1280,\"height\":127,\"caption\":\"Centro Nacional de Epidemiolog\u00eda Prevenci\u00f3n y Control de Enfermedades\"},\"image\":{\"@id\":\"https:\/\/www.dge.gob.pe\/portalnuevo\/#\/schema\/logo\/image\/\"},\"sameAs\":[\"https:\/\/www.facebook.com\/cdcperuminsa\",\"https:\/\/x.com\/cdc_peru\",\"https:\/\/www.youtube.com\/cdcperu\"]}]}<\/script>\n<!-- \/ Yoast SEO Premium plugin. -->","yoast_head_json":{"title":"Alerta \u2013 Respuesta - Centro Nacional de Epidemiolog\u00eda Prevenci\u00f3n y Control de Enfermedades","robots":{"index":"index","follow":"follow","max-snippet":"max-snippet:-1","max-image-preview":"max-image-preview:large","max-video-preview":"max-video-preview:-1"},"canonical":"https:\/\/www.dge.gob.pe\/portalnuevo\/alerta-respuesta\/","og_locale":"es_ES","og_type":"article","og_title":"Alerta \u2013 Respuesta","og_description":"\u00bfQu\u00e9 es? Unidades T\u00e9cnicas \u00bfQu\u00e9 es Alerta \u2013 Respuesta? Se define como el conjunto de acciones sistem\u00e1ticas, oportunas y coordinadas que se implementan para detectar, investigar, evaluar, controlar y mitigar el impacto de cualquier ocurrencia inusual de enfermedades y otros eventos sujetos a notificaci\u00f3n obligatoria en el pa\u00eds que representen una amenaza para la salud [&hellip;]","og_url":"https:\/\/www.dge.gob.pe\/portalnuevo\/alerta-respuesta\/","og_site_name":"Centro Nacional de Epidemiolog\u00eda Prevenci\u00f3n y Control de Enfermedades","article_publisher":"https:\/\/www.facebook.com\/cdcperuminsa","article_modified_time":"2026-03-04T15:23:29+00:00","og_image":[{"width":1798,"height":862,"url":"https:\/\/www.dge.gob.pe\/portalnuevo\/wp-content\/uploads\/2026\/03\/ALERTA-RESPUESTA-1798x862-OK.jpg-1.jpeg","type":"image\/jpeg"}],"twitter_card":"summary_large_image","twitter_site":"@cdc_peru","twitter_misc":{"Est. reading time":"1 minuto"},"schema":{"@context":"https:\/\/schema.org","@graph":[{"@type":"WebPage","@id":"https:\/\/www.dge.gob.pe\/portalnuevo\/alerta-respuesta\/","url":"https:\/\/www.dge.gob.pe\/portalnuevo\/alerta-respuesta\/","name":"Alerta \u2013 Respuesta - Centro Nacional de Epidemiolog\u00eda Prevenci\u00f3n y Control de Enfermedades","isPartOf":{"@id":"https:\/\/www.dge.gob.pe\/portalnuevo\/#website"},"primaryImageOfPage":{"@id":"https:\/\/www.dge.gob.pe\/portalnuevo\/alerta-respuesta\/#primaryimage"},"image":{"@id":"https:\/\/www.dge.gob.pe\/portalnuevo\/alerta-respuesta\/#primaryimage"},"thumbnailUrl":"https:\/\/www.dge.gob.pe\/portalnuevo\/wp-content\/uploads\/2026\/03\/ALERTA-RESPUESTA-1798x862-OK.jpg-1.jpeg","datePublished":"2023-12-01T17:45:18+00:00","dateModified":"2026-03-04T15:23:29+00:00","breadcrumb":{"@id":"https:\/\/www.dge.gob.pe\/portalnuevo\/alerta-respuesta\/#breadcrumb"},"inLanguage":"es-PE","potentialAction":[{"@type":"ReadAction","target":["https:\/\/www.dge.gob.pe\/portalnuevo\/alerta-respuesta\/"]}]},{"@type":"ImageObject","inLanguage":"es-PE","@id":"https:\/\/www.dge.gob.pe\/portalnuevo\/alerta-respuesta\/#primaryimage","url":"https:\/\/www.dge.gob.pe\/portalnuevo\/wp-content\/uploads\/2026\/03\/ALERTA-RESPUESTA-1798x862-OK.jpg-1.jpeg","contentUrl":"https:\/\/www.dge.gob.pe\/portalnuevo\/wp-content\/uploads\/2026\/03\/ALERTA-RESPUESTA-1798x862-OK.jpg-1.jpeg","width":1798,"height":862,"caption":"Direcci\u00f3n de Alerta - Respuesta"},{"@type":"BreadcrumbList","@id":"https:\/\/www.dge.gob.pe\/portalnuevo\/alerta-respuesta\/#breadcrumb","itemListElement":[{"@type":"ListItem","position":1,"name":"Portada","item":"https:\/\/www.dge.gob.pe\/portalnuevo\/"},{"@type":"ListItem","position":2,"name":"Alerta \u2013 Respuesta"}]},{"@type":"WebSite","@id":"https:\/\/www.dge.gob.pe\/portalnuevo\/#website","url":"https:\/\/www.dge.gob.pe\/portalnuevo\/","name":"Centro Nacional de Epidemiolog\u00eda Prevenci\u00f3n y Control de Enfermedades","description":"","publisher":{"@id":"https:\/\/www.dge.gob.pe\/portalnuevo\/#organization"},"potentialAction":[{"@type":"SearchAction","target":{"@type":"EntryPoint","urlTemplate":"https:\/\/www.dge.gob.pe\/portalnuevo\/?s={search_term_string}"},"query-input":{"@type":"PropertyValueSpecification","valueRequired":true,"valueName":"search_term_string"}}],"inLanguage":"es-PE"},{"@type":"Organization","@id":"https:\/\/www.dge.gob.pe\/portalnuevo\/#organization","name":"Centro Nacional de Epidemiolog\u00eda Prevenci\u00f3n y Control de Enfermedades","url":"https:\/\/www.dge.gob.pe\/portalnuevo\/","logo":{"@type":"ImageObject","inLanguage":"es-PE","@id":"https:\/\/www.dge.gob.pe\/portalnuevo\/#\/schema\/logo\/image\/","url":"https:\/\/www.dge.gob.pe\/portalnuevo\/wp-content\/uploads\/2023\/03\/logo_cdc.jpeg","contentUrl":"https:\/\/www.dge.gob.pe\/portalnuevo\/wp-content\/uploads\/2023\/03\/logo_cdc.jpeg","width":1280,"height":127,"caption":"Centro Nacional de Epidemiolog\u00eda Prevenci\u00f3n y Control de Enfermedades"},"image":{"@id":"https:\/\/www.dge.gob.pe\/portalnuevo\/#\/schema\/logo\/image\/"},"sameAs":["https:\/\/www.facebook.com\/cdcperuminsa","https:\/\/x.com\/cdc_peru","https:\/\/www.youtube.com\/cdcperu"]}]}},"_links":{"self":[{"href":"https:\/\/www.dge.gob.pe\/portalnuevo\/wp-json\/wp\/v2\/pages\/1280","targetHints":{"allow":["GET"]}}],"collection":[{"href":"https:\/\/www.dge.gob.pe\/portalnuevo\/wp-json\/wp\/v2\/pages"}],"about":[{"href":"https:\/\/www.dge.gob.pe\/portalnuevo\/wp-json\/wp\/v2\/types\/page"}],"author":[{"embeddable":true,"href":"https:\/\/www.dge.gob.pe\/portalnuevo\/wp-json\/wp\/v2\/users\/1"}],"replies":[{"embeddable":true,"href":"https:\/\/www.dge.gob.pe\/portalnuevo\/wp-json\/wp\/v2\/comments?post=1280"}],"version-history":[{"count":69,"href":"https:\/\/www.dge.gob.pe\/portalnuevo\/wp-json\/wp\/v2\/pages\/1280\/revisions"}],"predecessor-version":[{"id":13616,"href":"https:\/\/www.dge.gob.pe\/portalnuevo\/wp-json\/wp\/v2\/pages\/1280\/revisions\/13616"}],"wp:attachment":[{"href":"https:\/\/www.dge.gob.pe\/portalnuevo\/wp-json\/wp\/v2\/media?parent=1280"}],"curies":[{"name":"wp","href":"https:\/\/api.w.org\/{rel}","templated":true}]}}