{"id":1572,"date":"2023-12-04T17:21:06","date_gmt":"2023-12-04T22:21:06","guid":{"rendered":"https:\/\/www.dge.gob.pe\/portalnuevo\/?page_id=1572"},"modified":"2025-07-10T11:53:13","modified_gmt":"2025-07-10T16:53:13","slug":"vigilancia-de-riesgos-ambientales-utvra","status":"publish","type":"page","link":"https:\/\/www.dge.gob.pe\/portalnuevo\/vigilancia-epidemiologica\/vigilancia-de-riesgos-ambientales-utvra\/","title":{"rendered":"Vigilancia de Riesgos Ambientales (UTVRA)"},"content":{"rendered":"\t\t<div data-elementor-type=\"wp-page\" data-elementor-id=\"1572\" class=\"elementor elementor-1572\" data-elementor-post-type=\"page\">\n\t\t\t\t<div data-particle_enable=\"false\" data-particle-mobile-disabled=\"false\" class=\"elementor-element elementor-element-d6c4ae0 e-flex e-con-boxed e-con e-parent\" data-id=\"d6c4ae0\" data-element_type=\"container\" data-e-type=\"container\" data-settings=\"{&quot;jet_parallax_layout_list&quot;:[]}\">\n\t\t\t\t\t<div class=\"e-con-inner\">\n\t\t\t\t<div class=\"elementor-element elementor-element-eef4161 elementor-widget elementor-widget-toggle\" data-id=\"eef4161\" data-element_type=\"widget\" data-e-type=\"widget\" data-widget_type=\"toggle.default\">\n\t\t\t\t<div class=\"elementor-widget-container\">\n\t\t\t\t\t\t\t<div class=\"elementor-toggle\">\n\t\t\t\t\t\t\t<div class=\"elementor-toggle-item\">\n\t\t\t\t\t<div id=\"elementor-tab-title-2501\" class=\"elementor-tab-title\" data-tab=\"1\" role=\"button\" aria-controls=\"elementor-tab-content-2501\" aria-expanded=\"false\">\n\t\t\t\t\t\t\t\t\t\t\t\t<span class=\"elementor-toggle-icon elementor-toggle-icon-right\" aria-hidden=\"true\">\n\t\t\t\t\t\t\t\t\t\t\t\t\t\t\t<span class=\"elementor-toggle-icon-closed\"><i class=\"fas fa-angle-down\"><\/i><\/span>\n\t\t\t\t\t\t\t\t<span class=\"elementor-toggle-icon-opened\"><i class=\"elementor-toggle-icon-opened fas fa-angle-up\"><\/i><\/span>\n\t\t\t\t\t\t\t\t\t\t\t\t\t<\/span>\n\t\t\t\t\t\t\t\t\t\t\t\t<a class=\"elementor-toggle-title\" tabindex=\"0\">Riesgo por exposici\u00f3n e intoxicaci\u00f3n por metales pesados y metaloides<\/a>\n\t\t\t\t\t<\/div>\n\n\t\t\t\t\t<div id=\"elementor-tab-content-2501\" class=\"elementor-tab-content elementor-clearfix\" data-tab=\"1\" role=\"region\" aria-labelledby=\"elementor-tab-title-2501\"><div id=\"metalespesados\">\u00a0<\/div><\/div>\n\t\t\t\t<\/div>\n\t\t\t\t\t\t\t\t<\/div>\n\t\t\t\t\t\t<\/div>\n\t\t\t\t<\/div>\n\t\t\t\t\t<\/div>\n\t\t\t\t<\/div>\n\t\t<div data-particle_enable=\"false\" data-particle-mobile-disabled=\"false\" class=\"elementor-element elementor-element-447c8f8 e-flex e-con-boxed e-con e-parent\" data-id=\"447c8f8\" data-element_type=\"container\" data-e-type=\"container\" data-settings=\"{&quot;jet_parallax_layout_list&quot;:[]}\" data-mover=\"metalespesados\">\n\t\t\t\t\t<div class=\"e-con-inner\">\n\t\t<div data-particle_enable=\"false\" data-particle-mobile-disabled=\"false\" class=\"elementor-element elementor-element-d8dbae4 e-con-full e-flex e-con e-child\" data-id=\"d8dbae4\" data-element_type=\"container\" data-e-type=\"container\" data-settings=\"{&quot;jet_parallax_layout_list&quot;:[]}\">\n\t\t\t\t<div class=\"elementor-element elementor-element-8c38882 tab-custom-cdc elementor-widget elementor-widget-eael-adv-tabs\" data-id=\"8c38882\" data-element_type=\"widget\" data-e-type=\"widget\" data-widget_type=\"eael-adv-tabs.default\">\n\t\t\t\t<div class=\"elementor-widget-container\">\n\t\t\t\t\t        <div data-scroll-on-click=\"no\" data-scroll-speed=\"300\" id=\"eael-advance-tabs-8c38882\" class=\"eael-advance-tabs eael-tabs-vertical eael-tab-auto-active \" data-tabid=\"8c38882\">\n            <div class=\"eael-tabs-nav \">\n                <ul class=\"\" role=\"tablist\">\n                                            <li id=\"qu-es\" class=\"inactive eael-tab-item-trigger eael-tab-nav-item\" aria-selected=\"true\" data-tab=\"1\" role=\"tab\" tabindex=\"0\" aria-controls=\"qu-es-tab\" aria-expanded=\"false\">\n                            \n                            \n                            \n                                                            <span class=\"eael-tab-title title-after-icon\" >\u00bfQu\u00e9 es?<\/span>                                                    <\/li>\n                                            <li id=\"cmo-se-vigila-\" class=\"inactive eael-tab-item-trigger eael-tab-nav-item\" aria-selected=\"false\" data-tab=\"2\" role=\"tab\" tabindex=\"-1\" aria-controls=\"cmo-se-vigila--tab\" aria-expanded=\"false\">\n                            \n                            \n                            \n                                                            <span class=\"eael-tab-title title-after-icon\" >\u00bfC\u00f3mo se vigila? <\/span>                                                    <\/li>\n                                            <li id=\"documentos-normativos\" class=\"inactive eael-tab-item-trigger eael-tab-nav-item\" aria-selected=\"false\" data-tab=\"3\" role=\"tab\" tabindex=\"-1\" aria-controls=\"documentos-normativos-tab\" aria-expanded=\"false\">\n                            \n                            \n                            \n                                                            <span class=\"eael-tab-title title-after-icon\" >Documentos normativos<\/span>                                                    <\/li>\n                                            <li id=\"sala-de-situacin-de-salud\" class=\"inactive eael-tab-item-trigger eael-tab-nav-item\" aria-selected=\"false\" data-tab=\"4\" role=\"tab\" tabindex=\"-1\" aria-controls=\"sala-de-situacin-de-salud-tab\" aria-expanded=\"false\">\n                            \n                            \n                            \n                                                            <span class=\"eael-tab-title title-after-icon\" >Sala de situaci\u00f3n de salud<\/span>                                                    <\/li>\n                    \n                                  <\/ul>\n            <\/div>\n            \n            <div class=\"eael-tabs-content\">\n\t\t        \n                    <div id=\"qu-es-tab\" class=\"clearfix eael-tab-content-item inactive\" data-title-link=\"qu-es-tab\">\n\t\t\t\t        <h2>\u00bfQu\u00e9 es?<\/h2><div><p>Es una condici\u00f3n que puede causar da\u00f1o a \u00f3rganos blancos. Los s\u00edntomas de la intoxicaci\u00f3n por metales pesados depender\u00e1n del tipo de metal, la cantidad absorbida, la v\u00eda de exposici\u00f3n, el tiempo de exposici\u00f3n y la edad.<\/p><\/div>                    <\/div>\n\t\t        \n                    <div id=\"cmo-se-vigila--tab\" class=\"clearfix eael-tab-content-item inactive\" data-title-link=\"cmo-se-vigila--tab\">\n\t\t\t\t        <h2>\u00bfC\u00f3mo se vigila?<\/h2><p>La vigilancia de riesgo por exposici\u00f3n e intoxicaci\u00f3n por metales pesados y metaloides es de tipo universal, de notificaci\u00f3n mensual y de car\u00e1cter obligatorio en el \u00e1mbito nacional, seg\u00fan normatividad vigente.<\/p><p>Se caracteriza por ser una vigilancia pasiva ya que los casos son captados por el personal de salud durante la atenci\u00f3n en los establecimientos de salud; sin embargo, puede pasar a ser una vigilancia activa, en determinados contextos, en el que el personal de epidemiolog\u00eda necesite realizar la b\u00fasqueda de casos de manera intencional.<\/p><h5><strong>Definiciones de caso:<\/strong><\/h5><ul class=\"custom4levels\"><li><strong>Caso sospechoso (expuesto): <\/strong>Es toda persona con antecedente de exposici\u00f3n a fuente confirmada (natural y\/o antr\u00f3pica), que tenga metales pesados y metaloides en el aire o agua o suelo o alimentos que sobrepasa los valores de referencia sin manifestaciones cl\u00ednicas de intoxicaci\u00f3n aguda o cr\u00f3nica por metales pesados y metaloides.<\/li><li><strong>Caso probable: <\/strong>Es todo caso sospechoso (expuesto) y que presenta manifestaciones cl\u00ednicas de intoxicaci\u00f3n aguda o cr\u00f3nica por metales pesados y metaloides diagnosticado por un m\u00e9dico que no puedan ser explicados por otra patolog\u00eda.<\/li><li><strong>Caso descartado: <\/strong>Es aquel caso que luego de la investigaci\u00f3n epidemiol\u00f3gica y evaluaci\u00f3n m\u00e9dica, no cumple con los criterios de caso confirmado o probable.<\/li><\/ul>                    <\/div>\n\t\t        \n                    <div id=\"documentos-normativos-tab\" class=\"clearfix eael-tab-content-item inactive\" data-title-link=\"documentos-normativos-tab\">\n\t\t\t\t        <h2>Documentos normativos<\/h2><h5>Norma T\u00e9cnica de Salud:<\/h5><ul><li><a href=\"https:\/\/www.dge.gob.pe\/portalnuevo\/wp-content\/uploads\/2024\/05\/NTS-Nro-111-2014_Metales-pesados.pdf\" target=\"_blank\" rel=\"noopener\">NTS N\u00b0111-2014-MINSA\/DGE-V.01 \u201cNorma T\u00e9cnica de Salud que Establece la Vigilancia Epidemiol\u00f3gica en Salud P\u00fablica de Factores de Riesgo por Exposici\u00f3n e Intoxicaci\u00f3n por Metales Pesados y Metaloides\u201d, aprobada por la Resoluci\u00f3n Ministerial N\u00b0006-2015\/MINSA<\/a><\/li><\/ul><h5>Ficha epidemiol\u00f3gica:<\/h5><ul><li><a href=\"https:\/\/www.dge.gob.pe\/portalnuevo\/wp-content\/uploads\/2024\/05\/Ficha_Metalespesados.pdf\" target=\"_blank\" rel=\"noopener\">Ficha de investigaci\u00f3n epidemiol\u00f3gica en salud p\u00fablica de factores de riesgo por exposici\u00f3n e intoxicaci\u00f3n por metales pesados y metaloides<\/a><\/li><\/ul><h5>Flujograma:<\/h5><ul><li><a href=\"https:\/\/www.dge.gob.pe\/portalnuevo\/wp-content\/uploads\/2025\/05\/UTVRA-flujograma.pdf\" target=\"_blank\" rel=\"noopener\">Flujograma de notificaci\u00f3n de enfermedades y eventos sujetos a vigilancia epidemiol\u00f3gica en Salud P\u00fablica<\/a><\/li><\/ul>                    <\/div>\n\t\t        \n                    <div id=\"sala-de-situacin-de-salud-tab\" class=\"clearfix eael-tab-content-item inactive\" data-title-link=\"sala-de-situacin-de-salud-tab\">\n\t\t\t\t        <h2>Sala de situaci\u00f3n de salud<\/h2><ul><li><a href=\"https:\/\/app7.dge.gob.pe\/maps\/sala_emp\/\" target=\"_blank\" rel=\"noopener\">https:\/\/app7.dge.gob.pe\/maps\/sala_emp\/<\/a><\/li><\/ul>                    <\/div>\n\t\t                    <\/div>\n        <\/div>\n\t\t\t\t<\/div>\n\t\t\t\t<\/div>\n\t\t\t\t<\/div>\n\t\t\t\t\t<\/div>\n\t\t\t\t<\/div>\n\t\t<div data-particle_enable=\"false\" data-particle-mobile-disabled=\"false\" class=\"elementor-element elementor-element-2806728 e-flex e-con-boxed e-con e-parent\" data-id=\"2806728\" data-element_type=\"container\" data-e-type=\"container\" data-settings=\"{&quot;jet_parallax_layout_list&quot;:[]}\">\n\t\t\t\t\t<div class=\"e-con-inner\">\n\t\t\t\t<div class=\"elementor-element elementor-element-718d17e elementor-widget elementor-widget-toggle\" data-id=\"718d17e\" data-element_type=\"widget\" data-e-type=\"widget\" data-widget_type=\"toggle.default\">\n\t\t\t\t<div class=\"elementor-widget-container\">\n\t\t\t\t\t\t\t<div class=\"elementor-toggle\">\n\t\t\t\t\t\t\t<div class=\"elementor-toggle-item\">\n\t\t\t\t\t<div id=\"elementor-tab-title-1191\" class=\"elementor-tab-title\" data-tab=\"1\" role=\"button\" aria-controls=\"elementor-tab-content-1191\" aria-expanded=\"false\">\n\t\t\t\t\t\t\t\t\t\t\t\t<span class=\"elementor-toggle-icon elementor-toggle-icon-right\" aria-hidden=\"true\">\n\t\t\t\t\t\t\t\t\t\t\t\t\t\t\t<span class=\"elementor-toggle-icon-closed\"><i class=\"fas fa-angle-down\"><\/i><\/span>\n\t\t\t\t\t\t\t\t<span class=\"elementor-toggle-icon-opened\"><i class=\"elementor-toggle-icon-opened fas fa-angle-up\"><\/i><\/span>\n\t\t\t\t\t\t\t\t\t\t\t\t\t<\/span>\n\t\t\t\t\t\t\t\t\t\t\t\t<a class=\"elementor-toggle-title\" tabindex=\"0\">Riesgo de exposici\u00f3n e intoxicaci\u00f3n por plaguicidas<\/a>\n\t\t\t\t\t<\/div>\n\n\t\t\t\t\t<div id=\"elementor-tab-content-1191\" class=\"elementor-tab-content elementor-clearfix\" data-tab=\"1\" role=\"region\" aria-labelledby=\"elementor-tab-title-1191\"><div id=\"plaguicidas\"><\/div><\/div>\n\t\t\t\t<\/div>\n\t\t\t\t\t\t\t\t<\/div>\n\t\t\t\t\t\t<\/div>\n\t\t\t\t<\/div>\n\t\t\t\t\t<\/div>\n\t\t\t\t<\/div>\n\t\t<div data-particle_enable=\"false\" data-particle-mobile-disabled=\"false\" class=\"elementor-element elementor-element-d8b762f e-flex e-con-boxed e-con e-parent\" data-id=\"d8b762f\" data-element_type=\"container\" data-e-type=\"container\" data-settings=\"{&quot;jet_parallax_layout_list&quot;:[]}\" data-mover=\"plaguicidas\">\n\t\t\t\t\t<div class=\"e-con-inner\">\n\t\t<div data-particle_enable=\"false\" data-particle-mobile-disabled=\"false\" class=\"elementor-element elementor-element-f9f92ae e-con-full e-flex e-con e-child\" data-id=\"f9f92ae\" data-element_type=\"container\" data-e-type=\"container\" data-settings=\"{&quot;jet_parallax_layout_list&quot;:[]}\">\n\t\t\t\t<div class=\"elementor-element elementor-element-1b94927 tab-custom-cdc elementor-widget elementor-widget-eael-adv-tabs\" data-id=\"1b94927\" data-element_type=\"widget\" data-e-type=\"widget\" data-widget_type=\"eael-adv-tabs.default\">\n\t\t\t\t<div class=\"elementor-widget-container\">\n\t\t\t\t\t        <div data-scroll-on-click=\"no\" data-scroll-speed=\"300\" id=\"eael-advance-tabs-1b94927\" class=\"eael-advance-tabs eael-tabs-vertical eael-tab-auto-active \" data-tabid=\"1b94927\">\n            <div class=\"eael-tabs-nav \">\n                <ul class=\"\" role=\"tablist\">\n                                            <li id=\"qu-es\" class=\"inactive eael-tab-item-trigger eael-tab-nav-item\" aria-selected=\"true\" data-tab=\"1\" role=\"tab\" tabindex=\"0\" aria-controls=\"qu-es-tab\" aria-expanded=\"false\">\n                            \n                            \n                            \n                                                            <span class=\"eael-tab-title title-after-icon\" >\u00bfQu\u00e9 es?<\/span>                                                    <\/li>\n                                            <li id=\"cmo-se-vigila-\" class=\"inactive eael-tab-item-trigger eael-tab-nav-item\" aria-selected=\"false\" data-tab=\"2\" role=\"tab\" tabindex=\"-1\" aria-controls=\"cmo-se-vigila--tab\" aria-expanded=\"false\">\n                            \n                            \n                            \n                                                            <span class=\"eael-tab-title title-after-icon\" >\u00bfC\u00f3mo se vigila? <\/span>                                                    <\/li>\n                                            <li id=\"documentos-normativos\" class=\"inactive eael-tab-item-trigger eael-tab-nav-item\" aria-selected=\"false\" data-tab=\"3\" role=\"tab\" tabindex=\"-1\" aria-controls=\"documentos-normativos-tab\" aria-expanded=\"false\">\n                            \n                            \n                            \n                                                            <span class=\"eael-tab-title title-after-icon\" >Documentos normativos<\/span>                                                    <\/li>\n                    \n                                  <\/ul>\n            <\/div>\n            \n            <div class=\"eael-tabs-content\">\n\t\t        \n                    <div id=\"qu-es-tab\" class=\"clearfix eael-tab-content-item inactive\" data-title-link=\"qu-es-tab\">\n\t\t\t\t        <h2>\u00bfQu\u00e9 es?<\/h2><div><p>La intoxicaci\u00f3n aguda por plaguicidas es la reacci\u00f3n del organismo a la entrada de una sustancia t\u00f3xica que causa lesi\u00f3n, enfermedad y en ocasiones la muerte, se produce ante la exposici\u00f3n de cualquiera de las fases del proceso, desde su fabricaci\u00f3n, embalaje, hasta su distribuci\u00f3n, almacenamiento, utilizaci\u00f3n y eliminaci\u00f3n e ingresa al organismo a trav\u00e9s de la ingesti\u00f3n, por inhalaci\u00f3n y por v\u00eda cut\u00e1nea. El grado de toxicidad var\u00eda seg\u00fan la edad, sexo, el estado nutricional, la v\u00eda de entrada, concentraci\u00f3n del t\u00f3xico y el tiempo de exposici\u00f3n.<\/p><\/div>                    <\/div>\n\t\t        \n                    <div id=\"cmo-se-vigila--tab\" class=\"clearfix eael-tab-content-item inactive\" data-title-link=\"cmo-se-vigila--tab\">\n\t\t\t\t        <h2>\u00bfC\u00f3mo se vigila?<\/h2><p>La vigilancia de riesgo de exposici\u00f3n e intoxicaci\u00f3n por plaguicidas es de tipo universal, de notificaci\u00f3n semanal y de car\u00e1cter obligatorio en el \u00e1mbito nacional, seg\u00fan normatividad vigente.<\/p><p>Se caracteriza por ser una vigilancia pasiva ya que los casos son captados por el personal de salud durante la atenci\u00f3n en los establecimientos de salud; sin embargo, puede pasar a ser una vigilancia activa, en determinados contextos, en el que el personal de epidemiolog\u00eda necesite realizar la b\u00fasqueda de casos de manera intencional.<\/p><h5><strong>Definiciones de caso:<\/strong><\/h5><ul class=\"custom4levels\"><li><strong>Caso sospechoso (expuesto): <\/strong>Es la persona o poblaci\u00f3n en contacto directo e indirecto a plaguicidas, sin manifestaciones cl\u00ednicas.<\/li><li><strong>Caso probable de intoxicaci\u00f3n: <\/strong>Es la persona expuesta o poblaci\u00f3n expuesta a plaguicidas, que dentro de las primeras 24 horas presenta manifestaciones cl\u00ednicas compatible con una intoxicaci\u00f3n sist\u00e9mica (n\u00e1useas, bradicardia, miosis, entre otros s\u00edntomas y signos) o localizada (dermatitis entre otros s\u00edntomas y signos).<\/li><li><strong>Caso descartado: <\/strong>Todo caso probable que luego de la investigaci\u00f3n epidemiol\u00f3gica y de laboratorio no corresponde a una intoxicaci\u00f3n por plaguicidas.<\/li><\/ul>                    <\/div>\n\t\t        \n                    <div id=\"documentos-normativos-tab\" class=\"clearfix eael-tab-content-item inactive\" data-title-link=\"documentos-normativos-tab\">\n\t\t\t\t        <h2>Documentos normativos<\/h2><h5>Norma T\u00e9cnica de Salud:<\/h5><ul><li><a href=\"https:\/\/www.dge.gob.pe\/portalnuevo\/wp-content\/uploads\/2024\/05\/NTS-Nro-109-2015_Plaguicidas.pdf\" target=\"_blank\" rel=\"noopener\">NTS N\u00b0109-MINSA\/DGE V.01 \u201cNorma T\u00e9cnica de Salud que Establece la Vigilancia Epidemiol\u00f3gica en Salud P\u00fablica del Riesgo por Exposici\u00f3n e Intoxicaci\u00f3n por Plaguicidas\u201d, aprobada por la Resoluci\u00f3n Ministerial N\u00b0 649-2014\/MINSA<\/a><\/li><\/ul><h5>Ficha epidemiol\u00f3gica:<\/h5><ul><li><a href=\"https:\/\/www.dge.gob.pe\/portalnuevo\/wp-content\/uploads\/2024\/05\/Ficha_Plaguicidas.pdf\" target=\"_blank\" rel=\"noopener\">Ficha de investigaci\u00f3n epidemiol\u00f3gica en salud p\u00fablica del riesgo de exposici\u00f3n e intoxicaci\u00f3n por plaguicidas<\/a><\/li><\/ul><h5>Flujograma:<\/h5><ul><li><a href=\"https:\/\/www.dge.gob.pe\/portalnuevo\/wp-content\/uploads\/2025\/05\/UTVRA-flujograma.pdf\" target=\"_blank\" rel=\"noopener\">Flujograma de notificaci\u00f3n de enfermedades y eventos sujetos a vigilancia epidemiol\u00f3gica en Salud P\u00fablica<\/a><\/li><\/ul>                    <\/div>\n\t\t                    <\/div>\n        <\/div>\n\t\t\t\t<\/div>\n\t\t\t\t<\/div>\n\t\t\t\t<\/div>\n\t\t\t\t\t<\/div>\n\t\t\t\t<\/div>\n\t\t\t\t<\/div>\n\t\t","protected":false},"excerpt":{"rendered":"<p>Riesgo por exposici\u00f3n e intoxicaci\u00f3n por metales pesados y metaloides \u00a0 \u00bfQu\u00e9 es? \u00bfC\u00f3mo se vigila? Documentos normativos Sala de situaci\u00f3n de salud \u00bfQu\u00e9 es? Es una condici\u00f3n que puede causar da\u00f1o a \u00f3rganos blancos. Los s\u00edntomas de la intoxicaci\u00f3n por metales pesados depender\u00e1n del tipo de metal, la cantidad absorbida, la v\u00eda de exposici\u00f3n, [&hellip;]<\/p>\n","protected":false},"author":1,"featured_media":0,"parent":1207,"menu_order":0,"comment_status":"closed","ping_status":"closed","template":"","meta":{"site-sidebar-layout":"default","site-content-layout":"","ast-site-content-layout":"default","site-content-style":"default","site-sidebar-style":"default","ast-global-header-display":"","ast-banner-title-visibility":"","ast-main-header-display":"","ast-hfb-above-header-display":"","ast-hfb-below-header-display":"","ast-hfb-mobile-header-display":"","site-post-title":"","ast-breadcrumbs-content":"","ast-featured-img":"","footer-sml-layout":"","ast-disable-related-posts":"","theme-transparent-header-meta":"","adv-header-id-meta":"","stick-header-meta":"","header-above-stick-meta":"","header-main-stick-meta":"","header-below-stick-meta":"","astra-migrate-meta-layouts":"default","ast-page-background-enabled":"default","ast-page-background-meta":{"desktop":{"background-color":"var(--ast-global-color-4)","background-image":"","background-repeat":"repeat","background-position":"center center","background-size":"auto","background-attachment":"scroll","background-type":"","background-media":"","overlay-type":"","overlay-color":"","overlay-opacity":"","overlay-gradient":""},"tablet":{"background-color":"","background-image":"","background-repeat":"repeat","background-position":"center center","background-size":"auto","background-attachment":"scroll","background-type":"","background-media":"","overlay-type":"","overlay-color":"","overlay-opacity":"","overlay-gradient":""},"mobile":{"background-color":"","background-image":"","background-repeat":"repeat","background-position":"center center","background-size":"auto","background-attachment":"scroll","background-type":"","background-media":"","overlay-type":"","overlay-color":"","overlay-opacity":"","overlay-gradient":""}},"ast-content-background-meta":{"desktop":{"background-color":"var(--ast-global-color-5)","background-image":"","background-repeat":"repeat","background-position":"center center","background-size":"auto","background-attachment":"scroll","background-type":"","background-media":"","overlay-type":"","overlay-color":"","overlay-opacity":"","overlay-gradient":""},"tablet":{"background-color":"var(--ast-global-color-5)","background-image":"","background-repeat":"repeat","background-position":"center center","background-size":"auto","background-attachment":"scroll","background-type":"","background-media":"","overlay-type":"","overlay-color":"","overlay-opacity":"","overlay-gradient":""},"mobile":{"background-color":"var(--ast-global-color-5)","background-image":"","background-repeat":"repeat","background-position":"center center","background-size":"auto","background-attachment":"scroll","background-type":"","background-media":"","overlay-type":"","overlay-color":"","overlay-opacity":"","overlay-gradient":""}},"footnotes":""},"class_list":["post-1572","page","type-page","status-publish","hentry"],"_links":{"self":[{"href":"https:\/\/www.dge.gob.pe\/portalnuevo\/wp-json\/wp\/v2\/pages\/1572","targetHints":{"allow":["GET"]}}],"collection":[{"href":"https:\/\/www.dge.gob.pe\/portalnuevo\/wp-json\/wp\/v2\/pages"}],"about":[{"href":"https:\/\/www.dge.gob.pe\/portalnuevo\/wp-json\/wp\/v2\/types\/page"}],"author":[{"embeddable":true,"href":"https:\/\/www.dge.gob.pe\/portalnuevo\/wp-json\/wp\/v2\/users\/1"}],"replies":[{"embeddable":true,"href":"https:\/\/www.dge.gob.pe\/portalnuevo\/wp-json\/wp\/v2\/comments?post=1572"}],"version-history":[{"count":94,"href":"https:\/\/www.dge.gob.pe\/portalnuevo\/wp-json\/wp\/v2\/pages\/1572\/revisions"}],"predecessor-version":[{"id":11575,"href":"https:\/\/www.dge.gob.pe\/portalnuevo\/wp-json\/wp\/v2\/pages\/1572\/revisions\/11575"}],"up":[{"embeddable":true,"href":"https:\/\/www.dge.gob.pe\/portalnuevo\/wp-json\/wp\/v2\/pages\/1207"}],"wp:attachment":[{"href":"https:\/\/www.dge.gob.pe\/portalnuevo\/wp-json\/wp\/v2\/media?parent=1572"}],"curies":[{"name":"wp","href":"https:\/\/api.w.org\/{rel}","templated":true}]}}