{"id":1831,"date":"2023-12-14T11:30:52","date_gmt":"2023-12-14T16:30:52","guid":{"rendered":"https:\/\/www.dge.gob.pe\/portalnuevo\/?page_id=1831"},"modified":"2024-08-09T16:58:23","modified_gmt":"2024-08-09T21:58:23","slug":"consulta-de-vigilancia-epidemiologica","status":"publish","type":"page","link":"https:\/\/www.dge.gob.pe\/portalnuevo\/informacion-publica\/consulta-de-vigilancia-epidemiologica\/","title":{"rendered":"Consulta de vigilancia epidemiol\u00f3gica"},"content":{"rendered":"\t\t<div data-elementor-type=\"wp-page\" data-elementor-id=\"1831\" class=\"elementor elementor-1831\" data-elementor-post-type=\"page\">\n\t\t\t\t<div data-particle_enable=\"false\" data-particle-mobile-disabled=\"false\" class=\"elementor-element elementor-element-5edc33f8 e-flex e-con-boxed e-con e-parent\" data-id=\"5edc33f8\" data-element_type=\"container\" data-e-type=\"container\" data-settings=\"{&quot;jet_parallax_layout_list&quot;:[]}\">\n\t\t\t\t\t<div class=\"e-con-inner\">\n\t\t\t\t<div class=\"elementor-element elementor-element-55bf9e91 tab-custom-cdc elementor-widget elementor-widget-eael-adv-tabs\" data-id=\"55bf9e91\" data-element_type=\"widget\" data-e-type=\"widget\" data-widget_type=\"eael-adv-tabs.default\">\n\t\t\t\t<div class=\"elementor-widget-container\">\n\t\t\t\t\t        <div data-scroll-on-click=\"no\" data-scroll-speed=\"300\" id=\"eael-advance-tabs-55bf9e91\" class=\"eael-advance-tabs eael-tabs-horizontal eael-tab-auto-active \" data-tabid=\"55bf9e91\">\n            <div class=\"eael-tabs-nav \">\n                <ul class=\"\" role=\"tablist\">\n                                            <li id=\"tablas-comparativas-por-disa\" class=\"inactive eael-tab-item-trigger eael-tab-nav-item\" aria-selected=\"true\" data-tab=\"1\" role=\"tab\" tabindex=\"0\" aria-controls=\"tablas-comparativas-por-disa-tab\" aria-expanded=\"false\">\n                            \n                            \n                            \n                                                            <span class=\"eael-tab-title title-after-icon\" >Tablas comparativas por DISA<\/span>                                                    <\/li>\n                                            <li id=\"casos-por-distritos\" class=\" eael-tab-item-trigger eael-tab-nav-item\" aria-selected=\"false\" data-tab=\"2\" role=\"tab\" tabindex=\"-1\" aria-controls=\"casos-por-distritos-tab\" aria-expanded=\"false\">\n                            \n                            \n                            \n                                                            <span class=\"eael-tab-title title-after-icon\" >Casos por distritos<\/span>                                                    <\/li>\n                    \n                                  <\/ul>\n            <\/div>\n            \n            <div class=\"eael-tabs-content\">\n\t\t        \n                    <div id=\"tablas-comparativas-por-disa-tab\" class=\"clearfix eael-tab-content-item inactive\" data-title-link=\"tablas-comparativas-por-disa-tab\">\n\t\t\t\t        <iframe src=\"https:\/\/www.dge.gob.pe\/portal\/docs\/vigilancia\/tablas\/2024\/T31.pdf\" width=\"500\" height=\"800\"><\/iframe>                    <\/div>\n\t\t        \n                    <div id=\"casos-por-distritos-tab\" class=\"clearfix eael-tab-content-item \" data-title-link=\"casos-por-distritos-tab\">\n\t\t\t\t        <div id=\"casosDistritos\"><\/div>                    <\/div>\n\t\t                    <\/div>\n        <\/div>\n\t\t\t\t<\/div>\n\t\t\t\t<\/div>\n\t\t\t\t\t<\/div>\n\t\t\t\t<\/div>\n\t\t<div data-particle_enable=\"false\" data-particle-mobile-disabled=\"false\" class=\"elementor-element elementor-element-128ad21 e-flex e-con-boxed e-con e-parent\" data-id=\"128ad21\" data-element_type=\"container\" data-e-type=\"container\" data-settings=\"{&quot;jet_parallax_layout_list&quot;:[]}\" data-mover=\"casosDistritos\">\n\t\t\t\t\t<div class=\"e-con-inner\">\n\t\t<div data-particle_enable=\"false\" data-particle-mobile-disabled=\"false\" class=\"elementor-element elementor-element-7a067d0 e-con-full e-flex e-con e-child\" data-id=\"7a067d0\" data-element_type=\"container\" data-e-type=\"container\" data-settings=\"{&quot;jet_parallax_layout_list&quot;:[]}\">\n\t\t\t\t<div class=\"elementor-element elementor-element-254899d elementor-widget elementor-widget-toggle\" data-id=\"254899d\" data-element_type=\"widget\" data-e-type=\"widget\" data-widget_type=\"toggle.default\">\n\t\t\t\t<div class=\"elementor-widget-container\">\n\t\t\t\t\t\t\t<div class=\"elementor-toggle\">\n\t\t\t\t\t\t\t<div class=\"elementor-toggle-item\">\n\t\t\t\t\t<div id=\"elementor-tab-title-3901\" class=\"elementor-tab-title\" data-tab=\"1\" role=\"button\" aria-controls=\"elementor-tab-content-3901\" aria-expanded=\"false\">\n\t\t\t\t\t\t\t\t\t\t\t\t<span class=\"elementor-toggle-icon elementor-toggle-icon-right\" aria-hidden=\"true\">\n\t\t\t\t\t\t\t\t\t\t\t\t\t\t\t<span class=\"elementor-toggle-icon-closed\"><i class=\"fas fa-angle-down\"><\/i><\/span>\n\t\t\t\t\t\t\t\t<span class=\"elementor-toggle-icon-opened\"><i class=\"elementor-toggle-icon-opened fas fa-angle-up\"><\/i><\/span>\n\t\t\t\t\t\t\t\t\t\t\t\t\t<\/span>\n\t\t\t\t\t\t\t\t\t\t\t\t<a class=\"elementor-toggle-title\" tabindex=\"0\">Enfermedades Transmitidas por Vectores<\/a>\n\t\t\t\t\t<\/div>\n\n\t\t\t\t\t<div id=\"elementor-tab-content-3901\" class=\"elementor-tab-content elementor-clearfix\" data-tab=\"1\" role=\"region\" aria-labelledby=\"elementor-tab-title-3901\"><ul>\n \t<li><a href=\"https:\/\/www.dge.gob.pe\/portal\/docs\/vigilancia\/cdistritos\/2024\/31\/MALARIA%20POR%20P.%20VIVAX.pdf\" target=\"_blank\" rel=\"noopener noreferrer\">Malaria Vivax<\/a><\/li>\n \t<li><a href=\"https:\/\/www.dge.gob.pe\/portal\/docs\/vigilancia\/cdistritos\/2024\/31\/MALARIA%20P.%20FALCIPARUM.pdf\" target=\"_blank\" rel=\"noopener noreferrer\">Malaria Falciparum<\/a><\/li>\n \t<li><a href=\"https:\/\/www.dge.gob.pe\/portal\/docs\/vigilancia\/cdistritos\/2024\/31\/DENGUE%20SIN%20SE\u00d1ALES%20DE%20ALARMA.pdf\" target=\"_blank\" rel=\"noopener noreferrer\">Dengue sin se\u00f1ales de Alarma<\/a><\/li>\n \t<li><a href=\"https:\/\/www.dge.gob.pe\/portal\/docs\/vigilancia\/cdistritos\/2024\/31\/DENGUE%20CON%20SE\u00d1ALES%20DE%20ALARMA.pdf\" target=\"_blank\" rel=\"noopener noreferrer\">Dengue con se\u00f1ales de Alarma<\/a><\/li>\n \t<li><a href=\"https:\/\/www.dge.gob.pe\/portal\/docs\/vigilancia\/cdistritos\/2024\/31\/DENGUE%20GRAVE.pdf\" target=\"_blank\" rel=\"noopener noreferrer\">Dengue Grave<\/a><\/li>\n \t<li><a href=\"https:\/\/www.dge.gob.pe\/portal\/docs\/vigilancia\/cdistritos\/2024\/31\/ENFERMEDAD%20DE%20CARRION%20AGUDA.pdf\" target=\"_blank\" rel=\"noopener noreferrer\">Enfermedad de Carri\u00f3n Aguda<\/a><\/li>\n \t<li><a href=\"https:\/\/www.dge.gob.pe\/portal\/docs\/vigilancia\/cdistritos\/2024\/31\/ENFERMEDAD%20DE%20CARRION%20ERUPTIVA.pdf\" target=\"_blank\" rel=\"noopener noreferrer\">Enfermedad de Carri\u00f3n Eruptiva<\/a><\/li>\n \t<li><a href=\"https:\/\/www.dge.gob.pe\/portal\/docs\/vigilancia\/cdistritos\/2024\/31\/ENFERMEDAD%20DE%20CARRION%20NO%20DETER.pdf\" target=\"_blank\" rel=\"noopener noreferrer\">Enfermedad de Carri\u00f3n No determinada<\/a><\/li>\n \t<li><a href=\"https:\/\/www.dge.gob.pe\/portal\/docs\/vigilancia\/cdistritos\/2024\/31\/ZIKA.pdf\" target=\"_blank\" rel=\"noopener noreferrer\">Enfermedad por virus Zika<\/a><\/li>\n \t<li><a href=\"https:\/\/www.dge.gob.pe\/portal\/docs\/vigilancia\/cdistritos\/2024\/31\/LEISHMANIASIS%20CUTANEA.pdf\" target=\"_blank\" rel=\"noopener noreferrer\">Leishmaniasis Cut\u00e1nea<\/a><\/li>\n \t<li><a href=\"https:\/\/www.dge.gob.pe\/portal\/docs\/vigilancia\/cdistritos\/2024\/31\/LEISHMANIASIS%20MUCOCUTANEA.pdf\" target=\"_blank\" rel=\"noopener noreferrer\">Leishmaniasis Mucocut\u00e1nea<\/a><\/li>\n \t<li><a href=\"https:\/\/www.dge.gob.pe\/portal\/docs\/vigilancia\/cdistritos\/2024\/31\/FIEBRE%20DE%20CHIKUNGUNYA.pdf\" target=\"_blank\" rel=\"noopener noreferrer\">Fiebre de Chikungunya<\/a><\/li>\n \t<li><a href=\"https:\/\/www.dge.gob.pe\/portal\/docs\/vigilancia\/cdistritos\/2024\/31\/FIEBRE%20DE%20CHIKUNGUNYA%20GRAVE.pdf\" target=\"_blank\" rel=\"noopener noreferrer\">Fiebre de Chikungunya Grave<\/a><\/li>\n \t<li><a href=\"https:\/\/www.dge.gob.pe\/portal\/docs\/vigilancia\/cdistritos\/2024\/31\/MAYARO.pdf\" target=\"_blank\" rel=\"noopener noreferrer\">Mayaro<\/a><\/li>\n \t<li><a href=\"https:\/\/www.dge.gob.pe\/portal\/docs\/vigilancia\/cdistritos\/2024\/31\/ZIKA%20EN%20GESTANTES.pdf\" target=\"_blank\" rel=\"noopener noreferrer\">Zika en Gestantes<\/a><\/li>\n \t<li><a href=\"https:\/\/www.dge.gob.pe\/portal\/docs\/vigilancia\/cdistritos\/2024\/31\/ZIKA%20ASINTOMATICO.pdf\" target=\"_blank\" rel=\"noopener noreferrer\">Zika Asintom\u00e1tico<\/a><\/li>\n \t<li><a href=\"https:\/\/www.dge.gob.pe\/portal\/docs\/vigilancia\/cdistritos\/2024\/31\/ZIKA%20ASINTOMATICO%20EN%20GESTANTES.pdf\" target=\"_blank\" rel=\"noopener noreferrer\">Zika Asintom\u00e1tico en Gestantes<\/a><\/li>\n<\/ul><\/div>\n\t\t\t\t<\/div>\n\t\t\t\t\t\t\t\t<\/div>\n\t\t\t\t\t\t<\/div>\n\t\t\t\t<\/div>\n\t\t\t\t<div class=\"elementor-element elementor-element-f69137c elementor-widget elementor-widget-toggle\" data-id=\"f69137c\" data-element_type=\"widget\" data-e-type=\"widget\" data-widget_type=\"toggle.default\">\n\t\t\t\t<div class=\"elementor-widget-container\">\n\t\t\t\t\t\t\t<div class=\"elementor-toggle\">\n\t\t\t\t\t\t\t<div class=\"elementor-toggle-item\">\n\t\t\t\t\t<div id=\"elementor-tab-title-2581\" class=\"elementor-tab-title\" data-tab=\"1\" role=\"button\" aria-controls=\"elementor-tab-content-2581\" aria-expanded=\"false\">\n\t\t\t\t\t\t\t\t\t\t\t\t<span class=\"elementor-toggle-icon elementor-toggle-icon-right\" aria-hidden=\"true\">\n\t\t\t\t\t\t\t\t\t\t\t\t\t\t\t<span class=\"elementor-toggle-icon-closed\"><i class=\"fas fa-angle-down\"><\/i><\/span>\n\t\t\t\t\t\t\t\t<span class=\"elementor-toggle-icon-opened\"><i class=\"elementor-toggle-icon-opened fas fa-angle-up\"><\/i><\/span>\n\t\t\t\t\t\t\t\t\t\t\t\t\t<\/span>\n\t\t\t\t\t\t\t\t\t\t\t\t<a class=\"elementor-toggle-title\" tabindex=\"0\">Notificaci\u00f3n Consolidada<\/a>\n\t\t\t\t\t<\/div>\n\n\t\t\t\t\t<div id=\"elementor-tab-content-2581\" class=\"elementor-tab-content elementor-clearfix\" data-tab=\"1\" role=\"region\" aria-labelledby=\"elementor-tab-title-2581\"><ul>\n \t<li><a href=\"https:\/\/www.dge.gob.pe\/portal\/docs\/vigilancia\/cdistritos\/2024\/31\/IRA%20-%20NO%20NEUMONIA.pdf\" target=\"_blank\" rel=\"noopener noreferrer\">IRA &#8211; No Neumon\u00eda<\/a><\/li>\n \t<li><a href=\"https:\/\/www.dge.gob.pe\/portal\/docs\/vigilancia\/cdistritos\/2024\/31\/NEUMONIAS%20TOTALES.pdf\" target=\"_blank\" rel=\"noopener noreferrer\">Neumon\u00eda Total<\/a><\/li>\n \t<li><a href=\"https:\/\/www.dge.gob.pe\/portal\/docs\/vigilancia\/cdistritos\/2024\/31\/IRA%20-%20NEUMONIAS%20GRAVES.pdf\" target=\"_blank\" rel=\"noopener noreferrer\">IRA Neumon\u00edas Graves<\/a><\/li>\n \t<li><a href=\"https:\/\/www.dge.gob.pe\/portal\/docs\/vigilancia\/cdistritos\/2024\/31\/IRA%20-%20NEUMONIAS%20NO%20GRAVES.pdf\" target=\"_blank\" rel=\"noopener noreferrer\">IRA Neumon\u00edas No Graves<\/a><\/li>\n \t<li><a href=\"https:\/\/www.dge.gob.pe\/portal\/docs\/vigilancia\/cdistritos\/2024\/31\/IRA%20-%20SOB%20ASMA.pdf\" target=\"_blank\" rel=\"noopener noreferrer\">IRA &#8211; SOB Asma<\/a><\/li>\n \t<li><a href=\"https:\/\/www.dge.gob.pe\/portal\/docs\/vigilancia\/cdistritos\/2024\/31\/IRA%20-%20DEFUNCIONES.pdf\" target=\"_blank\" rel=\"noopener noreferrer\">IRA -Defunciones<\/a><\/li>\n \t<li><a href=\"https:\/\/www.dge.gob.pe\/portal\/docs\/vigilancia\/cdistritos\/2024\/31\/IRA%20-%20HOSPITALIZACIONES.pdf\" target=\"_blank\" rel=\"noopener noreferrer\">IRA Hospitalizaciones<\/a><\/li>\n \t<li><a href=\"https:\/\/www.dge.gob.pe\/portal\/docs\/vigilancia\/cdistritos\/2024\/31\/EDAS.pdf\" target=\"_blank\" rel=\"noopener noreferrer\">EDA -Enfermedad Diarr\u00e9ica Aguda<\/a><\/li>\n<\/ul><\/div>\n\t\t\t\t<\/div>\n\t\t\t\t\t\t\t\t<\/div>\n\t\t\t\t\t\t<\/div>\n\t\t\t\t<\/div>\n\t\t\t\t<\/div>\n\t\t<div data-particle_enable=\"false\" data-particle-mobile-disabled=\"false\" class=\"elementor-element elementor-element-70f950f e-con-full e-flex e-con e-child\" data-id=\"70f950f\" data-element_type=\"container\" data-e-type=\"container\" data-settings=\"{&quot;jet_parallax_layout_list&quot;:[]}\">\n\t\t\t\t<div class=\"elementor-element elementor-element-ca0c558 elementor-widget elementor-widget-toggle\" data-id=\"ca0c558\" data-element_type=\"widget\" data-e-type=\"widget\" data-widget_type=\"toggle.default\">\n\t\t\t\t<div class=\"elementor-widget-container\">\n\t\t\t\t\t\t\t<div class=\"elementor-toggle\">\n\t\t\t\t\t\t\t<div class=\"elementor-toggle-item\">\n\t\t\t\t\t<div id=\"elementor-tab-title-2111\" class=\"elementor-tab-title\" data-tab=\"1\" role=\"button\" aria-controls=\"elementor-tab-content-2111\" aria-expanded=\"false\">\n\t\t\t\t\t\t\t\t\t\t\t\t<span class=\"elementor-toggle-icon elementor-toggle-icon-right\" aria-hidden=\"true\">\n\t\t\t\t\t\t\t\t\t\t\t\t\t\t\t<span class=\"elementor-toggle-icon-closed\"><i class=\"fas fa-angle-down\"><\/i><\/span>\n\t\t\t\t\t\t\t\t<span class=\"elementor-toggle-icon-opened\"><i class=\"elementor-toggle-icon-opened fas fa-angle-up\"><\/i><\/span>\n\t\t\t\t\t\t\t\t\t\t\t\t\t<\/span>\n\t\t\t\t\t\t\t\t\t\t\t\t<a class=\"elementor-toggle-title\" tabindex=\"0\">Enfermedades Inmunoprevenibles<\/a>\n\t\t\t\t\t<\/div>\n\n\t\t\t\t\t<div id=\"elementor-tab-content-2111\" class=\"elementor-tab-content elementor-clearfix\" data-tab=\"1\" role=\"region\" aria-labelledby=\"elementor-tab-title-2111\"><ul>\n \t<li><a href=\"https:\/\/www.dge.gob.pe\/portal\/docs\/vigilancia\/cdistritos\/2024\/31\/FIEBRE%20AMARILLA%20SELVATICA.pdf\" target=\"_blank\" rel=\"noopener noreferrer\">Fiebre Amarilla Selv\u00e1tica<\/a><\/li>\n \t<li><a href=\"https:\/\/www.dge.gob.pe\/portal\/docs\/vigilancia\/cdistritos\/2024\/31\/TOS%20FERINA.pdf\" target=\"_blank\" rel=\"noopener noreferrer\">Tos Ferina<\/a><\/li>\n \t<li><a href=\"https:\/\/www.dge.gob.pe\/portal\/docs\/vigilancia\/cdistritos\/2024\/31\/HEPATITIS%20B.pdf\" target=\"_blank\" rel=\"noopener noreferrer\">Hepatitis B<\/a><\/li>\n \t<li><a href=\"https:\/\/www.dge.gob.pe\/portal\/docs\/vigilancia\/cdistritos\/2024\/31\/PAROTIDITIS.pdf\" target=\"_blank\" rel=\"noopener noreferrer\">Parotiditis<\/a><\/li>\n \t<li><a href=\"https:\/\/www.dge.gob.pe\/portal\/docs\/vigilancia\/cdistritos\/2024\/31\/PAROTIDITIS%20CON%20COMPLICACIONES.pdf\" target=\"_blank\" rel=\"noopener noreferrer\">Parotiditis con complicaciones<\/a><\/li>\n \t<li><a href=\"https:\/\/www.dge.gob.pe\/portal\/docs\/vigilancia\/cdistritos\/2024\/31\/PARALISIS%20FLACIDA%20AGUDA.pdf\" target=\"_blank\" rel=\"noopener noreferrer\">Paralisis Flacida Aguda<\/a><\/li>\n \t<li><a href=\"https:\/\/www.dge.gob.pe\/portal\/docs\/vigilancia\/cdistritos\/2024\/31\/SARAMPION.pdf\" target=\"_blank\" rel=\"noopener noreferrer\">Sarampi\u00f3n<\/a><\/li>\n \t<li><a href=\"https:\/\/www.dge.gob.pe\/portal\/docs\/vigilancia\/cdistritos\/2024\/31\/VARICELA%20CON%20OTRAS%20COMPLICACIO.pdf\" target=\"_blank\" rel=\"noopener noreferrer\">Varicela con otras complicaciones<\/a><\/li>\n \t<li><a href=\"https:\/\/www.dge.gob.pe\/portal\/docs\/vigilancia\/cdistritos\/2024\/31\/VARICELA%20SIN%20COMPLICACIONES.pdf\" target=\"_blank\" rel=\"noopener noreferrer\">Varicela sin complicaciones<\/a><\/li>\n<\/ul><\/div>\n\t\t\t\t<\/div>\n\t\t\t\t\t\t\t\t<\/div>\n\t\t\t\t\t\t<\/div>\n\t\t\t\t<\/div>\n\t\t\t\t<div class=\"elementor-element elementor-element-3c8753d elementor-widget elementor-widget-toggle\" data-id=\"3c8753d\" data-element_type=\"widget\" data-e-type=\"widget\" data-widget_type=\"toggle.default\">\n\t\t\t\t<div class=\"elementor-widget-container\">\n\t\t\t\t\t\t\t<div class=\"elementor-toggle\">\n\t\t\t\t\t\t\t<div class=\"elementor-toggle-item\">\n\t\t\t\t\t<div id=\"elementor-tab-title-6341\" class=\"elementor-tab-title\" data-tab=\"1\" role=\"button\" aria-controls=\"elementor-tab-content-6341\" aria-expanded=\"false\">\n\t\t\t\t\t\t\t\t\t\t\t\t<span class=\"elementor-toggle-icon elementor-toggle-icon-right\" aria-hidden=\"true\">\n\t\t\t\t\t\t\t\t\t\t\t\t\t\t\t<span class=\"elementor-toggle-icon-closed\"><i class=\"fas fa-angle-down\"><\/i><\/span>\n\t\t\t\t\t\t\t\t<span class=\"elementor-toggle-icon-opened\"><i class=\"elementor-toggle-icon-opened fas fa-angle-up\"><\/i><\/span>\n\t\t\t\t\t\t\t\t\t\t\t\t\t<\/span>\n\t\t\t\t\t\t\t\t\t\t\t\t<a class=\"elementor-toggle-title\" tabindex=\"0\">Otras Enfermedades<\/a>\n\t\t\t\t\t<\/div>\n\n\t\t\t\t\t<div id=\"elementor-tab-content-6341\" class=\"elementor-tab-content elementor-clearfix\" data-tab=\"1\" role=\"region\" aria-labelledby=\"elementor-tab-title-6341\"><ul>\n \t<li><a href=\"https:\/\/www.dge.gob.pe\/portal\/docs\/vigilancia\/cdistritos\/2024\/31\/COLERA.pdf\" target=\"_blank\" rel=\"noopener noreferrer\">C\u00f3lera<\/a><\/li>\n \t<li><a href=\"https:\/\/www.dge.gob.pe\/portal\/docs\/vigilancia\/cdistritos\/2024\/31\/ANTRAX%20(CARBUNCO).pdf\" target=\"_blank\" rel=\"noopener noreferrer\">Antrax (Carbunco)<\/a><\/li>\n \t<li><a href=\"https:\/\/www.dge.gob.pe\/portal\/docs\/vigilancia\/cdistritos\/2024\/31\/DIFTERIA.pdf\" target=\"_blank\" rel=\"noopener noreferrer\">Difteria<\/a><\/li>\n \t<li><a href=\"https:\/\/www.dge.gob.pe\/portal\/docs\/vigilancia\/cdistritos\/2024\/31\/ENFERMEDAD%20DE%20CHAGAS.pdf\" target=\"_blank\" rel=\"noopener noreferrer\">Enfermedad de Chagas<\/a><\/li>\n \t<li><a href=\"https:\/\/www.dge.gob.pe\/portal\/docs\/vigilancia\/cdistritos\/2024\/31\/LEPRA.pdf\" target=\"_blank\" rel=\"noopener noreferrer\">Lepra<\/a><\/li>\n \t<li><a href=\"https:\/\/www.dge.gob.pe\/portal\/docs\/vigilancia\/cdistritos\/2024\/31\/LEPTOSPIROSIS.pdf\" target=\"_blank\" rel=\"noopener noreferrer\">Leptospirosis<\/a><\/li>\n \t<li><a href=\"https:\/\/www.dge.gob.pe\/portal\/docs\/vigilancia\/cdistritos\/2024\/31\/LOXOCELISMO.pdf\" target=\"_blank\" rel=\"noopener noreferrer\">Loxocelismo<\/a><\/li>\n \t<li><a href=\"https:\/\/www.dge.gob.pe\/portal\/docs\/vigilancia\/cdistritos\/2024\/31\/MENINGITIS%20MENINGOCOCICA.pdf\" target=\"_blank\" rel=\"noopener noreferrer\">Meningitis Meningoc\u00f3cica<\/a><\/li>\n \t<li><a href=\"https:\/\/www.dge.gob.pe\/portal\/docs\/vigilancia\/cdistritos\/2024\/31\/MENINGITIS%20TUBERCULOSIS%20EN%20menor%205.pdf\" target=\"_blank\" rel=\"noopener noreferrer\">Meningitis Tuberculosa en menores de 5<\/a><\/li>\n \t<li><a href=\"https:\/\/www.dge.gob.pe\/portal\/docs\/vigilancia\/cdistritos\/2024\/31\/MUERTE%20MATERNA%20DIRECTA.pdf\" target=\"_blank\" rel=\"noopener noreferrer\">Muerte Materna Directa<\/a><\/li>\n \t<li><a href=\"https:\/\/www.dge.gob.pe\/portal\/docs\/vigilancia\/cdistritos\/2024\/31\/MUERTE%20MATERNA%20INDIRECTA.pdf\" target=\"_blank\" rel=\"noopener noreferrer\">Muerte Materna Indirecta<\/a><\/li>\n \t<li><a href=\"https:\/\/www.dge.gob.pe\/portal\/docs\/vigilancia\/cdistritos\/2024\/31\/MUERTE%20MATERNA%20INCIDENTAL.pdf\" target=\"_blank\" rel=\"noopener noreferrer\">Muerte Materna Incidental<\/a><\/li>\n \t<li><a href=\"https:\/\/www.dge.gob.pe\/portal\/docs\/vigilancia\/cdistritos\/2024\/31\/OFIDISMO.pdf\" target=\"_blank\" rel=\"noopener noreferrer\">Ofidismo<\/a><\/li>\n \t<li><a href=\"https:\/\/www.dge.gob.pe\/portal\/docs\/vigilancia\/cdistritos\/2024\/31\/PESTE%20BUBONICA.pdf\" target=\"_blank\" rel=\"noopener noreferrer\">Peste Bubonica<\/a><\/li>\n \t<li><a href=\"https:\/\/www.dge.gob.pe\/portal\/docs\/vigilancia\/cdistritos\/2024\/31\/PESTE%20NEUMONICA.pdf\" target=\"_blank\" rel=\"noopener noreferrer\">Peste Neum\u00f3nica<\/a><\/li>\n \t<li><a href=\"https:\/\/www.dge.gob.pe\/portal\/docs\/vigilancia\/cdistritos\/2024\/31\/RABIA%20HUMANA%20SILVESTRE.pdf\" target=\"_blank\" rel=\"noopener noreferrer\">Rabia Humana Silvestre<\/a><\/li>\n \t<li><a href=\"https:\/\/www.dge.gob.pe\/portal\/docs\/vigilancia\/cdistritos\/2024\/31\/RABIA%20HUMANA%20URBANA.pdf\" target=\"_blank\" rel=\"noopener noreferrer\">Rabia Humana Urbana<\/a><\/li>\n \t<li><a href=\"https:\/\/www.dge.gob.pe\/portal\/docs\/vigilancia\/cdistritos\/2024\/31\/RUBEOLA.pdf\" target=\"_blank\" rel=\"noopener noreferrer\">Rub\u00e9ola<\/a><\/li>\n \t<li><a href=\"https:\/\/www.dge.gob.pe\/portal\/docs\/vigilancia\/cdistritos\/2024\/31\/RUBEOLA%20CONGENITA.pdf\" target=\"_blank\" rel=\"noopener noreferrer\">Rub\u00e9ola Cong\u00e9nita<\/a><\/li>\n \t<li><a href=\"https:\/\/www.dge.gob.pe\/portal\/docs\/vigilancia\/cdistritos\/2024\/31\/RUBEOLA%20CONGENITA%20CENT.pdf\" target=\"_blank\" rel=\"noopener noreferrer\">Rub\u00e9ola Cong\u00e9nita Centinela<\/a><\/li>\n \t<li><a href=\"https:\/\/www.dge.gob.pe\/portal\/docs\/vigilancia\/cdistritos\/2024\/31\/SIFILIS%20CONGENITA.pdf\" target=\"_blank\" rel=\"noopener noreferrer\">S\u00edfilis Cong\u00e9nita<\/a><\/li>\n \t<li><a href=\"https:\/\/www.dge.gob.pe\/portal\/docs\/vigilancia\/cdistritos\/2024\/31\/SIFILIS%20MATERNA.pdf\" target=\"_blank\" rel=\"noopener noreferrer\">S\u00edfilis Materna<\/a><\/li>\n \t<li><a href=\"https:\/\/www.dge.gob.pe\/portal\/docs\/vigilancia\/cdistritos\/2024\/31\/SIND.%20PULM.%20POR%20HANTA%20VIRUS.pdf\" target=\"_blank\" rel=\"noopener noreferrer\">S\u00edndrome Pulmonar por Hantavirus<\/a><\/li>\n \t<li><a href=\"https:\/\/www.dge.gob.pe\/portal\/docs\/vigilancia\/cdistritos\/2024\/31\/TETANOS.pdf\" target=\"_blank\" rel=\"noopener noreferrer\">T\u00e9tanos<\/a><\/li>\n \t<li><a href=\"https:\/\/www.dge.gob.pe\/portal\/docs\/vigilancia\/cdistritos\/2024\/31\/TIFUS%20EXANTEMATICO.pdf\" target=\"_blank\" rel=\"noopener noreferrer\">Tifus Exantem\u00e1tico<\/a><\/li>\n \t<li><a href=\"https:\/\/www.dge.gob.pe\/portal\/docs\/vigilancia\/cdistritos\/2024\/31\/TETANOS%20NEONATAL.pdf\" target=\"_blank\" rel=\"noopener noreferrer\">T\u00e9tanos Neonatal<\/a><\/li>\n<\/ul><\/div>\n\t\t\t\t<\/div>\n\t\t\t\t\t\t\t\t<\/div>\n\t\t\t\t\t\t<\/div>\n\t\t\t\t<\/div>\n\t\t\t\t<\/div>\n\t\t\t\t\t<\/div>\n\t\t\t\t<\/div>\n\t\t\t\t<\/div>\n\t\t","protected":false},"excerpt":{"rendered":"<p>Tablas comparativas por DISA Casos por distritos Enfermedades Transmitidas por Vectores Malaria Vivax Malaria Falciparum Dengue sin se\u00f1ales de Alarma Dengue con se\u00f1ales de Alarma Dengue Grave Enfermedad de Carri\u00f3n Aguda Enfermedad de Carri\u00f3n Eruptiva Enfermedad de Carri\u00f3n No determinada Enfermedad por virus Zika Leishmaniasis Cut\u00e1nea Leishmaniasis Mucocut\u00e1nea Fiebre de Chikungunya Fiebre de Chikungunya Grave [&hellip;]<\/p>\n","protected":false},"author":1,"featured_media":0,"parent":1808,"menu_order":0,"comment_status":"closed","ping_status":"closed","template":"","meta":{"site-sidebar-layout":"default","site-content-layout":"","ast-site-content-layout":"default","site-content-style":"default","site-sidebar-style":"default","ast-global-header-display":"","ast-banner-title-visibility":"","ast-main-header-display":"","ast-hfb-above-header-display":"","ast-hfb-below-header-display":"","ast-hfb-mobile-header-display":"","site-post-title":"","ast-breadcrumbs-content":"","ast-featured-img":"","footer-sml-layout":"","ast-disable-related-posts":"","theme-transparent-header-meta":"","adv-header-id-meta":"","stick-header-meta":"","header-above-stick-meta":"","header-main-stick-meta":"","header-below-stick-meta":"","astra-migrate-meta-layouts":"default","ast-page-background-enabled":"default","ast-page-background-meta":{"desktop":{"background-color":"var(--ast-global-color-4)","background-image":"","background-repeat":"repeat","background-position":"center center","background-size":"auto","background-attachment":"scroll","background-type":"","background-media":"","overlay-type":"","overlay-color":"","overlay-opacity":"","overlay-gradient":""},"tablet":{"background-color":"","background-image":"","background-repeat":"repeat","background-position":"center center","background-size":"auto","background-attachment":"scroll","background-type":"","background-media":"","overlay-type":"","overlay-color":"","overlay-opacity":"","overlay-gradient":""},"mobile":{"background-color":"","background-image":"","background-repeat":"repeat","background-position":"center center","background-size":"auto","background-attachment":"scroll","background-type":"","background-media":"","overlay-type":"","overlay-color":"","overlay-opacity":"","overlay-gradient":""}},"ast-content-background-meta":{"desktop":{"background-color":"var(--ast-global-color-5)","background-image":"","background-repeat":"repeat","background-position":"center center","background-size":"auto","background-attachment":"scroll","background-type":"","background-media":"","overlay-type":"","overlay-color":"","overlay-opacity":"","overlay-gradient":""},"tablet":{"background-color":"var(--ast-global-color-5)","background-image":"","background-repeat":"repeat","background-position":"center center","background-size":"auto","background-attachment":"scroll","background-type":"","background-media":"","overlay-type":"","overlay-color":"","overlay-opacity":"","overlay-gradient":""},"mobile":{"background-color":"var(--ast-global-color-5)","background-image":"","background-repeat":"repeat","background-position":"center center","background-size":"auto","background-attachment":"scroll","background-type":"","background-media":"","overlay-type":"","overlay-color":"","overlay-opacity":"","overlay-gradient":""}},"footnotes":""},"class_list":["post-1831","page","type-page","status-publish","hentry"],"_links":{"self":[{"href":"https:\/\/www.dge.gob.pe\/portalnuevo\/wp-json\/wp\/v2\/pages\/1831","targetHints":{"allow":["GET"]}}],"collection":[{"href":"https:\/\/www.dge.gob.pe\/portalnuevo\/wp-json\/wp\/v2\/pages"}],"about":[{"href":"https:\/\/www.dge.gob.pe\/portalnuevo\/wp-json\/wp\/v2\/types\/page"}],"author":[{"embeddable":true,"href":"https:\/\/www.dge.gob.pe\/portalnuevo\/wp-json\/wp\/v2\/users\/1"}],"replies":[{"embeddable":true,"href":"https:\/\/www.dge.gob.pe\/portalnuevo\/wp-json\/wp\/v2\/comments?post=1831"}],"version-history":[{"count":51,"href":"https:\/\/www.dge.gob.pe\/portalnuevo\/wp-json\/wp\/v2\/pages\/1831\/revisions"}],"predecessor-version":[{"id":5978,"href":"https:\/\/www.dge.gob.pe\/portalnuevo\/wp-json\/wp\/v2\/pages\/1831\/revisions\/5978"}],"up":[{"embeddable":true,"href":"https:\/\/www.dge.gob.pe\/portalnuevo\/wp-json\/wp\/v2\/pages\/1808"}],"wp:attachment":[{"href":"https:\/\/www.dge.gob.pe\/portalnuevo\/wp-json\/wp\/v2\/media?parent=1831"}],"curies":[{"name":"wp","href":"https:\/\/api.w.org\/{rel}","templated":true}]}}