{"id":1850,"date":"2023-12-14T12:00:38","date_gmt":"2023-12-14T17:00:38","guid":{"rendered":"https:\/\/www.dge.gob.pe\/portalnuevo\/?page_id=1850"},"modified":"2026-04-24T16:07:47","modified_gmt":"2026-04-24T21:07:47","slug":"lo-que-usted-debe-saber-para-prevenir-enfermedades","status":"publish","type":"page","link":"https:\/\/www.dge.gob.pe\/portalnuevo\/informacion-publica\/lo-que-usted-debe-saber-para-prevenir-enfermedades\/","title":{"rendered":"Lo que usted debe saber para prevenir enfermedades"},"content":{"rendered":"\t\t<div data-elementor-type=\"wp-page\" data-elementor-id=\"1850\" class=\"elementor elementor-1850\" data-elementor-post-type=\"page\">\n\t\t\t\t<div data-particle_enable=\"false\" data-particle-mobile-disabled=\"false\" class=\"elementor-element elementor-element-2581d73 e-flex e-con-boxed e-con e-parent\" data-id=\"2581d73\" data-element_type=\"container\" data-settings=\"{&quot;jet_parallax_layout_list&quot;:[]}\">\n\t\t\t\t\t<div class=\"e-con-inner\">\n\t\t\t\t<div class=\"elementor-element elementor-element-98cf718 tab-custom-cdc elementor-widget elementor-widget-eael-adv-tabs\" data-id=\"98cf718\" data-element_type=\"widget\" data-widget_type=\"eael-adv-tabs.default\">\n\t\t\t\t<div class=\"elementor-widget-container\">\n\t\t\t\t\t        <div data-scroll-on-click=\"no\" data-scroll-speed=\"300\" id=\"eael-advance-tabs-98cf718\" class=\"eael-advance-tabs eael-tabs-horizontal eael-tab-auto-active \" data-tabid=\"98cf718\">\n            <div class=\"eael-tabs-nav \">\n                <ul class=\"eael-tab-inline-icon\" role=\"tablist\">\n                                            <li id=\"informacin-para-la-poblacin\" class=\"inactive eael-tab-item-trigger eael-tab-nav-item\" aria-selected=\"true\" data-tab=\"1\" role=\"tab\" tabindex=\"0\" aria-controls=\"informacin-para-la-poblacin-tab\" aria-expanded=\"false\">\n                            \n                                                        \n                                                            <span class=\"eael-tab-title title-after-icon\" >Informaci\u00f3n para la poblaci\u00f3n<\/span>                            \n                                                    <\/li>\n                                            <li id=\"videos-informativos\" class=\"inactive eael-tab-item-trigger eael-tab-nav-item\" aria-selected=\"false\" data-tab=\"2\" role=\"tab\" tabindex=\"-1\" aria-controls=\"videos-informativos-tab\" aria-expanded=\"false\">\n                            \n                                                        \n                                                            <span class=\"eael-tab-title title-after-icon\" >Videos informativos<\/span>                            \n                                                    <\/li>\n                    \n                                  <\/ul>\n            <\/div>\n            \n            <div class=\"eael-tabs-content\">\n\t\t        \n                    <div id=\"informacin-para-la-poblacin-tab\" class=\"clearfix eael-tab-content-item inactive\" data-title-link=\"informacin-para-la-poblacin-tab\">\n\t\t\t\t        <h2>Informaci\u00f3n para la poblaci\u00f3n<\/h2><div id=\"informacion-poblacion\">\u00a0<\/div>                    <\/div>\n\t\t        \n                    <div id=\"videos-informativos-tab\" class=\"clearfix eael-tab-content-item inactive\" data-title-link=\"videos-informativos-tab\">\n\t\t\t\t        <h2>Videos informativos<\/h2><ul><li><strong>D\u00eda Mundial de la Tuberculosis<\/strong><\/li><\/ul><p><iframe title=\"YouTube video player\" src=\"https:\/\/www.youtube.com\/embed\/bBnPtgA0hUc?si=7U_wKK6EZFSmbusrB\" width=\"560\" height=\"315\" frameborder=\"0\" allowfullscreen=\"allowfullscreen\"><span data-mce-type=\"bookmark\" style=\"display: inline-block; width: 0px; overflow: hidden; line-height: 0;\" class=\"mce_SELRES_start\">\ufeff<\/span><\/iframe><\/p><ul><li><strong>D\u00eda mundial de la lucha contra el c\u00e1ncer<\/strong><\/li><\/ul><p><iframe title=\"YouTube video player\" src=\"https:\/\/www.youtube.com\/embed\/6UxEeKGvFqA?si=g3wr1zRcprGhTmqY\" width=\"560\" height=\"315\" frameborder=\"0\" allowfullscreen=\"allowfullscreen\"><\/iframe><\/p><ul><li><strong>Salud en Datos: Enfermedad Diarreica Aguda (EDA)<\/strong><\/li><\/ul><p><iframe title=\"YouTube video player\" src=\"https:\/\/www.youtube.com\/embed\/c2GCGmrtXNg?si=Wbjv_4ZM4N7FBrpo\" width=\"560\" height=\"315\" frameborder=\"0\" allowfullscreen=\"allowfullscreen\"><\/iframe><\/p><ul><li><strong>Tos Ferina: lo que necesitas saber para protegerte<\/strong><\/li><\/ul><p><iframe title=\"YouTube video player\" src=\"https:\/\/www.youtube.com\/embed\/5LaxPgkO9pU?si=g3wr1zRcprGhTmqY\" width=\"560\" height=\"315\" frameborder=\"0\" allowfullscreen=\"allowfullscreen\"><\/iframe><\/p>                    <\/div>\n\t\t                    <\/div>\n        <\/div>\n\t\t\t\t<\/div>\n\t\t\t\t<\/div>\n\t\t\t\t\t<\/div>\n\t\t\t\t<\/div>\n\t\t<div data-particle_enable=\"false\" data-particle-mobile-disabled=\"false\" class=\"elementor-element elementor-element-5edc33f8 e-flex e-con-boxed e-con e-parent\" data-id=\"5edc33f8\" data-element_type=\"container\" data-settings=\"{&quot;jet_parallax_layout_list&quot;:[]}\" data-mover=\"informacion-poblacion\">\n\t\t\t\t\t<div class=\"e-con-inner\">\n\t\t\t\t<div class=\"elementor-element elementor-element-c48adc1 elementor-widget elementor-widget-text-editor\" data-id=\"c48adc1\" data-element_type=\"widget\" data-widget_type=\"text-editor.default\">\n\t\t\t\t<div class=\"elementor-widget-container\">\n\t\t\t\t\t\t\t\t\tLa secci\u00f3n \u201cInformaci\u00f3n para la poblaci\u00f3n\u201d tiene como objetivo principal proporcionar al personal de salud y p\u00fablico en general informaci\u00f3n de manera sencilla y clara sobre enfermedades y\/o eventos de importancia sanitaria que permita identificar cu\u00e1les son las principales medidas de prevenci\u00f3n y control ante dichos eventos.\n\nCada publicaci\u00f3n, editada por el Centro Nacional de Epidemiolog\u00eda, Prevenci\u00f3n y Control de Enfermedades (CDC Per\u00fa), tiene como fuente las pautas y recomendaciones de la Organizaci\u00f3n Mundial de la Salud (OMS), del Centro para el Control y la Prevenci\u00f3n de Enfermedades de los Estados Unidos (CDC por sus siglas en ingl\u00e9s),\u00a0 otras instituciones sanitarias de reconocimiento internacional, dichas recomendaciones fueron adecuadas y adaptadas a nuestra realidad para su uso y descarga gratuita de toda persona interesada.\n<table class=\"AC_table\" border=\"0\" width=\"100%\" cellspacing=\"0\" cellpadding=\"0\">\n<tbody>\n<tr>\n<td class=\"hyphenate\" valign=\"top\" width=\"33%\"><a href=\"https:\/\/www.dge.gob.pe\/informacion-publica\/2020\/El_Colera.pdf\" target=\"_blank\" rel=\"noopener noreferrer\"><img decoding=\"async\" class=\"s5_lazyload\" src=\"https:\/\/www.dge.gob.pe\/informacion-publica\/2020\/El_colera.png\" alt=\"\" border=\"0\" \/><\/a>\n\n<a href=\"https:\/\/www.dge.gob.pe\/informacion-publica\/2026\/post-sarampion.pdf\" target=\"_blank\" rel=\"noopener noreferrer\"><img decoding=\"async\" class=\"s5_lazyload\" src=\"https:\/\/www.dge.gob.pe\/informacion-publica\/2026\/portada-sarampion.png\" alt=\"\" border=\"0\" \/><\/a>\n\n<a href=\"https:\/\/www.dge.gob.pe\/informacion-publica\/2020\/Hantavirus.pdf\" target=\"_blank\" rel=\"noopener noreferrer\"><img decoding=\"async\" class=\"s5_lazyload\" src=\"https:\/\/www.dge.gob.pe\/informacion-publica\/2020\/Hantavirus.png\" alt=\"\" border=\"0\" \/><\/a>\n\n<a href=\"https:\/\/www.dge.gob.pe\/informacion-publica\/2026\/post-fiebre-amarilla.pdf\" target=\"_blank\" rel=\"noopener noreferrer\"><img decoding=\"async\" class=\"s5_lazyload\" src=\"https:\/\/www.dge.gob.pe\/informacion-publica\/2026\/portada-fiebre-amarilla.png\" alt=\"\" border=\"0\" \/><\/a>\n\n<a href=\"https:\/\/www.dge.gob.pe\/informacion-publica\/2026\/post-clima-salud.pdf\" target=\"_blank\" rel=\"noopener noreferrer\"><img decoding=\"async\" class=\"s5_lazyload\" src=\"https:\/\/www.dge.gob.pe\/informacion-publica\/2026\/portada-clima-salud.png\" alt=\"\" border=\"0\" \/><\/a><\/td>\n<td>\n<div><\/div><\/td>\n<td class=\"hyphenate\" valign=\"top\" width=\"33%\"><a href=\"https:\/\/www.dge.gob.pe\/informacion-publica\/2020\/covid-19.pdf\" target=\"_blank\" rel=\"noopener noreferrer\"><img decoding=\"async\" class=\"s5_lazyload\" src=\"https:\/\/www.dge.gob.pe\/informacion-publica\/2020\/Covid-19.png\" alt=\"\" border=\"0\" \/><\/a>\n\n<a href=\"https:\/\/www.dge.gob.pe\/informacion-publica\/2020\/Dengue.pdf\" target=\"_blank\" rel=\"noopener noreferrer\"><img decoding=\"async\" class=\"s5_lazyload\" src=\"https:\/\/www.dge.gob.pe\/informacion-publica\/2020\/Dengue.png\" alt=\"\" border=\"0\" \/><\/a>\n\n<a href=\"https:\/\/www.dge.gob.pe\/informacion-publica\/2020\/Leptospirosis.pdf\" target=\"_blank\" rel=\"noopener noreferrer\"><img decoding=\"async\" class=\"s5_lazyload\" src=\"https:\/\/www.dge.gob.pe\/informacion-publica\/2020\/Leptospirosis.png\" alt=\"\" border=\"0\" \/><\/a>\n\n<a href=\"https:\/\/www.dge.gob.pe\/informacion-publica\/2020\/Chikunguya.pdf\" target=\"_blank\" rel=\"noopener noreferrer\"><img decoding=\"async\" class=\"s5_lazyload\" src=\"https:\/\/www.dge.gob.pe\/informacion-publica\/2020\/Chikunguya.png\" alt=\"\" border=\"0\" \/><\/a>\n\n<a href=\"https:\/\/www.dge.gob.pe\/informacion-publica\/2026\/post-malaria.pdf\" target=\"_blank\" rel=\"noopener noreferrer\"><img decoding=\"async\" class=\"s5_lazyload\" src=\"https:\/\/www.dge.gob.pe\/informacion-publica\/2026\/portada-malaria.png\" alt=\"\" border=\"0\" \/><\/a>\n\n<\/td>\n<td>\n<div><\/div><\/td>\n<td class=\"hyphenate\" valign=\"top\" width=\"33%\"><a href=\"https:\/\/www.dge.gob.pe\/informacion-publica\/2020\/Neumonia.pdf\" target=\"_blank\" rel=\"noopener noreferrer\"><img decoding=\"async\" class=\"s5_lazyload\" src=\"https:\/\/www.dge.gob.pe\/informacion-publica\/2020\/Neumonia.png\" alt=\"\" border=\"0\" \/><\/a>\n\n<a href=\"https:\/\/www.dge.gob.pe\/informacion-publica\/2020\/La-Peste.pdf\" target=\"_blank\" rel=\"noopener noreferrer\"><img decoding=\"async\" class=\"s5_lazyload\" src=\"https:\/\/www.dge.gob.pe\/informacion-publica\/2020\/Peste.png\" alt=\"\" border=\"0\" \/><\/a>\n\n<a href=\"https:\/\/www.dge.gob.pe\/informacion-publica\/2020\/Tos-ferina.pdf\" target=\"_blank\" rel=\"noopener noreferrer\"><img decoding=\"async\" class=\"s5_lazyload\" src=\"https:\/\/www.dge.gob.pe\/informacion-publica\/2020\/tos_ferina.png\" alt=\"\" border=\"0\" \/><\/a>\n\n<a href=\"https:\/\/www.dge.gob.pe\/informacion-publica\/2026\/post-cancer-infantil.pdf\" target=\"_blank\" rel=\"noopener noreferrer\"><img fetchpriority=\"high\" decoding=\"async\" src=\"https:\/\/www.dge.gob.pe\/informacion-publica\/2026\/portada-cancer-infantil.png\" alt=\"\" width=\"400\" height=\"150\" \/><\/a><\/td>\n<\/tr>\n<\/tbody>\n<\/table>\t\t\t\t\t\t\t\t<\/div>\n\t\t\t\t<\/div>\n\t\t\t\t\t<\/div>\n\t\t\t\t<\/div>\n\t\t\t\t<\/div>\n\t\t","protected":false},"excerpt":{"rendered":"<p>Informaci\u00f3n para la poblaci\u00f3n Videos informativos Informaci\u00f3n para la poblaci\u00f3n \u00a0 Videos informativos D\u00eda Mundial de la Tuberculosis \ufeff D\u00eda mundial de la lucha contra el c\u00e1ncer Salud en Datos: Enfermedad Diarreica Aguda (EDA) Tos Ferina: lo que necesitas saber para protegerte La secci\u00f3n \u201cInformaci\u00f3n para la poblaci\u00f3n\u201d tiene como objetivo principal proporcionar al personal [&hellip;]<\/p>\n","protected":false},"author":1,"featured_media":0,"parent":1808,"menu_order":0,"comment_status":"closed","ping_status":"closed","template":"","meta":{"site-sidebar-layout":"default","site-content-layout":"","ast-site-content-layout":"default","site-content-style":"default","site-sidebar-style":"default","ast-global-header-display":"","ast-banner-title-visibility":"","ast-main-header-display":"","ast-hfb-above-header-display":"","ast-hfb-below-header-display":"","ast-hfb-mobile-header-display":"","site-post-title":"","ast-breadcrumbs-content":"","ast-featured-img":"","footer-sml-layout":"","ast-disable-related-posts":"","theme-transparent-header-meta":"","adv-header-id-meta":"","stick-header-meta":"","header-above-stick-meta":"","header-main-stick-meta":"","header-below-stick-meta":"","astra-migrate-meta-layouts":"default","ast-page-background-enabled":"default","ast-page-background-meta":{"desktop":{"background-color":"var(--ast-global-color-4)","background-image":"","background-repeat":"repeat","background-position":"center center","background-size":"auto","background-attachment":"scroll","background-type":"","background-media":"","overlay-type":"","overlay-color":"","overlay-opacity":"","overlay-gradient":""},"tablet":{"background-color":"","background-image":"","background-repeat":"repeat","background-position":"center center","background-size":"auto","background-attachment":"scroll","background-type":"","background-media":"","overlay-type":"","overlay-color":"","overlay-opacity":"","overlay-gradient":""},"mobile":{"background-color":"","background-image":"","background-repeat":"repeat","background-position":"center center","background-size":"auto","background-attachment":"scroll","background-type":"","background-media":"","overlay-type":"","overlay-color":"","overlay-opacity":"","overlay-gradient":""}},"ast-content-background-meta":{"desktop":{"background-color":"var(--ast-global-color-5)","background-image":"","background-repeat":"repeat","background-position":"center center","background-size":"auto","background-attachment":"scroll","background-type":"","background-media":"","overlay-type":"","overlay-color":"","overlay-opacity":"","overlay-gradient":""},"tablet":{"background-color":"var(--ast-global-color-5)","background-image":"","background-repeat":"repeat","background-position":"center center","background-size":"auto","background-attachment":"scroll","background-type":"","background-media":"","overlay-type":"","overlay-color":"","overlay-opacity":"","overlay-gradient":""},"mobile":{"background-color":"var(--ast-global-color-5)","background-image":"","background-repeat":"repeat","background-position":"center center","background-size":"auto","background-attachment":"scroll","background-type":"","background-media":"","overlay-type":"","overlay-color":"","overlay-opacity":"","overlay-gradient":""}},"footnotes":""},"class_list":["post-1850","page","type-page","status-publish","hentry"],"yoast_head":"<!-- This site is optimized with the Yoast SEO Premium plugin v26.6 (Yoast SEO v26.7) - https:\/\/yoast.com\/wordpress\/plugins\/seo\/ -->\n<title>Lo que usted debe saber para prevenir enfermedades - Centro Nacional de Epidemiolog\u00eda Prevenci\u00f3n y Control de Enfermedades<\/title>\n<meta name=\"robots\" content=\"index, follow, max-snippet:-1, max-image-preview:large, max-video-preview:-1\" \/>\n<link rel=\"canonical\" href=\"https:\/\/www.dge.gob.pe\/portalnuevo\/informacion-publica\/lo-que-usted-debe-saber-para-prevenir-enfermedades\/\" \/>\n<meta property=\"og:locale\" content=\"es_ES\" \/>\n<meta property=\"og:type\" content=\"article\" \/>\n<meta property=\"og:title\" content=\"Lo que usted debe saber para prevenir enfermedades\" \/>\n<meta property=\"og:description\" content=\"Informaci\u00f3n para la poblaci\u00f3n Videos informativos Informaci\u00f3n para la poblaci\u00f3n \u00a0 Videos informativos D\u00eda Mundial de la Tuberculosis \ufeff D\u00eda mundial de la lucha contra el c\u00e1ncer Salud en Datos: Enfermedad Diarreica Aguda (EDA) Tos Ferina: lo que necesitas saber para protegerte La secci\u00f3n \u201cInformaci\u00f3n para la poblaci\u00f3n\u201d tiene como objetivo principal proporcionar al personal [&hellip;]\" \/>\n<meta property=\"og:url\" content=\"https:\/\/www.dge.gob.pe\/portalnuevo\/informacion-publica\/lo-que-usted-debe-saber-para-prevenir-enfermedades\/\" \/>\n<meta property=\"og:site_name\" content=\"Centro Nacional de Epidemiolog\u00eda Prevenci\u00f3n y Control de Enfermedades\" \/>\n<meta property=\"article:publisher\" content=\"https:\/\/www.facebook.com\/cdcperuminsa\" \/>\n<meta property=\"article:modified_time\" content=\"2026-04-24T21:07:47+00:00\" \/>\n<meta property=\"og:image\" content=\"https:\/\/www.dge.gob.pe\/informacion-publica\/2020\/El_colera.png\" \/>\n<meta name=\"twitter:card\" content=\"summary_large_image\" \/>\n<meta name=\"twitter:site\" content=\"@cdc_peru\" \/>\n<meta name=\"twitter:label1\" content=\"Est. reading time\" \/>\n\t<meta name=\"twitter:data1\" content=\"4 minutos\" \/>\n<script type=\"application\/ld+json\" class=\"yoast-schema-graph\">{\"@context\":\"https:\/\/schema.org\",\"@graph\":[{\"@type\":\"WebPage\",\"@id\":\"https:\/\/www.dge.gob.pe\/portalnuevo\/informacion-publica\/lo-que-usted-debe-saber-para-prevenir-enfermedades\/\",\"url\":\"https:\/\/www.dge.gob.pe\/portalnuevo\/informacion-publica\/lo-que-usted-debe-saber-para-prevenir-enfermedades\/\",\"name\":\"Lo que usted debe saber para prevenir enfermedades - Centro Nacional de Epidemiolog\u00eda Prevenci\u00f3n y Control de Enfermedades\",\"isPartOf\":{\"@id\":\"https:\/\/www.dge.gob.pe\/portalnuevo\/#website\"},\"primaryImageOfPage\":{\"@id\":\"https:\/\/www.dge.gob.pe\/portalnuevo\/informacion-publica\/lo-que-usted-debe-saber-para-prevenir-enfermedades\/#primaryimage\"},\"image\":{\"@id\":\"https:\/\/www.dge.gob.pe\/portalnuevo\/informacion-publica\/lo-que-usted-debe-saber-para-prevenir-enfermedades\/#primaryimage\"},\"thumbnailUrl\":\"https:\/\/www.dge.gob.pe\/informacion-publica\/2020\/El_colera.png\",\"datePublished\":\"2023-12-14T17:00:38+00:00\",\"dateModified\":\"2026-04-24T21:07:47+00:00\",\"breadcrumb\":{\"@id\":\"https:\/\/www.dge.gob.pe\/portalnuevo\/informacion-publica\/lo-que-usted-debe-saber-para-prevenir-enfermedades\/#breadcrumb\"},\"inLanguage\":\"es-PE\",\"potentialAction\":[{\"@type\":\"ReadAction\",\"target\":[\"https:\/\/www.dge.gob.pe\/portalnuevo\/informacion-publica\/lo-que-usted-debe-saber-para-prevenir-enfermedades\/\"]}]},{\"@type\":\"ImageObject\",\"inLanguage\":\"es-PE\",\"@id\":\"https:\/\/www.dge.gob.pe\/portalnuevo\/informacion-publica\/lo-que-usted-debe-saber-para-prevenir-enfermedades\/#primaryimage\",\"url\":\"https:\/\/www.dge.gob.pe\/informacion-publica\/2020\/El_colera.png\",\"contentUrl\":\"https:\/\/www.dge.gob.pe\/informacion-publica\/2020\/El_colera.png\"},{\"@type\":\"BreadcrumbList\",\"@id\":\"https:\/\/www.dge.gob.pe\/portalnuevo\/informacion-publica\/lo-que-usted-debe-saber-para-prevenir-enfermedades\/#breadcrumb\",\"itemListElement\":[{\"@type\":\"ListItem\",\"position\":1,\"name\":\"Portada\",\"item\":\"https:\/\/www.dge.gob.pe\/portalnuevo\/\"},{\"@type\":\"ListItem\",\"position\":2,\"name\":\"Informaci\u00f3n P\u00fablica\",\"item\":\"https:\/\/www.dge.gob.pe\/portalnuevo\/informacion-publica\/\"},{\"@type\":\"ListItem\",\"position\":3,\"name\":\"Lo que usted debe saber para prevenir enfermedades\"}]},{\"@type\":\"WebSite\",\"@id\":\"https:\/\/www.dge.gob.pe\/portalnuevo\/#website\",\"url\":\"https:\/\/www.dge.gob.pe\/portalnuevo\/\",\"name\":\"Centro Nacional de Epidemiolog\u00eda Prevenci\u00f3n y Control de Enfermedades\",\"description\":\"\",\"publisher\":{\"@id\":\"https:\/\/www.dge.gob.pe\/portalnuevo\/#organization\"},\"potentialAction\":[{\"@type\":\"SearchAction\",\"target\":{\"@type\":\"EntryPoint\",\"urlTemplate\":\"https:\/\/www.dge.gob.pe\/portalnuevo\/?s={search_term_string}\"},\"query-input\":{\"@type\":\"PropertyValueSpecification\",\"valueRequired\":true,\"valueName\":\"search_term_string\"}}],\"inLanguage\":\"es-PE\"},{\"@type\":\"Organization\",\"@id\":\"https:\/\/www.dge.gob.pe\/portalnuevo\/#organization\",\"name\":\"Centro Nacional de Epidemiolog\u00eda Prevenci\u00f3n y Control de Enfermedades\",\"url\":\"https:\/\/www.dge.gob.pe\/portalnuevo\/\",\"logo\":{\"@type\":\"ImageObject\",\"inLanguage\":\"es-PE\",\"@id\":\"https:\/\/www.dge.gob.pe\/portalnuevo\/#\/schema\/logo\/image\/\",\"url\":\"https:\/\/www.dge.gob.pe\/portalnuevo\/wp-content\/uploads\/2023\/03\/logo_cdc.jpeg\",\"contentUrl\":\"https:\/\/www.dge.gob.pe\/portalnuevo\/wp-content\/uploads\/2023\/03\/logo_cdc.jpeg\",\"width\":1280,\"height\":127,\"caption\":\"Centro Nacional de Epidemiolog\u00eda Prevenci\u00f3n y Control de Enfermedades\"},\"image\":{\"@id\":\"https:\/\/www.dge.gob.pe\/portalnuevo\/#\/schema\/logo\/image\/\"},\"sameAs\":[\"https:\/\/www.facebook.com\/cdcperuminsa\",\"https:\/\/x.com\/cdc_peru\",\"https:\/\/www.youtube.com\/cdcperu\"]}]}<\/script>\n<!-- \/ Yoast SEO Premium plugin. -->","yoast_head_json":{"title":"Lo que usted debe saber para prevenir enfermedades - Centro Nacional de Epidemiolog\u00eda Prevenci\u00f3n y Control de Enfermedades","robots":{"index":"index","follow":"follow","max-snippet":"max-snippet:-1","max-image-preview":"max-image-preview:large","max-video-preview":"max-video-preview:-1"},"canonical":"https:\/\/www.dge.gob.pe\/portalnuevo\/informacion-publica\/lo-que-usted-debe-saber-para-prevenir-enfermedades\/","og_locale":"es_ES","og_type":"article","og_title":"Lo que usted debe saber para prevenir enfermedades","og_description":"Informaci\u00f3n para la poblaci\u00f3n Videos informativos Informaci\u00f3n para la poblaci\u00f3n \u00a0 Videos informativos D\u00eda Mundial de la Tuberculosis \ufeff D\u00eda mundial de la lucha contra el c\u00e1ncer Salud en Datos: Enfermedad Diarreica Aguda (EDA) Tos Ferina: lo que necesitas saber para protegerte La secci\u00f3n \u201cInformaci\u00f3n para la poblaci\u00f3n\u201d tiene como objetivo principal proporcionar al personal [&hellip;]","og_url":"https:\/\/www.dge.gob.pe\/portalnuevo\/informacion-publica\/lo-que-usted-debe-saber-para-prevenir-enfermedades\/","og_site_name":"Centro Nacional de Epidemiolog\u00eda Prevenci\u00f3n y Control de Enfermedades","article_publisher":"https:\/\/www.facebook.com\/cdcperuminsa","article_modified_time":"2026-04-24T21:07:47+00:00","og_image":[{"url":"https:\/\/www.dge.gob.pe\/informacion-publica\/2020\/El_colera.png","type":"","width":"","height":""}],"twitter_card":"summary_large_image","twitter_site":"@cdc_peru","twitter_misc":{"Est. reading time":"4 minutos"},"schema":{"@context":"https:\/\/schema.org","@graph":[{"@type":"WebPage","@id":"https:\/\/www.dge.gob.pe\/portalnuevo\/informacion-publica\/lo-que-usted-debe-saber-para-prevenir-enfermedades\/","url":"https:\/\/www.dge.gob.pe\/portalnuevo\/informacion-publica\/lo-que-usted-debe-saber-para-prevenir-enfermedades\/","name":"Lo que usted debe saber para prevenir enfermedades - Centro Nacional de Epidemiolog\u00eda Prevenci\u00f3n y Control de Enfermedades","isPartOf":{"@id":"https:\/\/www.dge.gob.pe\/portalnuevo\/#website"},"primaryImageOfPage":{"@id":"https:\/\/www.dge.gob.pe\/portalnuevo\/informacion-publica\/lo-que-usted-debe-saber-para-prevenir-enfermedades\/#primaryimage"},"image":{"@id":"https:\/\/www.dge.gob.pe\/portalnuevo\/informacion-publica\/lo-que-usted-debe-saber-para-prevenir-enfermedades\/#primaryimage"},"thumbnailUrl":"https:\/\/www.dge.gob.pe\/informacion-publica\/2020\/El_colera.png","datePublished":"2023-12-14T17:00:38+00:00","dateModified":"2026-04-24T21:07:47+00:00","breadcrumb":{"@id":"https:\/\/www.dge.gob.pe\/portalnuevo\/informacion-publica\/lo-que-usted-debe-saber-para-prevenir-enfermedades\/#breadcrumb"},"inLanguage":"es-PE","potentialAction":[{"@type":"ReadAction","target":["https:\/\/www.dge.gob.pe\/portalnuevo\/informacion-publica\/lo-que-usted-debe-saber-para-prevenir-enfermedades\/"]}]},{"@type":"ImageObject","inLanguage":"es-PE","@id":"https:\/\/www.dge.gob.pe\/portalnuevo\/informacion-publica\/lo-que-usted-debe-saber-para-prevenir-enfermedades\/#primaryimage","url":"https:\/\/www.dge.gob.pe\/informacion-publica\/2020\/El_colera.png","contentUrl":"https:\/\/www.dge.gob.pe\/informacion-publica\/2020\/El_colera.png"},{"@type":"BreadcrumbList","@id":"https:\/\/www.dge.gob.pe\/portalnuevo\/informacion-publica\/lo-que-usted-debe-saber-para-prevenir-enfermedades\/#breadcrumb","itemListElement":[{"@type":"ListItem","position":1,"name":"Portada","item":"https:\/\/www.dge.gob.pe\/portalnuevo\/"},{"@type":"ListItem","position":2,"name":"Informaci\u00f3n P\u00fablica","item":"https:\/\/www.dge.gob.pe\/portalnuevo\/informacion-publica\/"},{"@type":"ListItem","position":3,"name":"Lo que usted debe saber para prevenir enfermedades"}]},{"@type":"WebSite","@id":"https:\/\/www.dge.gob.pe\/portalnuevo\/#website","url":"https:\/\/www.dge.gob.pe\/portalnuevo\/","name":"Centro Nacional de Epidemiolog\u00eda Prevenci\u00f3n y Control de Enfermedades","description":"","publisher":{"@id":"https:\/\/www.dge.gob.pe\/portalnuevo\/#organization"},"potentialAction":[{"@type":"SearchAction","target":{"@type":"EntryPoint","urlTemplate":"https:\/\/www.dge.gob.pe\/portalnuevo\/?s={search_term_string}"},"query-input":{"@type":"PropertyValueSpecification","valueRequired":true,"valueName":"search_term_string"}}],"inLanguage":"es-PE"},{"@type":"Organization","@id":"https:\/\/www.dge.gob.pe\/portalnuevo\/#organization","name":"Centro Nacional de Epidemiolog\u00eda Prevenci\u00f3n y Control de Enfermedades","url":"https:\/\/www.dge.gob.pe\/portalnuevo\/","logo":{"@type":"ImageObject","inLanguage":"es-PE","@id":"https:\/\/www.dge.gob.pe\/portalnuevo\/#\/schema\/logo\/image\/","url":"https:\/\/www.dge.gob.pe\/portalnuevo\/wp-content\/uploads\/2023\/03\/logo_cdc.jpeg","contentUrl":"https:\/\/www.dge.gob.pe\/portalnuevo\/wp-content\/uploads\/2023\/03\/logo_cdc.jpeg","width":1280,"height":127,"caption":"Centro Nacional de Epidemiolog\u00eda Prevenci\u00f3n y Control de Enfermedades"},"image":{"@id":"https:\/\/www.dge.gob.pe\/portalnuevo\/#\/schema\/logo\/image\/"},"sameAs":["https:\/\/www.facebook.com\/cdcperuminsa","https:\/\/x.com\/cdc_peru","https:\/\/www.youtube.com\/cdcperu"]}]}},"_links":{"self":[{"href":"https:\/\/www.dge.gob.pe\/portalnuevo\/wp-json\/wp\/v2\/pages\/1850","targetHints":{"allow":["GET"]}}],"collection":[{"href":"https:\/\/www.dge.gob.pe\/portalnuevo\/wp-json\/wp\/v2\/pages"}],"about":[{"href":"https:\/\/www.dge.gob.pe\/portalnuevo\/wp-json\/wp\/v2\/types\/page"}],"author":[{"embeddable":true,"href":"https:\/\/www.dge.gob.pe\/portalnuevo\/wp-json\/wp\/v2\/users\/1"}],"replies":[{"embeddable":true,"href":"https:\/\/www.dge.gob.pe\/portalnuevo\/wp-json\/wp\/v2\/comments?post=1850"}],"version-history":[{"count":45,"href":"https:\/\/www.dge.gob.pe\/portalnuevo\/wp-json\/wp\/v2\/pages\/1850\/revisions"}],"predecessor-version":[{"id":13935,"href":"https:\/\/www.dge.gob.pe\/portalnuevo\/wp-json\/wp\/v2\/pages\/1850\/revisions\/13935"}],"up":[{"embeddable":true,"href":"https:\/\/www.dge.gob.pe\/portalnuevo\/wp-json\/wp\/v2\/pages\/1808"}],"wp:attachment":[{"href":"https:\/\/www.dge.gob.pe\/portalnuevo\/wp-json\/wp\/v2\/media?parent=1850"}],"curies":[{"name":"wp","href":"https:\/\/api.w.org\/{rel}","templated":true}]}}