{"id":1974,"date":"2024-01-22T17:14:36","date_gmt":"2024-01-22T22:14:36","guid":{"rendered":"https:\/\/www.dge.gob.pe\/portalnuevo\/?page_id=1974"},"modified":"2025-08-11T09:59:18","modified_gmt":"2025-08-11T14:59:18","slug":"situacion-del-covid-19-en-el-peru","status":"publish","type":"page","link":"https:\/\/www.dge.gob.pe\/portalnuevo\/situacion-del-covid-19-en-el-peru\/","title":{"rendered":"Situaci\u00f3n del COVID-19 en el Per\u00fa"},"content":{"rendered":"\t\t<div data-elementor-type=\"wp-page\" data-elementor-id=\"1974\" class=\"elementor elementor-1974\" data-elementor-post-type=\"page\">\n\t\t\t\t<div data-particle_enable=\"false\" data-particle-mobile-disabled=\"false\" class=\"elementor-element elementor-element-529c6c8f e-con-full e-flex e-con e-parent\" data-id=\"529c6c8f\" data-element_type=\"container\" data-settings=\"{&quot;jet_parallax_layout_list&quot;:[]}\">\n\t\t\t\t<div class=\"elementor-element elementor-element-68017d85 elementor-widget elementor-widget-toggle\" data-id=\"68017d85\" data-element_type=\"widget\" data-widget_type=\"toggle.default\">\n\t\t\t\t<div class=\"elementor-widget-container\">\n\t\t\t\t\t\t\t<div class=\"elementor-toggle\">\n\t\t\t\t\t\t\t<div class=\"elementor-toggle-item\">\n\t\t\t\t\t<div id=\"elementor-tab-title-1741\" class=\"elementor-tab-title\" data-tab=\"1\" role=\"button\" aria-controls=\"elementor-tab-content-1741\" aria-expanded=\"false\">\n\t\t\t\t\t\t\t\t\t\t\t\t<span class=\"elementor-toggle-icon elementor-toggle-icon-right\" aria-hidden=\"true\">\n\t\t\t\t\t\t\t\t\t\t\t\t\t\t\t<span class=\"elementor-toggle-icon-closed\"><i class=\"fas fa-angle-down\"><\/i><\/span>\n\t\t\t\t\t\t\t\t<span class=\"elementor-toggle-icon-opened\"><i class=\"elementor-toggle-icon-opened fas fa-angle-up\"><\/i><\/span>\n\t\t\t\t\t\t\t\t\t\t\t\t\t<\/span>\n\t\t\t\t\t\t\t\t\t\t\t\t<a class=\"elementor-toggle-title\" tabindex=\"0\">Ver situaci\u00f3n de la COVID-19 en el Per\u00fa<\/a>\n\t\t\t\t\t<\/div>\n\n\t\t\t\t\t<div id=\"elementor-tab-content-1741\" class=\"elementor-tab-content elementor-clearfix\" data-tab=\"1\" role=\"region\" aria-labelledby=\"elementor-tab-title-1741\"><ul><li style=\"list-style-type: none;\"><ul><li>Resumen de situaci\u00f3n de la COVID-19 en el Per\u00fa (indicadores y tendencias) | <a href=\"https:\/\/www.dge.gob.pe\/covid19.html\" target=\"_blank\" rel=\"noopener noreferrer\">Clic aqu\u00ed para ver sala <i class=\"fa fa-external-link\"><\/i><\/a><\/li><li>Plataforma Nacional de Datos Abiertos de COVID-19 | <a href=\"https:\/\/www.datosabiertos.gob.pe\/group\/datos-abiertos-de-covid-19\" target=\"_blank\" rel=\"noopener noreferrer\">Clic aqu\u00ed para ver sala <i class=\"fa fa-external-link\"><\/i><\/a><\/li><\/ul><\/li><\/ul><p><!--li><a href=\"https:\/\/www.datosabiertos.gob.pe\/dataset\/hospitalizados-vacunados-y-fallecidos-por-covid-19\" target=\"_blank\" rel=\"noopener noreferrer\">Ver Hospitalizados, vacunados y fallecidos por COVID-19 <i class=\"fa fa-external-link\"><\/i><\/a><\/li>\n<li><a href=\"https:\/\/covid19.minsa.gob.pe\/sala_situacional.asp\" target=\"_blank\" rel=\"noopener noreferrer\">Ver situaci\u00f3n del COVID-19 en el Per\u00fa <i class=\"fa fa-external-link\"><\/i><\/a><\/li>\n<li><a href=\"https:\/\/www.datosabiertos.gob.pe\/dataset\/fallecidos-hospitalizados-y-vacunados-por-covid-19\" target=\"_blank\" rel=\"noopener noreferrer\">Ver Fallecidos, hospitalizados y vacunados por COVID-19 <i class=\"fa fa-external-link\"><\/i><\/a><\/li--><\/p><\/div>\n\t\t\t\t<\/div>\n\t\t\t\t\t\t\t\t<\/div>\n\t\t\t\t\t\t<\/div>\n\t\t\t\t<\/div>\n\t\t\t\t<div class=\"elementor-element elementor-element-a936944 elementor-widget elementor-widget-toggle\" data-id=\"a936944\" data-element_type=\"widget\" data-widget_type=\"toggle.default\">\n\t\t\t\t<div class=\"elementor-widget-container\">\n\t\t\t\t\t\t\t<div class=\"elementor-toggle\">\n\t\t\t\t\t\t\t<div class=\"elementor-toggle-item\">\n\t\t\t\t\t<div id=\"elementor-tab-title-1771\" class=\"elementor-tab-title\" data-tab=\"1\" role=\"button\" aria-controls=\"elementor-tab-content-1771\" aria-expanded=\"false\">\n\t\t\t\t\t\t\t\t\t\t\t\t<span class=\"elementor-toggle-icon elementor-toggle-icon-right\" aria-hidden=\"true\">\n\t\t\t\t\t\t\t\t\t\t\t\t\t\t\t<span class=\"elementor-toggle-icon-closed\"><i class=\"fas fa-angle-down\"><\/i><\/span>\n\t\t\t\t\t\t\t\t<span class=\"elementor-toggle-icon-opened\"><i class=\"elementor-toggle-icon-opened fas fa-angle-up\"><\/i><\/span>\n\t\t\t\t\t\t\t\t\t\t\t\t\t<\/span>\n\t\t\t\t\t\t\t\t\t\t\t\t<a class=\"elementor-toggle-title\" tabindex=\"0\">Archivo - Sala situacional COVID-19<\/a>\n\t\t\t\t\t<\/div>\n\n\t\t\t\t\t<div id=\"elementor-tab-content-1771\" class=\"elementor-tab-content elementor-clearfix\" data-tab=\"1\" role=\"region\" aria-labelledby=\"elementor-tab-title-1771\"><p><em>Nota: Para abrir el archivo, dar clic en la fecha del calendario que desea buscar.<\/em><br \/><strong>Actualizado hasta la fecha: 09-04-2025 |<a href=\"https:\/\/www.dge.gob.pe\/portal\/docs\/tools\/coronavirus\/coronavirus090425.pdf\" target=\"_blank\" rel=\"noopener noreferrer\"> Clic aqu\u00ed para descargar archivo <i class=\"fa fa-file-pdf-o\" style=\"color: red;\"><\/i><\/a><\/strong><br \/><iframe src=\"https:\/\/www.dge.gob.pe\/portal\/docs\/tools\/coronavirus\/calendario_salasituacional_covid.html?09042025\" width=\"100%\" height=\"500px\"><span data-mce-type=\"bookmark\" style=\"display: inline-block; width: 0px; overflow: hidden; line-height: 0;\" class=\"mce_SELRES_start\">\ufeff<\/span><span data-mce-type=\"bookmark\" style=\"display: inline-block; width: 0px; overflow: hidden; line-height: 0;\" class=\"mce_SELRES_start\">\ufeff<\/span><\/iframe><\/p><\/div>\n\t\t\t\t<\/div>\n\t\t\t\t\t\t\t\t<\/div>\n\t\t\t\t\t\t<\/div>\n\t\t\t\t<\/div>\n\t\t\t\t<div class=\"elementor-element elementor-element-a1cf5cd elementor-widget elementor-widget-toggle\" data-id=\"a1cf5cd\" data-element_type=\"widget\" data-widget_type=\"toggle.default\">\n\t\t\t\t<div class=\"elementor-widget-container\">\n\t\t\t\t\t\t\t<div class=\"elementor-toggle\">\n\t\t\t\t\t\t\t<div class=\"elementor-toggle-item\">\n\t\t\t\t\t<div id=\"elementor-tab-title-1691\" class=\"elementor-tab-title\" data-tab=\"1\" role=\"button\" aria-controls=\"elementor-tab-content-1691\" aria-expanded=\"false\">\n\t\t\t\t\t\t\t\t\t\t\t\t<span class=\"elementor-toggle-icon elementor-toggle-icon-right\" aria-hidden=\"true\">\n\t\t\t\t\t\t\t\t\t\t\t\t\t\t\t<span class=\"elementor-toggle-icon-closed\"><i class=\"fas fa-angle-down\"><\/i><\/span>\n\t\t\t\t\t\t\t\t<span class=\"elementor-toggle-icon-opened\"><i class=\"elementor-toggle-icon-opened fas fa-angle-up\"><\/i><\/span>\n\t\t\t\t\t\t\t\t\t\t\t\t\t<\/span>\n\t\t\t\t\t\t\t\t\t\t\t\t<a class=\"elementor-toggle-title\" tabindex=\"0\">Archivo hist\u00f3rico de la pandemia COVID-19<\/a>\n\t\t\t\t\t<\/div>\n\n\t\t\t\t\t<div id=\"elementor-tab-content-1691\" class=\"elementor-tab-content elementor-clearfix\" data-tab=\"1\" role=\"region\" aria-labelledby=\"elementor-tab-title-1691\"><h5>Mapas de Calor COVID-19<\/h5><p><b>Nota:<\/b> Para acceder al mapa, dar clic en el departamento que desea buscar.<\/p><table width=\"440\"><tbody><tr><td style=\"text-align: center;\" width=\"80\"><a href=\"https:\/\/www.dge.gob.pe\/covid19\/mapas\/heatmap_AMAZONAS.html\" target=\"_blank\" rel=\"noopener noreferrer\">Amazonas<\/a><\/td><td style=\"text-align: center;\" width=\"96\"><a href=\"https:\/\/www.dge.gob.pe\/covid19\/mapas\/heatmap_ANCASH.html\" target=\"_blank\" rel=\"noopener noreferrer\">Ancash<\/a><\/td><td style=\"text-align: center;\" width=\"80\"><a href=\"https:\/\/www.dge.gob.pe\/covid19\/mapas\/heatmap_APURIMAC.html\" target=\"_blank\" rel=\"noopener noreferrer\">Apurimac<\/a><\/td><td style=\"text-align: center;\" width=\"88\"><a href=\"https:\/\/www.dge.gob.pe\/covid19\/mapas\/heatmap_AREQUIPA.html\" target=\"_blank\" rel=\"noopener noreferrer\">Arequipa<\/a><\/td><td style=\"text-align: center;\" width=\"96\"><a href=\"https:\/\/www.dge.gob.pe\/covid19\/mapas\/heatmap_AYACUCHO.html\" target=\"_blank\" rel=\"noopener noreferrer\">Ayacucho<\/a><\/td><\/tr><tr><td style=\"text-align: center;\"><a href=\"https:\/\/www.dge.gob.pe\/covid19\/mapas\/heatmap_CAJAMARCA.html\" target=\"_blank\" rel=\"noopener noreferrer\">Cajamarca<\/a><\/td><td style=\"text-align: center;\"><a href=\"https:\/\/www.dge.gob.pe\/covid19\/mapas\/heatmap_CALLAO.html\" target=\"_blank\" rel=\"noopener noreferrer\">Callao<\/a><\/td><td style=\"text-align: center;\"><a href=\"https:\/\/www.dge.gob.pe\/covid19\/mapas\/heatmap_CUSCO.html\" target=\"_blank\" rel=\"noopener noreferrer\">Cusco<\/a><\/td><td style=\"text-align: center;\"><a href=\"https:\/\/www.dge.gob.pe\/covid19\/mapas\/heatmap_HUANCAVELICA.html\" target=\"_blank\" rel=\"noopener noreferrer\">Huancavelica<\/a><\/td><td style=\"text-align: center;\"><a href=\"https:\/\/www.dge.gob.pe\/covid19\/mapas\/heatmap_HUANUCO.html\" target=\"_blank\" rel=\"noopener noreferrer\">Hu\u00e1nuco<\/a><\/td><\/tr><tr><td style=\"text-align: center;\"><a href=\"https:\/\/www.dge.gob.pe\/covid19\/mapas\/heatmap_ICA.html\" target=\"_blank\" rel=\"noopener noreferrer\">Ica<\/a><\/td><td style=\"text-align: center;\"><a href=\"https:\/\/www.dge.gob.pe\/covid19\/mapas\/heatmap_JUNIN.html\" target=\"_blank\" rel=\"noopener noreferrer\">Jun\u00edn<\/a><\/td><td style=\"text-align: center;\"><a href=\"https:\/\/www.dge.gob.pe\/covid19\/mapas\/heatmap_LA LIBERTAD.html\" target=\"_blank\" rel=\"noopener noreferrer\">La Libertad<\/a><\/td><td style=\"text-align: center;\"><a href=\"https:\/\/www.dge.gob.pe\/covid19\/mapas\/heatmap_LAMBAYEQUE.html\" target=\"_blank\" rel=\"noopener noreferrer\">Lambayeque<\/a><\/td><td style=\"text-align: center;\"><a href=\"https:\/\/www.dge.gob.pe\/covid19\/mapas\/heatmap_LIMA.html\" target=\"_blank\" rel=\"noopener noreferrer\">Lima<\/a><\/td><\/tr><tr><td style=\"text-align: center;\"><a href=\"https:\/\/www.dge.gob.pe\/covid19\/mapas\/heatmap_LORETO.html\" target=\"_blank\" rel=\"noopener noreferrer\">Loreto<\/a><\/td><td style=\"text-align: center;\"><a href=\"https:\/\/www.dge.gob.pe\/covid19\/mapas\/heatmap_MADRE DE DIOS.html\" target=\"_blank\" rel=\"noopener noreferrer\">Madre de Dios<\/a><\/td><td style=\"text-align: center;\"><a href=\"https:\/\/www.dge.gob.pe\/covid19\/mapas\/heatmap_MOQUEGUA.html\" target=\"_blank\" rel=\"noopener noreferrer\">Moquegua<\/a><\/td><td style=\"text-align: center;\"><a href=\"https:\/\/www.dge.gob.pe\/covid19\/mapas\/heatmap_PASCO.html\" target=\"_blank\" rel=\"noopener noreferrer\">Pasco<\/a><\/td><td style=\"text-align: center;\"><a href=\"https:\/\/www.dge.gob.pe\/covid19\/mapas\/heatmap_PIURA.html\" target=\"_blank\" rel=\"noopener noreferrer\">Piura<\/a><\/td><\/tr><tr><td style=\"text-align: center;\"><a href=\"https:\/\/www.dge.gob.pe\/covid19\/mapas\/heatmap_PUNO.html\" target=\"_blank\" rel=\"noopener noreferrer\">Puno<\/a><\/td><td style=\"text-align: center;\"><a href=\"https:\/\/www.dge.gob.pe\/covid19\/mapas\/heatmap_SAN MARTIN.html\" target=\"_blank\" rel=\"noopener noreferrer\">San Mart\u00edn<\/a><\/td><td style=\"text-align: center;\"><a href=\"https:\/\/www.dge.gob.pe\/covid19\/mapas\/heatmap_TACNA.html\" target=\"_blank\" rel=\"noopener noreferrer\">Tacna<\/a><\/td><td style=\"text-align: center;\"><a href=\"https:\/\/www.dge.gob.pe\/covid19\/mapas\/heatmap_TUMBES.html\" target=\"_blank\" rel=\"noopener noreferrer\">Tumbes<\/a><\/td><td style=\"text-align: center;\"><a href=\"https:\/\/www.dge.gob.pe\/covid19\/mapas\/heatmap_UCAYALI.html\" target=\"_blank\" rel=\"noopener noreferrer\">Ucayali<\/a><\/td><\/tr><\/tbody><\/table><h5>Otras salas<\/h5><ul><li style=\"list-style-type: none\"><ul><li>Poblaci\u00f3n ind\u00edgena | <a href=\"https:\/\/www.dge.gob.pe\/covid19\/reportes\/xx_etnias_web.html\" target=\"_blank\" rel=\"noopener noreferrer\">Clic aqu\u00ed para ver sala <i class=\"fa fa-external-link\"><\/i><\/a><\/li><li>Exceso de mortalidad | <a href=\"https:\/\/www.dge.gob.pe\/covid19\/reportes\/report_exceso.html\" target=\"_blank\" rel=\"noopener noreferrer\">Clic aqu\u00ed para ver sala <i class=\"fa fa-external-link\"><\/i><\/a><\/li><li>N\u00famero reproductivo efectivo (Rt) | <a href=\"https:\/\/www.dge.gob.pe\/covid19\/reportes\/covid-report-rt_web2.html\" target=\"_blank\" rel=\"noopener noreferrer\">Clic aqu\u00ed para ver sala <i class=\"fa fa-external-link\"><\/i><\/a><\/li><li>Sala situacional de trabajadores del sector salud | <a href=\"https:\/\/www.dge.gob.pe\/dashpersonalsalud\" target=\"_blank\" rel=\"noopener noreferrer\">Clic aqu\u00ed para ver sala <i class=\"fa fa-external-link\"><\/i><\/a><\/li><li>Disponibilidad de camas | <a href=\"https:\/\/www.dge.gob.pe\/covid19\/reportes\/report_camas_covid.html\" target=\"_blank\" rel=\"noopener noreferrer\">Clic aqu\u00ed para ver sala <i class=\"fa fa-external-link\"><\/i><\/a><\/li><li>Mortalidad | <a href=\"https:\/\/www.dge.gob.pe\/covid19\/reportes\/mortalidad_covid.html\" target=\"_blank\" rel=\"noopener noreferrer\">Clic aqu\u00ed para ver sala <i class=\"fa fa-external-link\"><\/i><\/a><\/li><\/ul><\/li><\/ul><p>\u00a0<\/p><\/div>\n\t\t\t\t<\/div>\n\t\t\t\t\t\t\t\t<\/div>\n\t\t\t\t\t\t<\/div>\n\t\t\t\t<\/div>\n\t\t\t\t<\/div>\n\t\t\t\t<\/div>\n\t\t","protected":false},"excerpt":{"rendered":"<p>Ver situaci\u00f3n de la COVID-19 en el Per\u00fa Resumen de situaci\u00f3n de la COVID-19 en el Per\u00fa (indicadores y tendencias) | Clic aqu\u00ed para ver sala Plataforma Nacional de Datos Abiertos de COVID-19 | Clic aqu\u00ed para ver sala Archivo &#8211; Sala situacional COVID-19 Nota: Para abrir el archivo, dar clic en la fecha del [&hellip;]<\/p>\n","protected":false},"author":1,"featured_media":0,"parent":0,"menu_order":0,"comment_status":"closed","ping_status":"closed","template":"","meta":{"site-sidebar-layout":"default","site-content-layout":"","ast-site-content-layout":"default","site-content-style":"default","site-sidebar-style":"default","ast-global-header-display":"","ast-banner-title-visibility":"","ast-main-header-display":"","ast-hfb-above-header-display":"","ast-hfb-below-header-display":"","ast-hfb-mobile-header-display":"","site-post-title":"","ast-breadcrumbs-content":"","ast-featured-img":"","footer-sml-layout":"","ast-disable-related-posts":"","theme-transparent-header-meta":"","adv-header-id-meta":"","stick-header-meta":"","header-above-stick-meta":"","header-main-stick-meta":"","header-below-stick-meta":"","astra-migrate-meta-layouts":"default","ast-page-background-enabled":"default","ast-page-background-meta":{"desktop":{"background-color":"var(--ast-global-color-4)","background-image":"","background-repeat":"repeat","background-position":"center center","background-size":"auto","background-attachment":"scroll","background-type":"","background-media":"","overlay-type":"","overlay-color":"","overlay-opacity":"","overlay-gradient":""},"tablet":{"background-color":"","background-image":"","background-repeat":"repeat","background-position":"center center","background-size":"auto","background-attachment":"scroll","background-type":"","background-media":"","overlay-type":"","overlay-color":"","overlay-opacity":"","overlay-gradient":""},"mobile":{"background-color":"","background-image":"","background-repeat":"repeat","background-position":"center center","background-size":"auto","background-attachment":"scroll","background-type":"","background-media":"","overlay-type":"","overlay-color":"","overlay-opacity":"","overlay-gradient":""}},"ast-content-background-meta":{"desktop":{"background-color":"var(--ast-global-color-5)","background-image":"","background-repeat":"repeat","background-position":"center center","background-size":"auto","background-attachment":"scroll","background-type":"","background-media":"","overlay-type":"","overlay-color":"","overlay-opacity":"","overlay-gradient":""},"tablet":{"background-color":"var(--ast-global-color-5)","background-image":"","background-repeat":"repeat","background-position":"center center","background-size":"auto","background-attachment":"scroll","background-type":"","background-media":"","overlay-type":"","overlay-color":"","overlay-opacity":"","overlay-gradient":""},"mobile":{"background-color":"var(--ast-global-color-5)","background-image":"","background-repeat":"repeat","background-position":"center center","background-size":"auto","background-attachment":"scroll","background-type":"","background-media":"","overlay-type":"","overlay-color":"","overlay-opacity":"","overlay-gradient":""}},"footnotes":""},"class_list":["post-1974","page","type-page","status-publish","hentry"],"yoast_head":"<!-- This site is optimized with the Yoast SEO Premium plugin v26.6 (Yoast SEO v26.7) - https:\/\/yoast.com\/wordpress\/plugins\/seo\/ -->\n<title>Situaci\u00f3n del COVID-19 en el Per\u00fa - Centro Nacional de Epidemiolog\u00eda Prevenci\u00f3n y Control de Enfermedades<\/title>\n<meta name=\"robots\" content=\"index, follow, max-snippet:-1, max-image-preview:large, max-video-preview:-1\" \/>\n<link rel=\"canonical\" href=\"https:\/\/www.dge.gob.pe\/portalnuevo\/situacion-del-covid-19-en-el-peru\/\" \/>\n<meta property=\"og:locale\" content=\"es_ES\" \/>\n<meta property=\"og:type\" content=\"article\" \/>\n<meta property=\"og:title\" content=\"Situaci\u00f3n del COVID-19 en el Per\u00fa\" \/>\n<meta property=\"og:description\" content=\"Ver situaci\u00f3n de la COVID-19 en el Per\u00fa Resumen de situaci\u00f3n de la COVID-19 en el Per\u00fa (indicadores y tendencias) | Clic aqu\u00ed para ver sala Plataforma Nacional de Datos Abiertos de COVID-19 | Clic aqu\u00ed para ver sala Archivo &#8211; Sala situacional COVID-19 Nota: Para abrir el archivo, dar clic en la fecha del [&hellip;]\" \/>\n<meta property=\"og:url\" content=\"https:\/\/www.dge.gob.pe\/portalnuevo\/situacion-del-covid-19-en-el-peru\/\" \/>\n<meta property=\"og:site_name\" content=\"Centro Nacional de Epidemiolog\u00eda Prevenci\u00f3n y Control de Enfermedades\" \/>\n<meta property=\"article:publisher\" content=\"https:\/\/www.facebook.com\/cdcperuminsa\" \/>\n<meta property=\"article:modified_time\" content=\"2025-08-11T14:59:18+00:00\" \/>\n<meta name=\"twitter:card\" content=\"summary_large_image\" \/>\n<meta name=\"twitter:site\" content=\"@cdc_peru\" \/>\n<meta name=\"twitter:label1\" content=\"Est. reading time\" \/>\n\t<meta name=\"twitter:data1\" content=\"1 minuto\" \/>\n<script type=\"application\/ld+json\" class=\"yoast-schema-graph\">{\"@context\":\"https:\/\/schema.org\",\"@graph\":[{\"@type\":\"WebPage\",\"@id\":\"https:\/\/www.dge.gob.pe\/portalnuevo\/situacion-del-covid-19-en-el-peru\/\",\"url\":\"https:\/\/www.dge.gob.pe\/portalnuevo\/situacion-del-covid-19-en-el-peru\/\",\"name\":\"Situaci\u00f3n del COVID-19 en el Per\u00fa - Centro Nacional de Epidemiolog\u00eda Prevenci\u00f3n y Control de Enfermedades\",\"isPartOf\":{\"@id\":\"https:\/\/www.dge.gob.pe\/portalnuevo\/#website\"},\"datePublished\":\"2024-01-22T22:14:36+00:00\",\"dateModified\":\"2025-08-11T14:59:18+00:00\",\"breadcrumb\":{\"@id\":\"https:\/\/www.dge.gob.pe\/portalnuevo\/situacion-del-covid-19-en-el-peru\/#breadcrumb\"},\"inLanguage\":\"es-PE\",\"potentialAction\":[{\"@type\":\"ReadAction\",\"target\":[\"https:\/\/www.dge.gob.pe\/portalnuevo\/situacion-del-covid-19-en-el-peru\/\"]}]},{\"@type\":\"BreadcrumbList\",\"@id\":\"https:\/\/www.dge.gob.pe\/portalnuevo\/situacion-del-covid-19-en-el-peru\/#breadcrumb\",\"itemListElement\":[{\"@type\":\"ListItem\",\"position\":1,\"name\":\"Portada\",\"item\":\"https:\/\/www.dge.gob.pe\/portalnuevo\/\"},{\"@type\":\"ListItem\",\"position\":2,\"name\":\"Situaci\u00f3n del COVID-19 en el Per\u00fa\"}]},{\"@type\":\"WebSite\",\"@id\":\"https:\/\/www.dge.gob.pe\/portalnuevo\/#website\",\"url\":\"https:\/\/www.dge.gob.pe\/portalnuevo\/\",\"name\":\"Centro Nacional de Epidemiolog\u00eda Prevenci\u00f3n y Control de Enfermedades\",\"description\":\"\",\"publisher\":{\"@id\":\"https:\/\/www.dge.gob.pe\/portalnuevo\/#organization\"},\"potentialAction\":[{\"@type\":\"SearchAction\",\"target\":{\"@type\":\"EntryPoint\",\"urlTemplate\":\"https:\/\/www.dge.gob.pe\/portalnuevo\/?s={search_term_string}\"},\"query-input\":{\"@type\":\"PropertyValueSpecification\",\"valueRequired\":true,\"valueName\":\"search_term_string\"}}],\"inLanguage\":\"es-PE\"},{\"@type\":\"Organization\",\"@id\":\"https:\/\/www.dge.gob.pe\/portalnuevo\/#organization\",\"name\":\"Centro Nacional de Epidemiolog\u00eda Prevenci\u00f3n y Control de Enfermedades\",\"url\":\"https:\/\/www.dge.gob.pe\/portalnuevo\/\",\"logo\":{\"@type\":\"ImageObject\",\"inLanguage\":\"es-PE\",\"@id\":\"https:\/\/www.dge.gob.pe\/portalnuevo\/#\/schema\/logo\/image\/\",\"url\":\"https:\/\/www.dge.gob.pe\/portalnuevo\/wp-content\/uploads\/2023\/03\/logo_cdc.jpeg\",\"contentUrl\":\"https:\/\/www.dge.gob.pe\/portalnuevo\/wp-content\/uploads\/2023\/03\/logo_cdc.jpeg\",\"width\":1280,\"height\":127,\"caption\":\"Centro Nacional de Epidemiolog\u00eda Prevenci\u00f3n y Control de Enfermedades\"},\"image\":{\"@id\":\"https:\/\/www.dge.gob.pe\/portalnuevo\/#\/schema\/logo\/image\/\"},\"sameAs\":[\"https:\/\/www.facebook.com\/cdcperuminsa\",\"https:\/\/x.com\/cdc_peru\",\"https:\/\/www.youtube.com\/cdcperu\"]}]}<\/script>\n<!-- \/ Yoast SEO Premium plugin. -->","yoast_head_json":{"title":"Situaci\u00f3n del COVID-19 en el Per\u00fa - Centro Nacional de Epidemiolog\u00eda Prevenci\u00f3n y Control de Enfermedades","robots":{"index":"index","follow":"follow","max-snippet":"max-snippet:-1","max-image-preview":"max-image-preview:large","max-video-preview":"max-video-preview:-1"},"canonical":"https:\/\/www.dge.gob.pe\/portalnuevo\/situacion-del-covid-19-en-el-peru\/","og_locale":"es_ES","og_type":"article","og_title":"Situaci\u00f3n del COVID-19 en el Per\u00fa","og_description":"Ver situaci\u00f3n de la COVID-19 en el Per\u00fa Resumen de situaci\u00f3n de la COVID-19 en el Per\u00fa (indicadores y tendencias) | Clic aqu\u00ed para ver sala Plataforma Nacional de Datos Abiertos de COVID-19 | Clic aqu\u00ed para ver sala Archivo &#8211; Sala situacional COVID-19 Nota: Para abrir el archivo, dar clic en la fecha del [&hellip;]","og_url":"https:\/\/www.dge.gob.pe\/portalnuevo\/situacion-del-covid-19-en-el-peru\/","og_site_name":"Centro Nacional de Epidemiolog\u00eda Prevenci\u00f3n y Control de Enfermedades","article_publisher":"https:\/\/www.facebook.com\/cdcperuminsa","article_modified_time":"2025-08-11T14:59:18+00:00","twitter_card":"summary_large_image","twitter_site":"@cdc_peru","twitter_misc":{"Est. reading time":"1 minuto"},"schema":{"@context":"https:\/\/schema.org","@graph":[{"@type":"WebPage","@id":"https:\/\/www.dge.gob.pe\/portalnuevo\/situacion-del-covid-19-en-el-peru\/","url":"https:\/\/www.dge.gob.pe\/portalnuevo\/situacion-del-covid-19-en-el-peru\/","name":"Situaci\u00f3n del COVID-19 en el Per\u00fa - Centro Nacional de Epidemiolog\u00eda Prevenci\u00f3n y Control de Enfermedades","isPartOf":{"@id":"https:\/\/www.dge.gob.pe\/portalnuevo\/#website"},"datePublished":"2024-01-22T22:14:36+00:00","dateModified":"2025-08-11T14:59:18+00:00","breadcrumb":{"@id":"https:\/\/www.dge.gob.pe\/portalnuevo\/situacion-del-covid-19-en-el-peru\/#breadcrumb"},"inLanguage":"es-PE","potentialAction":[{"@type":"ReadAction","target":["https:\/\/www.dge.gob.pe\/portalnuevo\/situacion-del-covid-19-en-el-peru\/"]}]},{"@type":"BreadcrumbList","@id":"https:\/\/www.dge.gob.pe\/portalnuevo\/situacion-del-covid-19-en-el-peru\/#breadcrumb","itemListElement":[{"@type":"ListItem","position":1,"name":"Portada","item":"https:\/\/www.dge.gob.pe\/portalnuevo\/"},{"@type":"ListItem","position":2,"name":"Situaci\u00f3n del COVID-19 en el Per\u00fa"}]},{"@type":"WebSite","@id":"https:\/\/www.dge.gob.pe\/portalnuevo\/#website","url":"https:\/\/www.dge.gob.pe\/portalnuevo\/","name":"Centro Nacional de Epidemiolog\u00eda Prevenci\u00f3n y Control de Enfermedades","description":"","publisher":{"@id":"https:\/\/www.dge.gob.pe\/portalnuevo\/#organization"},"potentialAction":[{"@type":"SearchAction","target":{"@type":"EntryPoint","urlTemplate":"https:\/\/www.dge.gob.pe\/portalnuevo\/?s={search_term_string}"},"query-input":{"@type":"PropertyValueSpecification","valueRequired":true,"valueName":"search_term_string"}}],"inLanguage":"es-PE"},{"@type":"Organization","@id":"https:\/\/www.dge.gob.pe\/portalnuevo\/#organization","name":"Centro Nacional de Epidemiolog\u00eda Prevenci\u00f3n y Control de Enfermedades","url":"https:\/\/www.dge.gob.pe\/portalnuevo\/","logo":{"@type":"ImageObject","inLanguage":"es-PE","@id":"https:\/\/www.dge.gob.pe\/portalnuevo\/#\/schema\/logo\/image\/","url":"https:\/\/www.dge.gob.pe\/portalnuevo\/wp-content\/uploads\/2023\/03\/logo_cdc.jpeg","contentUrl":"https:\/\/www.dge.gob.pe\/portalnuevo\/wp-content\/uploads\/2023\/03\/logo_cdc.jpeg","width":1280,"height":127,"caption":"Centro Nacional de Epidemiolog\u00eda Prevenci\u00f3n y Control de Enfermedades"},"image":{"@id":"https:\/\/www.dge.gob.pe\/portalnuevo\/#\/schema\/logo\/image\/"},"sameAs":["https:\/\/www.facebook.com\/cdcperuminsa","https:\/\/x.com\/cdc_peru","https:\/\/www.youtube.com\/cdcperu"]}]}},"_links":{"self":[{"href":"https:\/\/www.dge.gob.pe\/portalnuevo\/wp-json\/wp\/v2\/pages\/1974","targetHints":{"allow":["GET"]}}],"collection":[{"href":"https:\/\/www.dge.gob.pe\/portalnuevo\/wp-json\/wp\/v2\/pages"}],"about":[{"href":"https:\/\/www.dge.gob.pe\/portalnuevo\/wp-json\/wp\/v2\/types\/page"}],"author":[{"embeddable":true,"href":"https:\/\/www.dge.gob.pe\/portalnuevo\/wp-json\/wp\/v2\/users\/1"}],"replies":[{"embeddable":true,"href":"https:\/\/www.dge.gob.pe\/portalnuevo\/wp-json\/wp\/v2\/comments?post=1974"}],"version-history":[{"count":55,"href":"https:\/\/www.dge.gob.pe\/portalnuevo\/wp-json\/wp\/v2\/pages\/1974\/revisions"}],"predecessor-version":[{"id":11877,"href":"https:\/\/www.dge.gob.pe\/portalnuevo\/wp-json\/wp\/v2\/pages\/1974\/revisions\/11877"}],"wp:attachment":[{"href":"https:\/\/www.dge.gob.pe\/portalnuevo\/wp-json\/wp\/v2\/media?parent=1974"}],"curies":[{"name":"wp","href":"https:\/\/api.w.org\/{rel}","templated":true}]}}