{"id":6492,"date":"2025-01-20T17:20:37","date_gmt":"2025-01-20T22:20:37","guid":{"rendered":"https:\/\/www.dge.gob.pe\/portalnuevo\/?page_id=6492"},"modified":"2025-06-16T12:40:55","modified_gmt":"2025-06-16T17:40:55","slug":"fetp-peru-preec","status":"publish","type":"page","link":"https:\/\/www.dge.gob.pe\/portalnuevo\/fetp-peru-preec\/","title":{"rendered":"FETP PER\u00da (PREEC)"},"content":{"rendered":"\t\t<div data-elementor-type=\"wp-page\" data-elementor-id=\"6492\" class=\"elementor elementor-6492\" data-elementor-post-type=\"page\">\n\t\t\t\t<div data-particle_enable=\"false\" data-particle-mobile-disabled=\"false\" class=\"elementor-element elementor-element-2c306dd e-flex e-con-boxed e-con e-parent\" data-id=\"2c306dd\" data-element_type=\"container\" data-settings=\"{&quot;jet_parallax_layout_list&quot;:[]}\">\n\t\t\t\t\t<div class=\"e-con-inner\">\n\t\t<div data-particle_enable=\"false\" data-particle-mobile-disabled=\"false\" class=\"elementor-element elementor-element-e2bab47 e-con-full e-flex e-con e-child\" data-id=\"e2bab47\" data-element_type=\"container\" data-settings=\"{&quot;jet_parallax_layout_list&quot;:[]}\">\n\t\t\t\t<div class=\"elementor-element elementor-element-a070298 eael_advanced_menu_hamburger_disable_selected_menu_no eael-advanced-menu-hamburger-align-right eael-advanced-menu--no eael-hamburger--tablet elementor-widget elementor-widget-global elementor-global-6532 elementor-widget-eael-advanced-menu\" data-id=\"a070298\" data-element_type=\"widget\" id=\"menu_fetp_peru\" data-widget_type=\"eael-advanced-menu.default\">\n\t\t\t\t<div class=\"elementor-widget-container\">\n\t\t\t\t\t<style>\n                        @media screen and (max-width: 1024px) {\n                            .eael-hamburger--tablet {\n                                .eael-advanced-menu-horizontal,\n                                .eael-advanced-menu-vertical {\n                                    display: none;\n                                }\n                            }\n                            .eael-hamburger--tablet {\n                                .eael-advanced-menu-container .eael-advanced-menu-toggle {\n                                    display: block;\n                                }\n                            }\n                        }\n                    <\/style>            <div data-hamburger-icon=\"&lt;i aria-hidden=&quot;true&quot; class=&quot;fas fa-bars&quot;&gt;&lt;\/i&gt;\" data-indicator-class=\"&lt;i aria-hidden=&quot;true&quot; class=&quot;fas fa-angle-down&quot;&gt;&lt;\/i&gt;\" data-dropdown-indicator-class=\"&lt;i aria-hidden=&quot;true&quot; class=&quot;fas fa-angle-down&quot;&gt;&lt;\/i&gt;\" class=\"eael-advanced-menu-container eael-advanced-menu-align-left eael-advanced-menu-dropdown-align-left\" data-hamburger-breakpoints=\"{&quot;mobile&quot;:&quot;M\\u00f3vil vertical (&gt; 767px)&quot;,&quot;tablet&quot;:&quot;Tableta vertical (&gt; 1024px)&quot;,&quot;desktop&quot;:&quot;Desktop (&gt; 2400px)&quot;,&quot;none&quot;:&quot;None&quot;}\" data-hamburger-device=\"tablet\">\n                <ul id=\"menu-menu_fetp_peru\" class=\"eael-advanced-menu eael-advanced-menu-dropdown-animate-to-top eael-advanced-menu-indicator eael-advanced-menu-vertical\"><li id=\"menu-item-6965\" class=\"menu-item menu-item-type-custom menu-item-object-custom menu-item-has-children menu-item-6965\"><a aria-expanded=\"false\" href=\"#\" class=\"menu-link\">FETP Per\u00fa<span role=\"application\" class=\"dropdown-menu-toggle ast-header-navigation-arrow\" tabindex=\"0\" aria-expanded=\"false\" aria-label=\"Menu Toggle\" aria-haspopup=\"true\"><\/span><\/a>\n<ul class=\"sub-menu\">\n\t<li id=\"menu-item-6971\" class=\"menu-item menu-item-type-post_type menu-item-object-page menu-item-6971\"><a href=\"https:\/\/www.dge.gob.pe\/portalnuevo\/fetp-peru-preec\/\" class=\"menu-link\">Informaci\u00f3n general<\/a><\/li>\n\t<li id=\"menu-item-6969\" class=\"menu-item menu-item-type-post_type menu-item-object-page menu-item-6969\"><a href=\"https:\/\/www.dge.gob.pe\/portalnuevo\/fetp-peru-preec\/fetp-historia\/\" class=\"menu-link\">Historia<\/a><\/li>\n\t<li id=\"menu-item-6966\" class=\"menu-item menu-item-type-post_type menu-item-object-page menu-item-6966\"><a href=\"https:\/\/www.dge.gob.pe\/portalnuevo\/fetp-peru-preec\/planes-y-politica-institucional\/\" class=\"menu-link\">Planes y pol\u00edtica institucional<\/a><\/li>\n\t<li id=\"menu-item-6967\" class=\"menu-item menu-item-type-post_type menu-item-object-page menu-item-6967\"><a href=\"https:\/\/www.dge.gob.pe\/portalnuevo\/fetp-peru-preec\/objetivos\/\" class=\"menu-link\">Objetivos<\/a><\/li>\n\t<li id=\"menu-item-6968\" class=\"menu-item menu-item-type-post_type menu-item-object-page menu-item-6968\"><a href=\"https:\/\/www.dge.gob.pe\/portalnuevo\/fetp-peru-preec\/metodologia\/\" class=\"menu-link\">Metodolog\u00eda<\/a><\/li>\n\t<li id=\"menu-item-6972\" class=\"menu-item menu-item-type-post_type menu-item-object-page menu-item-6972\"><a href=\"https:\/\/www.dge.gob.pe\/portalnuevo\/fetp-peru-preec\/dominios-de-competencia\/\" class=\"menu-link\">Dominios de competencia<\/a><\/li>\n<\/ul>\n<\/li>\n<li id=\"menu-item-6980\" class=\"menu-item menu-item-type-post_type menu-item-object-page menu-item-6980\"><a href=\"https:\/\/www.dge.gob.pe\/portalnuevo\/fetp-peru-preec\/nivel-frontline\/\" class=\"menu-link\">Nivel Frontline<\/a><\/li>\n<li id=\"menu-item-6979\" class=\"menu-item menu-item-type-post_type menu-item-object-page menu-item-6979\"><a href=\"https:\/\/www.dge.gob.pe\/portalnuevo\/fetp-peru-preec\/nivel-intermedio\/\" class=\"menu-link\">Nivel Intermedio<\/a><\/li>\n<li id=\"menu-item-6978\" class=\"menu-item menu-item-type-post_type menu-item-object-page menu-item-6978\"><a href=\"https:\/\/www.dge.gob.pe\/portalnuevo\/fetp-peru-preec\/nivel-avanzado\/\" class=\"menu-link\">Nivel Avanzado<\/a><\/li>\n<li id=\"menu-item-6977\" class=\"menu-item menu-item-type-post_type menu-item-object-page menu-item-6977\"><a href=\"https:\/\/www.dge.gob.pe\/portalnuevo\/fetp-peru-preec\/entrenamiento-tutores-y-facilitadores\/\" class=\"menu-link\">Entrenamiento tutores y facilitadores<\/a><\/li>\n<li id=\"menu-item-6976\" class=\"menu-item menu-item-type-post_type menu-item-object-page menu-item-6976\"><a href=\"https:\/\/www.dge.gob.pe\/portalnuevo\/fetp-peru-preec\/actividades-academicas-y-cientificas\/\" class=\"menu-link\">Actividades acad\u00e9micas y cient\u00edficas<\/a><\/li>\n<li id=\"menu-item-6975\" class=\"menu-item menu-item-type-post_type menu-item-object-page menu-item-6975\"><a href=\"https:\/\/www.dge.gob.pe\/portalnuevo\/fetp-peru-preec\/tephinet\/\" class=\"menu-link\">TEPHINET<\/a><\/li>\n<li id=\"menu-item-6974\" class=\"menu-item menu-item-type-post_type menu-item-object-page menu-item-6974\"><a href=\"https:\/\/www.dge.gob.pe\/portalnuevo\/fetp-peru-preec\/galeria-de-fotos-y-videos-fetp\/\" class=\"menu-link\">Galer\u00eda de fotos y videos<\/a><\/li>\n<\/ul>                <button class=\"eael-advanced-menu-toggle\" aria-label=\"Essential Addons Toggle Menu\">\n                    <i aria-hidden=\"true\" class=\"fas fa-bars\"><\/i>                <\/button>\n            <\/div>\n            \t\t\t\t<\/div>\n\t\t\t\t<\/div>\n\t\t\t\t<\/div>\n\t\t<div data-particle_enable=\"false\" data-particle-mobile-disabled=\"false\" class=\"elementor-element elementor-element-3279744 e-con-full e-flex e-con e-child\" data-id=\"3279744\" data-element_type=\"container\" data-settings=\"{&quot;jet_parallax_layout_list&quot;:[]}\">\n\t\t\t\t<div class=\"elementor-element elementor-element-5fc86bb elementor-widget elementor-widget-heading\" data-id=\"5fc86bb\" data-element_type=\"widget\" data-widget_type=\"heading.default\">\n\t\t\t\t<div class=\"elementor-widget-container\">\n\t\t\t\t\t<h2 class=\"elementor-heading-title elementor-size-default\">\u00bfQu\u00e9 es el FETP Per\u00fa?<\/h2>\t\t\t\t<\/div>\n\t\t\t\t<\/div>\n\t\t\t\t<div class=\"elementor-element elementor-element-d370d4e elementor-widget elementor-widget-text-editor\" data-id=\"d370d4e\" data-element_type=\"widget\" data-widget_type=\"text-editor.default\">\n\t\t\t\t<div class=\"elementor-widget-container\">\n\t\t\t\t\t\t\t\t\t<h5><img fetchpriority=\"high\" decoding=\"async\" class=\"alignnone size-full wp-image-6541\" style=\"float: right; padding: 20px;\" src=\"https:\/\/www.dge.gob.pe\/portalnuevo\/wp-content\/uploads\/2025\/01\/fetp.png\" alt=\"\" width=\"256\" height=\"257\" srcset=\"https:\/\/www.dge.gob.pe\/portalnuevo\/wp-content\/uploads\/2025\/01\/fetp.png 256w, https:\/\/www.dge.gob.pe\/portalnuevo\/wp-content\/uploads\/2025\/01\/fetp-150x150.png 150w\" sizes=\"(max-width: 256px) 100vw, 256px\" \/><strong>Field Epidemiology Training Program (FETP)<\/strong> por sus siglas en Ingl\u00e9s.<\/h5><p>Es un programa orientado hacia la formaci\u00f3n de recursos humanos con competencias epidemiol\u00f3gicas para los diferentes niveles de organizaci\u00f3n de la Red Nacional de Epidemiolog\u00eda (RENACE).<\/p><p>Es un programa piramidal, con metodolog\u00eda de \u201c<b><i>aprender haciendo\u201d<\/i><\/b>, desarrollando y fortaleciendo las competencias mediante la aplicaci\u00f3n en servicio; ante posibles brotes, epidemias o emergencias en Salud P\u00fablica con entrenamiento en situaciones y contextos reales.<\/p><p>El Ministerio de Salud, a trav\u00e9s del Centro Nacional de Prevenci\u00f3n y Control de Enfermedades (CDC-Per\u00fa), desde 1989 conduce el Programa de Entrenamiento en Epidemiolog\u00eda de Campo (PREEC) con su actual denominaci\u00f3n FETP Per\u00fa.<\/p><p>Per\u00fa, junto a 150 pa\u00edses hace parte de la <a href=\"https:\/\/www.tephinet.org\/\" target=\"_blank\" rel=\"noopener\">Red de Programas de Capacitaci\u00f3n en Epidemiolog\u00eda e Intervenciones de Salud P\u00fablica (TEPHINET)<\/a><\/p>\t\t\t\t\t\t\t\t<\/div>\n\t\t\t\t<\/div>\n\t\t\t\t<\/div>\n\t\t\t\t\t<\/div>\n\t\t\t\t<\/div>\n\t\t\t\t<\/div>\n\t\t","protected":false},"excerpt":{"rendered":"<p>FETP Per\u00fa Informaci\u00f3n general Historia Planes y pol\u00edtica institucional Objetivos Metodolog\u00eda Dominios de competencia Nivel Frontline Nivel Intermedio Nivel Avanzado Entrenamiento tutores y facilitadores Actividades acad\u00e9micas y cient\u00edficas TEPHINET Galer\u00eda de fotos y videos \u00bfQu\u00e9 es el FETP Per\u00fa? Field Epidemiology Training Program (FETP) por sus siglas en Ingl\u00e9s. Es un programa orientado hacia la [&hellip;]<\/p>\n","protected":false},"author":1,"featured_media":0,"parent":0,"menu_order":0,"comment_status":"closed","ping_status":"closed","template":"","meta":{"site-sidebar-layout":"default","site-content-layout":"","ast-site-content-layout":"default","site-content-style":"default","site-sidebar-style":"default","ast-global-header-display":"","ast-banner-title-visibility":"","ast-main-header-display":"","ast-hfb-above-header-display":"","ast-hfb-below-header-display":"","ast-hfb-mobile-header-display":"","site-post-title":"","ast-breadcrumbs-content":"","ast-featured-img":"","footer-sml-layout":"","ast-disable-related-posts":"","theme-transparent-header-meta":"","adv-header-id-meta":"","stick-header-meta":"","header-above-stick-meta":"","header-main-stick-meta":"","header-below-stick-meta":"","astra-migrate-meta-layouts":"default","ast-page-background-enabled":"default","ast-page-background-meta":{"desktop":{"background-color":"var(--ast-global-color-4)","background-image":"","background-repeat":"repeat","background-position":"center center","background-size":"auto","background-attachment":"scroll","background-type":"","background-media":"","overlay-type":"","overlay-color":"","overlay-opacity":"","overlay-gradient":""},"tablet":{"background-color":"","background-image":"","background-repeat":"repeat","background-position":"center center","background-size":"auto","background-attachment":"scroll","background-type":"","background-media":"","overlay-type":"","overlay-color":"","overlay-opacity":"","overlay-gradient":""},"mobile":{"background-color":"","background-image":"","background-repeat":"repeat","background-position":"center center","background-size":"auto","background-attachment":"scroll","background-type":"","background-media":"","overlay-type":"","overlay-color":"","overlay-opacity":"","overlay-gradient":""}},"ast-content-background-meta":{"desktop":{"background-color":"var(--ast-global-color-5)","background-image":"","background-repeat":"repeat","background-position":"center center","background-size":"auto","background-attachment":"scroll","background-type":"","background-media":"","overlay-type":"","overlay-color":"","overlay-opacity":"","overlay-gradient":""},"tablet":{"background-color":"var(--ast-global-color-5)","background-image":"","background-repeat":"repeat","background-position":"center center","background-size":"auto","background-attachment":"scroll","background-type":"","background-media":"","overlay-type":"","overlay-color":"","overlay-opacity":"","overlay-gradient":""},"mobile":{"background-color":"var(--ast-global-color-5)","background-image":"","background-repeat":"repeat","background-position":"center center","background-size":"auto","background-attachment":"scroll","background-type":"","background-media":"","overlay-type":"","overlay-color":"","overlay-opacity":"","overlay-gradient":""}},"footnotes":""},"class_list":["post-6492","page","type-page","status-publish","hentry"],"yoast_head":"<!-- This site is optimized with the Yoast SEO Premium plugin v26.6 (Yoast SEO v26.7) - https:\/\/yoast.com\/wordpress\/plugins\/seo\/ -->\n<title>FETP PER\u00da (PREEC) - Centro Nacional de Epidemiolog\u00eda Prevenci\u00f3n y Control de Enfermedades<\/title>\n<meta name=\"robots\" content=\"index, follow, max-snippet:-1, max-image-preview:large, max-video-preview:-1\" \/>\n<link rel=\"canonical\" href=\"https:\/\/www.dge.gob.pe\/portalnuevo\/fetp-peru-preec\/\" \/>\n<meta property=\"og:locale\" content=\"es_ES\" \/>\n<meta property=\"og:type\" content=\"article\" \/>\n<meta property=\"og:title\" content=\"FETP PER\u00da (PREEC)\" \/>\n<meta property=\"og:description\" content=\"FETP Per\u00fa Informaci\u00f3n general Historia Planes y pol\u00edtica institucional Objetivos Metodolog\u00eda Dominios de competencia Nivel Frontline Nivel Intermedio Nivel Avanzado Entrenamiento tutores y facilitadores Actividades acad\u00e9micas y cient\u00edficas TEPHINET Galer\u00eda de fotos y videos \u00bfQu\u00e9 es el FETP Per\u00fa? Field Epidemiology Training Program (FETP) por sus siglas en Ingl\u00e9s. Es un programa orientado hacia la [&hellip;]\" \/>\n<meta property=\"og:url\" content=\"https:\/\/www.dge.gob.pe\/portalnuevo\/fetp-peru-preec\/\" \/>\n<meta property=\"og:site_name\" content=\"Centro Nacional de Epidemiolog\u00eda Prevenci\u00f3n y Control de Enfermedades\" \/>\n<meta property=\"article:publisher\" content=\"https:\/\/www.facebook.com\/cdcperuminsa\" \/>\n<meta property=\"article:modified_time\" content=\"2025-06-16T17:40:55+00:00\" \/>\n<meta property=\"og:image\" content=\"https:\/\/www.dge.gob.pe\/portalnuevo\/wp-content\/uploads\/2025\/01\/fetp.png\" \/>\n<meta name=\"twitter:card\" content=\"summary_large_image\" \/>\n<meta name=\"twitter:site\" content=\"@cdc_peru\" \/>\n<meta name=\"twitter:label1\" content=\"Est. reading time\" \/>\n\t<meta name=\"twitter:data1\" content=\"1 minuto\" \/>\n<script type=\"application\/ld+json\" class=\"yoast-schema-graph\">{\"@context\":\"https:\/\/schema.org\",\"@graph\":[{\"@type\":\"WebPage\",\"@id\":\"https:\/\/www.dge.gob.pe\/portalnuevo\/fetp-peru-preec\/\",\"url\":\"https:\/\/www.dge.gob.pe\/portalnuevo\/fetp-peru-preec\/\",\"name\":\"FETP PER\u00da (PREEC) - Centro Nacional de Epidemiolog\u00eda Prevenci\u00f3n y Control de Enfermedades\",\"isPartOf\":{\"@id\":\"https:\/\/www.dge.gob.pe\/portalnuevo\/#website\"},\"primaryImageOfPage\":{\"@id\":\"https:\/\/www.dge.gob.pe\/portalnuevo\/fetp-peru-preec\/#primaryimage\"},\"image\":{\"@id\":\"https:\/\/www.dge.gob.pe\/portalnuevo\/fetp-peru-preec\/#primaryimage\"},\"thumbnailUrl\":\"https:\/\/www.dge.gob.pe\/portalnuevo\/wp-content\/uploads\/2025\/01\/fetp.png\",\"datePublished\":\"2025-01-20T22:20:37+00:00\",\"dateModified\":\"2025-06-16T17:40:55+00:00\",\"breadcrumb\":{\"@id\":\"https:\/\/www.dge.gob.pe\/portalnuevo\/fetp-peru-preec\/#breadcrumb\"},\"inLanguage\":\"es-PE\",\"potentialAction\":[{\"@type\":\"ReadAction\",\"target\":[\"https:\/\/www.dge.gob.pe\/portalnuevo\/fetp-peru-preec\/\"]}]},{\"@type\":\"ImageObject\",\"inLanguage\":\"es-PE\",\"@id\":\"https:\/\/www.dge.gob.pe\/portalnuevo\/fetp-peru-preec\/#primaryimage\",\"url\":\"https:\/\/www.dge.gob.pe\/portalnuevo\/wp-content\/uploads\/2025\/01\/fetp.png\",\"contentUrl\":\"https:\/\/www.dge.gob.pe\/portalnuevo\/wp-content\/uploads\/2025\/01\/fetp.png\",\"width\":256,\"height\":257},{\"@type\":\"BreadcrumbList\",\"@id\":\"https:\/\/www.dge.gob.pe\/portalnuevo\/fetp-peru-preec\/#breadcrumb\",\"itemListElement\":[{\"@type\":\"ListItem\",\"position\":1,\"name\":\"Portada\",\"item\":\"https:\/\/www.dge.gob.pe\/portalnuevo\/\"},{\"@type\":\"ListItem\",\"position\":2,\"name\":\"FETP PER\u00da (PREEC)\"}]},{\"@type\":\"WebSite\",\"@id\":\"https:\/\/www.dge.gob.pe\/portalnuevo\/#website\",\"url\":\"https:\/\/www.dge.gob.pe\/portalnuevo\/\",\"name\":\"Centro Nacional de Epidemiolog\u00eda Prevenci\u00f3n y Control de Enfermedades\",\"description\":\"\",\"publisher\":{\"@id\":\"https:\/\/www.dge.gob.pe\/portalnuevo\/#organization\"},\"potentialAction\":[{\"@type\":\"SearchAction\",\"target\":{\"@type\":\"EntryPoint\",\"urlTemplate\":\"https:\/\/www.dge.gob.pe\/portalnuevo\/?s={search_term_string}\"},\"query-input\":{\"@type\":\"PropertyValueSpecification\",\"valueRequired\":true,\"valueName\":\"search_term_string\"}}],\"inLanguage\":\"es-PE\"},{\"@type\":\"Organization\",\"@id\":\"https:\/\/www.dge.gob.pe\/portalnuevo\/#organization\",\"name\":\"Centro Nacional de Epidemiolog\u00eda Prevenci\u00f3n y Control de Enfermedades\",\"url\":\"https:\/\/www.dge.gob.pe\/portalnuevo\/\",\"logo\":{\"@type\":\"ImageObject\",\"inLanguage\":\"es-PE\",\"@id\":\"https:\/\/www.dge.gob.pe\/portalnuevo\/#\/schema\/logo\/image\/\",\"url\":\"https:\/\/www.dge.gob.pe\/portalnuevo\/wp-content\/uploads\/2023\/03\/logo_cdc.jpeg\",\"contentUrl\":\"https:\/\/www.dge.gob.pe\/portalnuevo\/wp-content\/uploads\/2023\/03\/logo_cdc.jpeg\",\"width\":1280,\"height\":127,\"caption\":\"Centro Nacional de Epidemiolog\u00eda Prevenci\u00f3n y Control de Enfermedades\"},\"image\":{\"@id\":\"https:\/\/www.dge.gob.pe\/portalnuevo\/#\/schema\/logo\/image\/\"},\"sameAs\":[\"https:\/\/www.facebook.com\/cdcperuminsa\",\"https:\/\/x.com\/cdc_peru\",\"https:\/\/www.youtube.com\/cdcperu\"]}]}<\/script>\n<!-- \/ Yoast SEO Premium plugin. -->","yoast_head_json":{"title":"FETP PER\u00da (PREEC) - Centro Nacional de Epidemiolog\u00eda Prevenci\u00f3n y Control de Enfermedades","robots":{"index":"index","follow":"follow","max-snippet":"max-snippet:-1","max-image-preview":"max-image-preview:large","max-video-preview":"max-video-preview:-1"},"canonical":"https:\/\/www.dge.gob.pe\/portalnuevo\/fetp-peru-preec\/","og_locale":"es_ES","og_type":"article","og_title":"FETP PER\u00da (PREEC)","og_description":"FETP Per\u00fa Informaci\u00f3n general Historia Planes y pol\u00edtica institucional Objetivos Metodolog\u00eda Dominios de competencia Nivel Frontline Nivel Intermedio Nivel Avanzado Entrenamiento tutores y facilitadores Actividades acad\u00e9micas y cient\u00edficas TEPHINET Galer\u00eda de fotos y videos \u00bfQu\u00e9 es el FETP Per\u00fa? Field Epidemiology Training Program (FETP) por sus siglas en Ingl\u00e9s. Es un programa orientado hacia la [&hellip;]","og_url":"https:\/\/www.dge.gob.pe\/portalnuevo\/fetp-peru-preec\/","og_site_name":"Centro Nacional de Epidemiolog\u00eda Prevenci\u00f3n y Control de Enfermedades","article_publisher":"https:\/\/www.facebook.com\/cdcperuminsa","article_modified_time":"2025-06-16T17:40:55+00:00","og_image":[{"url":"https:\/\/www.dge.gob.pe\/portalnuevo\/wp-content\/uploads\/2025\/01\/fetp.png","type":"","width":"","height":""}],"twitter_card":"summary_large_image","twitter_site":"@cdc_peru","twitter_misc":{"Est. reading time":"1 minuto"},"schema":{"@context":"https:\/\/schema.org","@graph":[{"@type":"WebPage","@id":"https:\/\/www.dge.gob.pe\/portalnuevo\/fetp-peru-preec\/","url":"https:\/\/www.dge.gob.pe\/portalnuevo\/fetp-peru-preec\/","name":"FETP PER\u00da (PREEC) - Centro Nacional de Epidemiolog\u00eda Prevenci\u00f3n y Control de Enfermedades","isPartOf":{"@id":"https:\/\/www.dge.gob.pe\/portalnuevo\/#website"},"primaryImageOfPage":{"@id":"https:\/\/www.dge.gob.pe\/portalnuevo\/fetp-peru-preec\/#primaryimage"},"image":{"@id":"https:\/\/www.dge.gob.pe\/portalnuevo\/fetp-peru-preec\/#primaryimage"},"thumbnailUrl":"https:\/\/www.dge.gob.pe\/portalnuevo\/wp-content\/uploads\/2025\/01\/fetp.png","datePublished":"2025-01-20T22:20:37+00:00","dateModified":"2025-06-16T17:40:55+00:00","breadcrumb":{"@id":"https:\/\/www.dge.gob.pe\/portalnuevo\/fetp-peru-preec\/#breadcrumb"},"inLanguage":"es-PE","potentialAction":[{"@type":"ReadAction","target":["https:\/\/www.dge.gob.pe\/portalnuevo\/fetp-peru-preec\/"]}]},{"@type":"ImageObject","inLanguage":"es-PE","@id":"https:\/\/www.dge.gob.pe\/portalnuevo\/fetp-peru-preec\/#primaryimage","url":"https:\/\/www.dge.gob.pe\/portalnuevo\/wp-content\/uploads\/2025\/01\/fetp.png","contentUrl":"https:\/\/www.dge.gob.pe\/portalnuevo\/wp-content\/uploads\/2025\/01\/fetp.png","width":256,"height":257},{"@type":"BreadcrumbList","@id":"https:\/\/www.dge.gob.pe\/portalnuevo\/fetp-peru-preec\/#breadcrumb","itemListElement":[{"@type":"ListItem","position":1,"name":"Portada","item":"https:\/\/www.dge.gob.pe\/portalnuevo\/"},{"@type":"ListItem","position":2,"name":"FETP PER\u00da (PREEC)"}]},{"@type":"WebSite","@id":"https:\/\/www.dge.gob.pe\/portalnuevo\/#website","url":"https:\/\/www.dge.gob.pe\/portalnuevo\/","name":"Centro Nacional de Epidemiolog\u00eda Prevenci\u00f3n y Control de Enfermedades","description":"","publisher":{"@id":"https:\/\/www.dge.gob.pe\/portalnuevo\/#organization"},"potentialAction":[{"@type":"SearchAction","target":{"@type":"EntryPoint","urlTemplate":"https:\/\/www.dge.gob.pe\/portalnuevo\/?s={search_term_string}"},"query-input":{"@type":"PropertyValueSpecification","valueRequired":true,"valueName":"search_term_string"}}],"inLanguage":"es-PE"},{"@type":"Organization","@id":"https:\/\/www.dge.gob.pe\/portalnuevo\/#organization","name":"Centro Nacional de Epidemiolog\u00eda Prevenci\u00f3n y Control de Enfermedades","url":"https:\/\/www.dge.gob.pe\/portalnuevo\/","logo":{"@type":"ImageObject","inLanguage":"es-PE","@id":"https:\/\/www.dge.gob.pe\/portalnuevo\/#\/schema\/logo\/image\/","url":"https:\/\/www.dge.gob.pe\/portalnuevo\/wp-content\/uploads\/2023\/03\/logo_cdc.jpeg","contentUrl":"https:\/\/www.dge.gob.pe\/portalnuevo\/wp-content\/uploads\/2023\/03\/logo_cdc.jpeg","width":1280,"height":127,"caption":"Centro Nacional de Epidemiolog\u00eda Prevenci\u00f3n y Control de Enfermedades"},"image":{"@id":"https:\/\/www.dge.gob.pe\/portalnuevo\/#\/schema\/logo\/image\/"},"sameAs":["https:\/\/www.facebook.com\/cdcperuminsa","https:\/\/x.com\/cdc_peru","https:\/\/www.youtube.com\/cdcperu"]}]}},"_links":{"self":[{"href":"https:\/\/www.dge.gob.pe\/portalnuevo\/wp-json\/wp\/v2\/pages\/6492","targetHints":{"allow":["GET"]}}],"collection":[{"href":"https:\/\/www.dge.gob.pe\/portalnuevo\/wp-json\/wp\/v2\/pages"}],"about":[{"href":"https:\/\/www.dge.gob.pe\/portalnuevo\/wp-json\/wp\/v2\/types\/page"}],"author":[{"embeddable":true,"href":"https:\/\/www.dge.gob.pe\/portalnuevo\/wp-json\/wp\/v2\/users\/1"}],"replies":[{"embeddable":true,"href":"https:\/\/www.dge.gob.pe\/portalnuevo\/wp-json\/wp\/v2\/comments?post=6492"}],"version-history":[{"count":76,"href":"https:\/\/www.dge.gob.pe\/portalnuevo\/wp-json\/wp\/v2\/pages\/6492\/revisions"}],"predecessor-version":[{"id":11023,"href":"https:\/\/www.dge.gob.pe\/portalnuevo\/wp-json\/wp\/v2\/pages\/6492\/revisions\/11023"}],"wp:attachment":[{"href":"https:\/\/www.dge.gob.pe\/portalnuevo\/wp-json\/wp\/v2\/media?parent=6492"}],"curies":[{"name":"wp","href":"https:\/\/api.w.org\/{rel}","templated":true}]}}