{"id":8425,"date":"2025-03-20T12:53:02","date_gmt":"2025-03-20T17:53:02","guid":{"rendered":"https:\/\/www.dge.gob.pe\/portalnuevo\/?page_id=8425"},"modified":"2026-01-16T16:32:20","modified_gmt":"2026-01-16T21:32:20","slug":"inteligencia-epidemica","status":"publish","type":"page","link":"https:\/\/www.dge.gob.pe\/portalnuevo\/alerta-respuesta\/inteligencia-epidemica\/","title":{"rendered":"Unidad de Inteligencia Epid\u00e9mica"},"content":{"rendered":"\t\t<div data-elementor-type=\"wp-page\" data-elementor-id=\"8425\" class=\"elementor elementor-8425\" data-elementor-post-type=\"page\">\n\t\t\t\t<div data-particle_enable=\"false\" data-particle-mobile-disabled=\"false\" class=\"elementor-element elementor-element-d682061 e-flex e-con-boxed e-con e-parent\" data-id=\"d682061\" data-element_type=\"container\" data-settings=\"{&quot;jet_parallax_layout_list&quot;:[]}\">\n\t\t\t\t\t<div class=\"e-con-inner\">\n\t\t\t\t<div class=\"elementor-element elementor-element-f83d8d6 tab-custom-cdc elementor-widget elementor-widget-eael-adv-tabs\" data-id=\"f83d8d6\" data-element_type=\"widget\" data-widget_type=\"eael-adv-tabs.default\">\n\t\t\t\t<div class=\"elementor-widget-container\">\n\t\t\t\t\t        <div data-scroll-on-click=\"no\" data-scroll-speed=\"300\" id=\"eael-advance-tabs-f83d8d6\" class=\"eael-advance-tabs eael-tabs-vertical eael-tab-auto-active \" data-tabid=\"f83d8d6\">\n            <div class=\"eael-tabs-nav \">\n                <ul class=\"eael-tab-inline-icon\" role=\"tablist\">\n                                            <li id=\"que-es\" class=\"inactive eael-tab-item-trigger eael-tab-nav-item\" aria-selected=\"true\" data-tab=\"1\" role=\"tab\" tabindex=\"0\" aria-controls=\"que-es-tab\" aria-expanded=\"false\">\n                            \n                                                        \n                                                            <span class=\"eael-tab-title title-after-icon\" >\u00bfQue es?<\/span>                            \n                                                    <\/li>\n                                            <li id=\"vigilancia-de-eventos-sanitarios-en-medios-de-comunicacin\" class=\" eael-tab-item-trigger eael-tab-nav-item\" aria-selected=\"false\" data-tab=\"2\" role=\"tab\" tabindex=\"-1\" aria-controls=\"vigilancia-de-eventos-sanitarios-en-medios-de-comunicacin-tab\" aria-expanded=\"false\">\n                            \n                                                        \n                                                            <span class=\"eael-tab-title title-after-icon\" >Vigilancia  de eventos sanitarios en medios de comunicaci\u00f3n.<\/span>                            \n                                                    <\/li>\n                                            <li id=\"alertas-epidemiolgicas\" class=\" eael-tab-item-trigger eael-tab-nav-item\" aria-selected=\"false\" data-tab=\"3\" role=\"tab\" tabindex=\"-1\" aria-controls=\"alertas-epidemiolgicas-tab\" aria-expanded=\"false\">\n                            \n                                                        \n                                                            <span class=\"eael-tab-title title-after-icon\" >Alertas epidemiol\u00f3gicas<\/span>                            \n                                                    <\/li>\n                                            <li id=\"documentos-normativos\" class=\" eael-tab-item-trigger eael-tab-nav-item\" aria-selected=\"false\" data-tab=\"4\" role=\"tab\" tabindex=\"-1\" aria-controls=\"documentos-normativos-tab\" aria-expanded=\"false\">\n                            \n                                                        \n                                                            <span class=\"eael-tab-title title-after-icon\" >Documentos normativos<\/span>                            \n                                                    <\/li>\n                    \n                                  <\/ul>\n            <\/div>\n            \n            <div class=\"eael-tabs-content\">\n\t\t        \n                    <div id=\"que-es-tab\" class=\"clearfix eael-tab-content-item inactive\" data-title-link=\"que-es-tab\">\n\t\t\t\t        <h2>\u00bfQu\u00e9 es la Unidad Inteligencia Epid\u00e9mica?<\/h2><p>Unidad\u00a0 t\u00e9cnica del Centro Nacional de Epidemiolog\u00eda, Prevenci\u00f3n y Control de Enfermedades, que fortalece el sistema de vigilancia, realiza el\u00a0\u00a0 an\u00e1lisis\u00a0 e interpretaci\u00f3n de todas las fuentes para detectar, verificar e investigar potenciales amenazas.<\/p><h5>La Vigilancia Basada en Eventos (VBE)<\/h5><p>Herramienta esencial para la detecci\u00f3n temprana y respuesta r\u00e1pida ante amenazas a la salud p\u00fablica en el Per\u00fa.\u00a0 Aumenta significativamente la sensibilidad del sistema de vigilancia, al ir m\u00e1s all\u00e1 de la notificaci\u00f3n tradicional de casos, adem\u00e1s, integra m\u00faltiples fuentes de informaci\u00f3n, incluyendo datos de salud, medios de comunicaci\u00f3n y reportes de campo, para identificar de manera oportuna eventos inusuales o emergentes.<\/p><h5>La vigilancia sindr\u00f3mica<\/h5><p>Es una estrategia de vigilancia de un conjunto de s\u00edndromes (signos y s\u00edntomas) relevantes que pueden ser producidos por m\u00e1s de una enfermedad y que est\u00e1 orientada a detectar r\u00e1pidamente la presencia de brotes con potencial da\u00f1o a la salud p\u00fablica, considerando no solo los brotes de origen infeccioso conocidos sino tambi\u00e9n los de origen desconocido.<\/p>                    <\/div>\n\t\t        \n                    <div id=\"vigilancia-de-eventos-sanitarios-en-medios-de-comunicacin-tab\" class=\"clearfix eael-tab-content-item \" data-title-link=\"vigilancia-de-eventos-sanitarios-en-medios-de-comunicacin-tab\">\n\t\t\t\t        <h2>\u00bfQu\u00e9 es la vigilancia de eventos sanitarios en medios de comunicaci\u00f3n?<\/h2>\nLa vigilancia de eventos medios de comunicaci\u00f3n, es una estrategia que forma parte de la Vigilancia Basada en Eventos (VBE) y refuerza significativamente la sensibilidad del sistema de vigilancia.\n\nEl Centro Nacional de Epidemiolog\u00eda, Prevenci\u00f3n y Control de Enfermedades (CDC Per\u00fa) realiza la vigilancia de eventos sanitarios con el fin de recopilar informaci\u00f3n\u00a0 rumores o noticas captadas de fuentes abiertas mediante radio, televisi\u00f3n, prensa escrita, internet, entre otros, para facilitar la detecci\u00f3n temprana de brotes, epizootias, emergencias, desastres y otros eventos de importancia en salud p\u00fablica (EVISAP), dada la naturaleza de dichas fuentes, son\u00a0 verificadas, evaluadas a fin de coordinar las acciones de respuesta necesarias para tomar decisiones informadas y oportunas.\n\n<hr \/>\n\n<h5>Reportes nacionales e internacionales<\/h5>\n<iframe src=\"https:\/\/epipublic.dge.gob.pe\/publico\/listado\/15\/2026\/0\" width=\"100%\" height=\"1800px\"><span data-mce-type=\"bookmark\" style=\"display: inline-block; width: 0px; overflow: hidden; line-height: 0;\" class=\"mce_SELRES_start\">\ufeff<\/span><\/iframe>                    <\/div>\n\t\t        \n                    <div id=\"alertas-epidemiolgicas-tab\" class=\"clearfix eael-tab-content-item \" data-title-link=\"alertas-epidemiolgicas-tab\">\n\t\t\t\t        <h2>Alertas epidemiol\u00f3gicas<\/h2><p><iframe src=\"https:\/\/epipublic.dge.gob.pe\/publico\/listado\/7\/2026\/0\" width=\"100%\" height=\"1800px\"><\/iframe><\/p>                    <\/div>\n\t\t        \n                    <div id=\"documentos-normativos-tab\" class=\"clearfix eael-tab-content-item \" data-title-link=\"documentos-normativos-tab\">\n\t\t\t\t        <h2>Documentos normativos<\/h2><ul><li>Directiva Sindr\u00f3mica<br \/><a href=\"https:\/\/cdn.www.gob.pe\/uploads\/document\/file\/280934\/252334_RM581-2005.pdf20190110-18386-1bo74tl.pdf?v=1547173472\" target=\"_blank\" rel=\"noopener\">Directiva N\u00ba 065-MINSA\/OGE-V.01: Sistema de Vigilancia Sindr\u00f3mica(Alerta-Respuesta)<\/a><\/li><\/ul>                    <\/div>\n\t\t                    <\/div>\n        <\/div>\n\t\t\t\t<\/div>\n\t\t\t\t<\/div>\n\t\t\t\t\t<\/div>\n\t\t\t\t<\/div>\n\t\t\t\t<\/div>\n\t\t","protected":false},"excerpt":{"rendered":"<p>\u00bfQue es? Vigilancia de eventos sanitarios en medios de comunicaci\u00f3n. Alertas epidemiol\u00f3gicas Documentos normativos \u00bfQu\u00e9 es la Unidad Inteligencia Epid\u00e9mica? Unidad\u00a0 t\u00e9cnica del Centro Nacional de Epidemiolog\u00eda, Prevenci\u00f3n y Control de Enfermedades, que fortalece el sistema de vigilancia, realiza el\u00a0\u00a0 an\u00e1lisis\u00a0 e interpretaci\u00f3n de todas las fuentes para detectar, verificar e investigar potenciales amenazas. La [&hellip;]<\/p>\n","protected":false},"author":1,"featured_media":0,"parent":1280,"menu_order":0,"comment_status":"closed","ping_status":"closed","template":"","meta":{"site-sidebar-layout":"default","site-content-layout":"","ast-site-content-layout":"default","site-content-style":"default","site-sidebar-style":"default","ast-global-header-display":"","ast-banner-title-visibility":"","ast-main-header-display":"","ast-hfb-above-header-display":"","ast-hfb-below-header-display":"","ast-hfb-mobile-header-display":"","site-post-title":"","ast-breadcrumbs-content":"","ast-featured-img":"","footer-sml-layout":"","ast-disable-related-posts":"","theme-transparent-header-meta":"","adv-header-id-meta":"","stick-header-meta":"","header-above-stick-meta":"","header-main-stick-meta":"","header-below-stick-meta":"","astra-migrate-meta-layouts":"default","ast-page-background-enabled":"default","ast-page-background-meta":{"desktop":{"background-color":"var(--ast-global-color-4)","background-image":"","background-repeat":"repeat","background-position":"center center","background-size":"auto","background-attachment":"scroll","background-type":"","background-media":"","overlay-type":"","overlay-color":"","overlay-opacity":"","overlay-gradient":""},"tablet":{"background-color":"","background-image":"","background-repeat":"repeat","background-position":"center center","background-size":"auto","background-attachment":"scroll","background-type":"","background-media":"","overlay-type":"","overlay-color":"","overlay-opacity":"","overlay-gradient":""},"mobile":{"background-color":"","background-image":"","background-repeat":"repeat","background-position":"center center","background-size":"auto","background-attachment":"scroll","background-type":"","background-media":"","overlay-type":"","overlay-color":"","overlay-opacity":"","overlay-gradient":""}},"ast-content-background-meta":{"desktop":{"background-color":"var(--ast-global-color-5)","background-image":"","background-repeat":"repeat","background-position":"center center","background-size":"auto","background-attachment":"scroll","background-type":"","background-media":"","overlay-type":"","overlay-color":"","overlay-opacity":"","overlay-gradient":""},"tablet":{"background-color":"var(--ast-global-color-5)","background-image":"","background-repeat":"repeat","background-position":"center center","background-size":"auto","background-attachment":"scroll","background-type":"","background-media":"","overlay-type":"","overlay-color":"","overlay-opacity":"","overlay-gradient":""},"mobile":{"background-color":"var(--ast-global-color-5)","background-image":"","background-repeat":"repeat","background-position":"center center","background-size":"auto","background-attachment":"scroll","background-type":"","background-media":"","overlay-type":"","overlay-color":"","overlay-opacity":"","overlay-gradient":""}},"footnotes":""},"class_list":["post-8425","page","type-page","status-publish","hentry"],"yoast_head":"<!-- This site is optimized with the Yoast SEO Premium plugin v26.6 (Yoast SEO v26.7) - https:\/\/yoast.com\/wordpress\/plugins\/seo\/ -->\n<title>Unidad de Inteligencia Epid\u00e9mica - Centro Nacional de Epidemiolog\u00eda Prevenci\u00f3n y Control de Enfermedades<\/title>\n<meta name=\"robots\" content=\"index, follow, max-snippet:-1, max-image-preview:large, max-video-preview:-1\" \/>\n<link rel=\"canonical\" href=\"https:\/\/www.dge.gob.pe\/portalnuevo\/alerta-respuesta\/inteligencia-epidemica\/\" \/>\n<meta property=\"og:locale\" content=\"es_ES\" \/>\n<meta property=\"og:type\" content=\"article\" \/>\n<meta property=\"og:title\" content=\"Unidad de Inteligencia Epid\u00e9mica\" \/>\n<meta property=\"og:description\" content=\"\u00bfQue es? Vigilancia de eventos sanitarios en medios de comunicaci\u00f3n. Alertas epidemiol\u00f3gicas Documentos normativos \u00bfQu\u00e9 es la Unidad Inteligencia Epid\u00e9mica? Unidad\u00a0 t\u00e9cnica del Centro Nacional de Epidemiolog\u00eda, Prevenci\u00f3n y Control de Enfermedades, que fortalece el sistema de vigilancia, realiza el\u00a0\u00a0 an\u00e1lisis\u00a0 e interpretaci\u00f3n de todas las fuentes para detectar, verificar e investigar potenciales amenazas. La [&hellip;]\" \/>\n<meta property=\"og:url\" content=\"https:\/\/www.dge.gob.pe\/portalnuevo\/alerta-respuesta\/inteligencia-epidemica\/\" \/>\n<meta property=\"og:site_name\" content=\"Centro Nacional de Epidemiolog\u00eda Prevenci\u00f3n y Control de Enfermedades\" \/>\n<meta property=\"article:publisher\" content=\"https:\/\/www.facebook.com\/cdcperuminsa\" \/>\n<meta property=\"article:modified_time\" content=\"2026-01-16T21:32:20+00:00\" \/>\n<meta name=\"twitter:card\" content=\"summary_large_image\" \/>\n<meta name=\"twitter:site\" content=\"@cdc_peru\" \/>\n<meta name=\"twitter:label1\" content=\"Est. reading time\" \/>\n\t<meta name=\"twitter:data1\" content=\"2 minutos\" \/>\n<script type=\"application\/ld+json\" class=\"yoast-schema-graph\">{\"@context\":\"https:\/\/schema.org\",\"@graph\":[{\"@type\":\"WebPage\",\"@id\":\"https:\/\/www.dge.gob.pe\/portalnuevo\/alerta-respuesta\/inteligencia-epidemica\/\",\"url\":\"https:\/\/www.dge.gob.pe\/portalnuevo\/alerta-respuesta\/inteligencia-epidemica\/\",\"name\":\"Unidad de Inteligencia Epid\u00e9mica - Centro Nacional de Epidemiolog\u00eda Prevenci\u00f3n y Control de Enfermedades\",\"isPartOf\":{\"@id\":\"https:\/\/www.dge.gob.pe\/portalnuevo\/#website\"},\"datePublished\":\"2025-03-20T17:53:02+00:00\",\"dateModified\":\"2026-01-16T21:32:20+00:00\",\"breadcrumb\":{\"@id\":\"https:\/\/www.dge.gob.pe\/portalnuevo\/alerta-respuesta\/inteligencia-epidemica\/#breadcrumb\"},\"inLanguage\":\"es-PE\",\"potentialAction\":[{\"@type\":\"ReadAction\",\"target\":[\"https:\/\/www.dge.gob.pe\/portalnuevo\/alerta-respuesta\/inteligencia-epidemica\/\"]}]},{\"@type\":\"BreadcrumbList\",\"@id\":\"https:\/\/www.dge.gob.pe\/portalnuevo\/alerta-respuesta\/inteligencia-epidemica\/#breadcrumb\",\"itemListElement\":[{\"@type\":\"ListItem\",\"position\":1,\"name\":\"Portada\",\"item\":\"https:\/\/www.dge.gob.pe\/portalnuevo\/\"},{\"@type\":\"ListItem\",\"position\":2,\"name\":\"Alerta \u2013 Respuesta\",\"item\":\"https:\/\/www.dge.gob.pe\/portalnuevo\/alerta-respuesta\/\"},{\"@type\":\"ListItem\",\"position\":3,\"name\":\"Unidad de Inteligencia Epid\u00e9mica\"}]},{\"@type\":\"WebSite\",\"@id\":\"https:\/\/www.dge.gob.pe\/portalnuevo\/#website\",\"url\":\"https:\/\/www.dge.gob.pe\/portalnuevo\/\",\"name\":\"Centro Nacional de Epidemiolog\u00eda Prevenci\u00f3n y Control de Enfermedades\",\"description\":\"\",\"publisher\":{\"@id\":\"https:\/\/www.dge.gob.pe\/portalnuevo\/#organization\"},\"potentialAction\":[{\"@type\":\"SearchAction\",\"target\":{\"@type\":\"EntryPoint\",\"urlTemplate\":\"https:\/\/www.dge.gob.pe\/portalnuevo\/?s={search_term_string}\"},\"query-input\":{\"@type\":\"PropertyValueSpecification\",\"valueRequired\":true,\"valueName\":\"search_term_string\"}}],\"inLanguage\":\"es-PE\"},{\"@type\":\"Organization\",\"@id\":\"https:\/\/www.dge.gob.pe\/portalnuevo\/#organization\",\"name\":\"Centro Nacional de Epidemiolog\u00eda Prevenci\u00f3n y Control de Enfermedades\",\"url\":\"https:\/\/www.dge.gob.pe\/portalnuevo\/\",\"logo\":{\"@type\":\"ImageObject\",\"inLanguage\":\"es-PE\",\"@id\":\"https:\/\/www.dge.gob.pe\/portalnuevo\/#\/schema\/logo\/image\/\",\"url\":\"https:\/\/www.dge.gob.pe\/portalnuevo\/wp-content\/uploads\/2023\/03\/logo_cdc.jpeg\",\"contentUrl\":\"https:\/\/www.dge.gob.pe\/portalnuevo\/wp-content\/uploads\/2023\/03\/logo_cdc.jpeg\",\"width\":1280,\"height\":127,\"caption\":\"Centro Nacional de Epidemiolog\u00eda Prevenci\u00f3n y Control de Enfermedades\"},\"image\":{\"@id\":\"https:\/\/www.dge.gob.pe\/portalnuevo\/#\/schema\/logo\/image\/\"},\"sameAs\":[\"https:\/\/www.facebook.com\/cdcperuminsa\",\"https:\/\/x.com\/cdc_peru\",\"https:\/\/www.youtube.com\/cdcperu\"]}]}<\/script>\n<!-- \/ Yoast SEO Premium plugin. -->","yoast_head_json":{"title":"Unidad de Inteligencia Epid\u00e9mica - Centro Nacional de Epidemiolog\u00eda Prevenci\u00f3n y Control de Enfermedades","robots":{"index":"index","follow":"follow","max-snippet":"max-snippet:-1","max-image-preview":"max-image-preview:large","max-video-preview":"max-video-preview:-1"},"canonical":"https:\/\/www.dge.gob.pe\/portalnuevo\/alerta-respuesta\/inteligencia-epidemica\/","og_locale":"es_ES","og_type":"article","og_title":"Unidad de Inteligencia Epid\u00e9mica","og_description":"\u00bfQue es? Vigilancia de eventos sanitarios en medios de comunicaci\u00f3n. Alertas epidemiol\u00f3gicas Documentos normativos \u00bfQu\u00e9 es la Unidad Inteligencia Epid\u00e9mica? Unidad\u00a0 t\u00e9cnica del Centro Nacional de Epidemiolog\u00eda, Prevenci\u00f3n y Control de Enfermedades, que fortalece el sistema de vigilancia, realiza el\u00a0\u00a0 an\u00e1lisis\u00a0 e interpretaci\u00f3n de todas las fuentes para detectar, verificar e investigar potenciales amenazas. La [&hellip;]","og_url":"https:\/\/www.dge.gob.pe\/portalnuevo\/alerta-respuesta\/inteligencia-epidemica\/","og_site_name":"Centro Nacional de Epidemiolog\u00eda Prevenci\u00f3n y Control de Enfermedades","article_publisher":"https:\/\/www.facebook.com\/cdcperuminsa","article_modified_time":"2026-01-16T21:32:20+00:00","twitter_card":"summary_large_image","twitter_site":"@cdc_peru","twitter_misc":{"Est. reading time":"2 minutos"},"schema":{"@context":"https:\/\/schema.org","@graph":[{"@type":"WebPage","@id":"https:\/\/www.dge.gob.pe\/portalnuevo\/alerta-respuesta\/inteligencia-epidemica\/","url":"https:\/\/www.dge.gob.pe\/portalnuevo\/alerta-respuesta\/inteligencia-epidemica\/","name":"Unidad de Inteligencia Epid\u00e9mica - Centro Nacional de Epidemiolog\u00eda Prevenci\u00f3n y Control de Enfermedades","isPartOf":{"@id":"https:\/\/www.dge.gob.pe\/portalnuevo\/#website"},"datePublished":"2025-03-20T17:53:02+00:00","dateModified":"2026-01-16T21:32:20+00:00","breadcrumb":{"@id":"https:\/\/www.dge.gob.pe\/portalnuevo\/alerta-respuesta\/inteligencia-epidemica\/#breadcrumb"},"inLanguage":"es-PE","potentialAction":[{"@type":"ReadAction","target":["https:\/\/www.dge.gob.pe\/portalnuevo\/alerta-respuesta\/inteligencia-epidemica\/"]}]},{"@type":"BreadcrumbList","@id":"https:\/\/www.dge.gob.pe\/portalnuevo\/alerta-respuesta\/inteligencia-epidemica\/#breadcrumb","itemListElement":[{"@type":"ListItem","position":1,"name":"Portada","item":"https:\/\/www.dge.gob.pe\/portalnuevo\/"},{"@type":"ListItem","position":2,"name":"Alerta \u2013 Respuesta","item":"https:\/\/www.dge.gob.pe\/portalnuevo\/alerta-respuesta\/"},{"@type":"ListItem","position":3,"name":"Unidad de Inteligencia Epid\u00e9mica"}]},{"@type":"WebSite","@id":"https:\/\/www.dge.gob.pe\/portalnuevo\/#website","url":"https:\/\/www.dge.gob.pe\/portalnuevo\/","name":"Centro Nacional de Epidemiolog\u00eda Prevenci\u00f3n y Control de Enfermedades","description":"","publisher":{"@id":"https:\/\/www.dge.gob.pe\/portalnuevo\/#organization"},"potentialAction":[{"@type":"SearchAction","target":{"@type":"EntryPoint","urlTemplate":"https:\/\/www.dge.gob.pe\/portalnuevo\/?s={search_term_string}"},"query-input":{"@type":"PropertyValueSpecification","valueRequired":true,"valueName":"search_term_string"}}],"inLanguage":"es-PE"},{"@type":"Organization","@id":"https:\/\/www.dge.gob.pe\/portalnuevo\/#organization","name":"Centro Nacional de Epidemiolog\u00eda Prevenci\u00f3n y Control de Enfermedades","url":"https:\/\/www.dge.gob.pe\/portalnuevo\/","logo":{"@type":"ImageObject","inLanguage":"es-PE","@id":"https:\/\/www.dge.gob.pe\/portalnuevo\/#\/schema\/logo\/image\/","url":"https:\/\/www.dge.gob.pe\/portalnuevo\/wp-content\/uploads\/2023\/03\/logo_cdc.jpeg","contentUrl":"https:\/\/www.dge.gob.pe\/portalnuevo\/wp-content\/uploads\/2023\/03\/logo_cdc.jpeg","width":1280,"height":127,"caption":"Centro Nacional de Epidemiolog\u00eda Prevenci\u00f3n y Control de Enfermedades"},"image":{"@id":"https:\/\/www.dge.gob.pe\/portalnuevo\/#\/schema\/logo\/image\/"},"sameAs":["https:\/\/www.facebook.com\/cdcperuminsa","https:\/\/x.com\/cdc_peru","https:\/\/www.youtube.com\/cdcperu"]}]}},"_links":{"self":[{"href":"https:\/\/www.dge.gob.pe\/portalnuevo\/wp-json\/wp\/v2\/pages\/8425","targetHints":{"allow":["GET"]}}],"collection":[{"href":"https:\/\/www.dge.gob.pe\/portalnuevo\/wp-json\/wp\/v2\/pages"}],"about":[{"href":"https:\/\/www.dge.gob.pe\/portalnuevo\/wp-json\/wp\/v2\/types\/page"}],"author":[{"embeddable":true,"href":"https:\/\/www.dge.gob.pe\/portalnuevo\/wp-json\/wp\/v2\/users\/1"}],"replies":[{"embeddable":true,"href":"https:\/\/www.dge.gob.pe\/portalnuevo\/wp-json\/wp\/v2\/comments?post=8425"}],"version-history":[{"count":67,"href":"https:\/\/www.dge.gob.pe\/portalnuevo\/wp-json\/wp\/v2\/pages\/8425\/revisions"}],"predecessor-version":[{"id":13041,"href":"https:\/\/www.dge.gob.pe\/portalnuevo\/wp-json\/wp\/v2\/pages\/8425\/revisions\/13041"}],"up":[{"embeddable":true,"href":"https:\/\/www.dge.gob.pe\/portalnuevo\/wp-json\/wp\/v2\/pages\/1280"}],"wp:attachment":[{"href":"https:\/\/www.dge.gob.pe\/portalnuevo\/wp-json\/wp\/v2\/media?parent=8425"}],"curies":[{"name":"wp","href":"https:\/\/api.w.org\/{rel}","templated":true}]}}