{"id":8890,"date":"2025-03-28T14:58:05","date_gmt":"2025-03-28T19:58:05","guid":{"rendered":"https:\/\/www.dge.gob.pe\/portalnuevo\/?page_id=8890"},"modified":"2026-02-16T16:57:41","modified_gmt":"2026-02-16T21:57:41","slug":"director-de-respuesta-a-brotes-epidemias-y-emergencias-sanitarias-en-salud-global","status":"publish","type":"page","link":"https:\/\/www.dge.gob.pe\/portalnuevo\/nosotros\/director-de-respuesta-a-brotes-epidemias-y-emergencias-sanitarias-en-salud-global\/","title":{"rendered":"Director de Respuesta a Brotes, Epidemias y Emergencias Sanitarias en Salud Global"},"content":{"rendered":"\t\t<div data-elementor-type=\"wp-page\" data-elementor-id=\"8890\" class=\"elementor elementor-8890\" data-elementor-post-type=\"page\">\n\t\t\t\t<div data-particle_enable=\"false\" data-particle-mobile-disabled=\"false\" class=\"elementor-element elementor-element-8f3e3dd e-flex e-con-boxed e-con e-parent\" data-id=\"8f3e3dd\" data-element_type=\"container\" data-settings=\"{&quot;jet_parallax_layout_list&quot;:[]}\">\n\t\t\t\t\t<div class=\"e-con-inner\">\n\t\t<div data-particle_enable=\"false\" data-particle-mobile-disabled=\"false\" class=\"elementor-element elementor-element-29f8970 e-con-full e-flex e-con e-child\" data-id=\"29f8970\" data-element_type=\"container\" data-settings=\"{&quot;jet_parallax_layout_list&quot;:[]}\">\n\t\t\t\t<div class=\"elementor-element elementor-element-8bff3e2 elementor-widget elementor-widget-image\" data-id=\"8bff3e2\" data-element_type=\"widget\" data-widget_type=\"image.default\">\n\t\t\t\t<div class=\"elementor-widget-container\">\n\t\t\t\t\t\t\t\t\t\t\t\t\t\t\t<img fetchpriority=\"high\" decoding=\"async\" width=\"1024\" height=\"1024\" src=\"https:\/\/www.dge.gob.pe\/portalnuevo\/wp-content\/uploads\/2026\/02\/DR-SERGIO.jpg-1024x1024.jpeg\" class=\"attachment-large size-large wp-image-13283\" alt=\"\" srcset=\"https:\/\/www.dge.gob.pe\/portalnuevo\/wp-content\/uploads\/2026\/02\/DR-SERGIO.jpg-1024x1024.jpeg 1024w, https:\/\/www.dge.gob.pe\/portalnuevo\/wp-content\/uploads\/2026\/02\/DR-SERGIO.jpg-300x300.jpeg 300w, https:\/\/www.dge.gob.pe\/portalnuevo\/wp-content\/uploads\/2026\/02\/DR-SERGIO.jpg-150x150.jpeg 150w, https:\/\/www.dge.gob.pe\/portalnuevo\/wp-content\/uploads\/2026\/02\/DR-SERGIO.jpg-768x768.jpeg 768w, https:\/\/www.dge.gob.pe\/portalnuevo\/wp-content\/uploads\/2026\/02\/DR-SERGIO.jpg-1536x1536.jpeg 1536w, https:\/\/www.dge.gob.pe\/portalnuevo\/wp-content\/uploads\/2026\/02\/DR-SERGIO.jpg.jpeg 2000w\" sizes=\"(max-width: 1024px) 100vw, 1024px\" \/>\t\t\t\t\t\t\t\t\t\t\t\t\t\t\t<\/div>\n\t\t\t\t<\/div>\n\t\t\t\t<\/div>\n\t\t<div data-particle_enable=\"false\" data-particle-mobile-disabled=\"false\" class=\"elementor-element elementor-element-99d28f9 e-con-full e-flex e-con e-child\" data-id=\"99d28f9\" data-element_type=\"container\" data-settings=\"{&quot;jet_parallax_layout_list&quot;:[]}\">\n\t\t\t\t<div class=\"elementor-element elementor-element-58bf73f elementor-widget elementor-widget-heading\" data-id=\"58bf73f\" data-element_type=\"widget\" data-widget_type=\"heading.default\">\n\t\t\t\t<div class=\"elementor-widget-container\">\n\t\t\t\t\t<h4 class=\"elementor-heading-title elementor-size-default\"><b>Sergio Eli Recuenco Cabrera<\/b><\/h4>\t\t\t\t<\/div>\n\t\t\t\t<\/div>\n\t\t\t\t<div class=\"elementor-element elementor-element-5d6bb33 elementor-widget elementor-widget-text-editor\" data-id=\"5d6bb33\" data-element_type=\"widget\" data-widget_type=\"text-editor.default\">\n\t\t\t\t<div class=\"elementor-widget-container\">\n\t\t\t\t\t\t\t\t\t<h5>Ejecutivo Adjunto I<\/h5><p><span class=\"font-bold\">Fecha de inicio: 3<\/span><span class=\"ml-1\"> de febrero de 2026<\/span><\/p>\t\t\t\t\t\t\t\t<\/div>\n\t\t\t\t<\/div>\n\t\t\t\t<div class=\"elementor-element elementor-element-9f7b009 elementor-icon-list--layout-traditional elementor-list-item-link-full_width elementor-widget elementor-widget-icon-list\" data-id=\"9f7b009\" data-element_type=\"widget\" data-widget_type=\"icon-list.default\">\n\t\t\t\t<div class=\"elementor-widget-container\">\n\t\t\t\t\t\t\t<ul class=\"elementor-icon-list-items\">\n\t\t\t\t\t\t\t<li class=\"elementor-icon-list-item\">\n\t\t\t\t\t\t\t\t\t\t\t<a href=\"tel:01-631-4500\/Anexo:5605\">\n\n\t\t\t\t\t\t\t\t\t\t\t\t<span class=\"elementor-icon-list-icon\">\n\t\t\t\t\t\t\t<i aria-hidden=\"true\" class=\"fas fa-phone-square-alt\"><\/i>\t\t\t\t\t\t<\/span>\n\t\t\t\t\t\t\t\t\t\t<span class=\"elementor-icon-list-text\">01-631-4500 \/ Anexo:5605<\/span>\n\t\t\t\t\t\t\t\t\t\t\t<\/a>\n\t\t\t\t\t\t\t\t\t<\/li>\n\t\t\t\t\t\t\t\t<li class=\"elementor-icon-list-item\">\n\t\t\t\t\t\t\t\t\t\t\t<a href=\"mailto:srecuenco@dge.gob.pe\">\n\n\t\t\t\t\t\t\t\t\t\t\t\t<span class=\"elementor-icon-list-icon\">\n\t\t\t\t\t\t\t<i aria-hidden=\"true\" class=\"fas fa-envelope\"><\/i>\t\t\t\t\t\t<\/span>\n\t\t\t\t\t\t\t\t\t\t<span class=\"elementor-icon-list-text\">srecuenco@dge.gob.pe<\/span>\n\t\t\t\t\t\t\t\t\t\t\t<\/a>\n\t\t\t\t\t\t\t\t\t<\/li>\n\t\t\t\t\t\t\t\t<li class=\"elementor-icon-list-item\">\n\t\t\t\t\t\t\t\t\t\t\t<a href=\"https:\/\/www.dge.gob.pe\/portalnuevo\/wp-content\/uploads\/2026\/02\/7692390-resolucion-ministerial-n-107-2026-minsa.pdf\" target=\"_blank\">\n\n\t\t\t\t\t\t\t\t\t\t\t\t<span class=\"elementor-icon-list-icon\">\n\t\t\t\t\t\t\t<i aria-hidden=\"true\" class=\"fas fa-download\"><\/i>\t\t\t\t\t\t<\/span>\n\t\t\t\t\t\t\t\t\t\t<span class=\"elementor-icon-list-text\">Resolucion Ministerial de designaci\u00f3n<\/span>\n\t\t\t\t\t\t\t\t\t\t\t<\/a>\n\t\t\t\t\t\t\t\t\t<\/li>\n\t\t\t\t\t\t<\/ul>\n\t\t\t\t\t\t<\/div>\n\t\t\t\t<\/div>\n\t\t\t\t<\/div>\n\t\t<div data-particle_enable=\"false\" data-particle-mobile-disabled=\"false\" class=\"elementor-element elementor-element-7104092 e-con-full e-flex e-con e-child\" data-id=\"7104092\" data-element_type=\"container\" data-settings=\"{&quot;jet_parallax_layout_list&quot;:[]}\">\n\t\t\t\t<div class=\"elementor-element elementor-element-d3665bd elementor-widget elementor-widget-heading\" data-id=\"d3665bd\" data-element_type=\"widget\" data-widget_type=\"heading.default\">\n\t\t\t\t<div class=\"elementor-widget-container\">\n\t\t\t\t\t<h4 class=\"elementor-heading-title elementor-size-default\">Resumen<\/h4>\t\t\t\t<\/div>\n\t\t\t\t<\/div>\n\t\t\t\t<div class=\"elementor-element elementor-element-9a29124 elementor-widget elementor-widget-text-editor\" data-id=\"9a29124\" data-element_type=\"widget\" data-widget_type=\"text-editor.default\">\n\t\t\t\t<div class=\"elementor-widget-container\">\n\t\t\t\t\t\t\t\t\t<p>M\u00e9dico epidemi\u00f3logo y Doctor en Salud P\u00fablica, con especializaci\u00f3n en epidemiolog\u00eda espacial, zoonosis y enfermedades en la interfaz humano-animal. M\u00e9dico-cirujano egresado de la Universidad Nacional de Trujillo, obtuvo sus grados de maestr\u00eda y doctorado en salud p\u00fablica en la State University of New York (SUNY) &#8211; University at Albany, EE. UU.<\/p><p>Su trayectoria acad\u00e9mica ha sido respaldada por prestigiosas distinciones, incluyendo la Beca Fulbright y la Beca Newton-Paulet (British Council), las cuales le permitieron capacitarse en instituciones de EE. UU., Israel, Reino Unido y M\u00e9xico.<\/p><p>Ha desempe\u00f1ado roles de liderazgo en epidemiolog\u00eda, gerencia de salud, investigaci\u00f3n y desarrollo tecnol\u00f3gico a nivel local, regional, nacional e internacional. En su experiencia destaca su labor en el Departamento de Salud del Estado de Nueva York (NYSDOH) y como epidemi\u00f3logo en los Centros para el Control y la Prevenci\u00f3n de Enfermedades (CDC) en Atlanta, Georgia.<\/p><p>Es autor de diversos cap\u00edtulos de libros y art\u00edculos cient\u00edficos sobre la rabia y la epidemiolog\u00eda espacial de las zoonosis. Actualmente, es Investigador Distinguido RENACYT, profesor en la Facultad de Medicina San Fernando (UNMSM) y Acad\u00e9mico de N\u00famero de la Academia Nacional de Medicina.<\/p>\t\t\t\t\t\t\t\t<\/div>\n\t\t\t\t<\/div>\n\t\t\t\t<\/div>\n\t\t\t\t\t<\/div>\n\t\t\t\t<\/div>\n\t\t\t\t<\/div>\n\t\t","protected":false},"excerpt":{"rendered":"<p>Sergio Eli Recuenco Cabrera Ejecutivo Adjunto I Fecha de inicio: 3 de febrero de 2026 01-631-4500 \/ Anexo:5605 srecuenco@dge.gob.pe Resolucion Ministerial de designaci\u00f3n Resumen M\u00e9dico epidemi\u00f3logo y Doctor en Salud P\u00fablica, con especializaci\u00f3n en epidemiolog\u00eda espacial, zoonosis y enfermedades en la interfaz humano-animal. M\u00e9dico-cirujano egresado de la Universidad Nacional de Trujillo, obtuvo sus grados de [&hellip;]<\/p>\n","protected":false},"author":1,"featured_media":0,"parent":201,"menu_order":0,"comment_status":"closed","ping_status":"closed","template":"","meta":{"site-sidebar-layout":"no-sidebar","site-content-layout":"page-builder","ast-site-content-layout":"full-width-container","site-content-style":"default","site-sidebar-style":"default","ast-global-header-display":"","ast-banner-title-visibility":"","ast-main-header-display":"","ast-hfb-above-header-display":"","ast-hfb-below-header-display":"","ast-hfb-mobile-header-display":"","site-post-title":"disabled","ast-breadcrumbs-content":"","ast-featured-img":"disabled","footer-sml-layout":"","ast-disable-related-posts":"","theme-transparent-header-meta":"","adv-header-id-meta":"","stick-header-meta":"","header-above-stick-meta":"","header-main-stick-meta":"","header-below-stick-meta":"","astra-migrate-meta-layouts":"set","ast-page-background-enabled":"default","ast-page-background-meta":{"desktop":{"background-color":"var(--ast-global-color-4)","background-image":"","background-repeat":"repeat","background-position":"center center","background-size":"auto","background-attachment":"scroll","background-type":"","background-media":"","overlay-type":"","overlay-color":"","overlay-opacity":"","overlay-gradient":""},"tablet":{"background-color":"","background-image":"","background-repeat":"repeat","background-position":"center center","background-size":"auto","background-attachment":"scroll","background-type":"","background-media":"","overlay-type":"","overlay-color":"","overlay-opacity":"","overlay-gradient":""},"mobile":{"background-color":"","background-image":"","background-repeat":"repeat","background-position":"center center","background-size":"auto","background-attachment":"scroll","background-type":"","background-media":"","overlay-type":"","overlay-color":"","overlay-opacity":"","overlay-gradient":""}},"ast-content-background-meta":{"desktop":{"background-color":"var(--ast-global-color-5)","background-image":"","background-repeat":"repeat","background-position":"center center","background-size":"auto","background-attachment":"scroll","background-type":"","background-media":"","overlay-type":"","overlay-color":"","overlay-opacity":"","overlay-gradient":""},"tablet":{"background-color":"var(--ast-global-color-5)","background-image":"","background-repeat":"repeat","background-position":"center center","background-size":"auto","background-attachment":"scroll","background-type":"","background-media":"","overlay-type":"","overlay-color":"","overlay-opacity":"","overlay-gradient":""},"mobile":{"background-color":"var(--ast-global-color-5)","background-image":"","background-repeat":"repeat","background-position":"center center","background-size":"auto","background-attachment":"scroll","background-type":"","background-media":"","overlay-type":"","overlay-color":"","overlay-opacity":"","overlay-gradient":""}},"footnotes":""},"class_list":["post-8890","page","type-page","status-publish","hentry"],"yoast_head":"<!-- This site is optimized with the Yoast SEO Premium plugin v26.6 (Yoast SEO v26.7) - https:\/\/yoast.com\/wordpress\/plugins\/seo\/ -->\n<title>Director de Respuesta a Brotes, Epidemias y Emergencias Sanitarias en Salud Global - Centro Nacional de Epidemiolog\u00eda Prevenci\u00f3n y Control de Enfermedades<\/title>\n<meta name=\"robots\" content=\"index, follow, max-snippet:-1, max-image-preview:large, max-video-preview:-1\" \/>\n<link rel=\"canonical\" href=\"https:\/\/www.dge.gob.pe\/portalnuevo\/nosotros\/director-de-respuesta-a-brotes-epidemias-y-emergencias-sanitarias-en-salud-global\/\" \/>\n<meta property=\"og:locale\" content=\"es_ES\" \/>\n<meta property=\"og:type\" content=\"article\" \/>\n<meta property=\"og:title\" content=\"Director de Respuesta a Brotes, Epidemias y Emergencias Sanitarias en Salud Global\" \/>\n<meta property=\"og:description\" content=\"Sergio Eli Recuenco Cabrera Ejecutivo Adjunto I Fecha de inicio: 3 de febrero de 2026 01-631-4500 \/ Anexo:5605 srecuenco@dge.gob.pe Resolucion Ministerial de designaci\u00f3n Resumen M\u00e9dico epidemi\u00f3logo y Doctor en Salud P\u00fablica, con especializaci\u00f3n en epidemiolog\u00eda espacial, zoonosis y enfermedades en la interfaz humano-animal. M\u00e9dico-cirujano egresado de la Universidad Nacional de Trujillo, obtuvo sus grados de [&hellip;]\" \/>\n<meta property=\"og:url\" content=\"https:\/\/www.dge.gob.pe\/portalnuevo\/nosotros\/director-de-respuesta-a-brotes-epidemias-y-emergencias-sanitarias-en-salud-global\/\" \/>\n<meta property=\"og:site_name\" content=\"Centro Nacional de Epidemiolog\u00eda Prevenci\u00f3n y Control de Enfermedades\" \/>\n<meta property=\"article:publisher\" content=\"https:\/\/www.facebook.com\/cdcperuminsa\" \/>\n<meta property=\"article:modified_time\" content=\"2026-02-16T21:57:41+00:00\" \/>\n<meta property=\"og:image\" content=\"https:\/\/www.dge.gob.pe\/portalnuevo\/wp-content\/uploads\/2026\/02\/DR-SERGIO.jpg.jpeg\" \/>\n\t<meta property=\"og:image:width\" content=\"2000\" \/>\n\t<meta property=\"og:image:height\" content=\"2000\" \/>\n\t<meta property=\"og:image:type\" content=\"image\/jpeg\" \/>\n<meta name=\"twitter:card\" content=\"summary_large_image\" \/>\n<meta name=\"twitter:site\" content=\"@cdc_peru\" \/>\n<meta name=\"twitter:label1\" content=\"Est. reading time\" \/>\n\t<meta name=\"twitter:data1\" content=\"2 minutos\" \/>\n<script type=\"application\/ld+json\" class=\"yoast-schema-graph\">{\"@context\":\"https:\/\/schema.org\",\"@graph\":[{\"@type\":\"WebPage\",\"@id\":\"https:\/\/www.dge.gob.pe\/portalnuevo\/nosotros\/director-de-respuesta-a-brotes-epidemias-y-emergencias-sanitarias-en-salud-global\/\",\"url\":\"https:\/\/www.dge.gob.pe\/portalnuevo\/nosotros\/director-de-respuesta-a-brotes-epidemias-y-emergencias-sanitarias-en-salud-global\/\",\"name\":\"Director de Respuesta a Brotes, Epidemias y Emergencias Sanitarias en Salud Global - Centro Nacional de Epidemiolog\u00eda Prevenci\u00f3n y Control de Enfermedades\",\"isPartOf\":{\"@id\":\"https:\/\/www.dge.gob.pe\/portalnuevo\/#website\"},\"primaryImageOfPage\":{\"@id\":\"https:\/\/www.dge.gob.pe\/portalnuevo\/nosotros\/director-de-respuesta-a-brotes-epidemias-y-emergencias-sanitarias-en-salud-global\/#primaryimage\"},\"image\":{\"@id\":\"https:\/\/www.dge.gob.pe\/portalnuevo\/nosotros\/director-de-respuesta-a-brotes-epidemias-y-emergencias-sanitarias-en-salud-global\/#primaryimage\"},\"thumbnailUrl\":\"https:\/\/www.dge.gob.pe\/portalnuevo\/wp-content\/uploads\/2026\/02\/DR-SERGIO.jpg-1024x1024.jpeg\",\"datePublished\":\"2025-03-28T19:58:05+00:00\",\"dateModified\":\"2026-02-16T21:57:41+00:00\",\"breadcrumb\":{\"@id\":\"https:\/\/www.dge.gob.pe\/portalnuevo\/nosotros\/director-de-respuesta-a-brotes-epidemias-y-emergencias-sanitarias-en-salud-global\/#breadcrumb\"},\"inLanguage\":\"es-PE\",\"potentialAction\":[{\"@type\":\"ReadAction\",\"target\":[\"https:\/\/www.dge.gob.pe\/portalnuevo\/nosotros\/director-de-respuesta-a-brotes-epidemias-y-emergencias-sanitarias-en-salud-global\/\"]}]},{\"@type\":\"ImageObject\",\"inLanguage\":\"es-PE\",\"@id\":\"https:\/\/www.dge.gob.pe\/portalnuevo\/nosotros\/director-de-respuesta-a-brotes-epidemias-y-emergencias-sanitarias-en-salud-global\/#primaryimage\",\"url\":\"https:\/\/www.dge.gob.pe\/portalnuevo\/wp-content\/uploads\/2026\/02\/DR-SERGIO.jpg.jpeg\",\"contentUrl\":\"https:\/\/www.dge.gob.pe\/portalnuevo\/wp-content\/uploads\/2026\/02\/DR-SERGIO.jpg.jpeg\",\"width\":2000,\"height\":2000},{\"@type\":\"BreadcrumbList\",\"@id\":\"https:\/\/www.dge.gob.pe\/portalnuevo\/nosotros\/director-de-respuesta-a-brotes-epidemias-y-emergencias-sanitarias-en-salud-global\/#breadcrumb\",\"itemListElement\":[{\"@type\":\"ListItem\",\"position\":1,\"name\":\"Portada\",\"item\":\"https:\/\/www.dge.gob.pe\/portalnuevo\/\"},{\"@type\":\"ListItem\",\"position\":2,\"name\":\"Nosotros\",\"item\":\"https:\/\/www.dge.gob.pe\/portalnuevo\/nosotros\/\"},{\"@type\":\"ListItem\",\"position\":3,\"name\":\"Director de Respuesta a Brotes, Epidemias y Emergencias Sanitarias en Salud Global\"}]},{\"@type\":\"WebSite\",\"@id\":\"https:\/\/www.dge.gob.pe\/portalnuevo\/#website\",\"url\":\"https:\/\/www.dge.gob.pe\/portalnuevo\/\",\"name\":\"Centro Nacional de Epidemiolog\u00eda Prevenci\u00f3n y Control de Enfermedades\",\"description\":\"\",\"publisher\":{\"@id\":\"https:\/\/www.dge.gob.pe\/portalnuevo\/#organization\"},\"potentialAction\":[{\"@type\":\"SearchAction\",\"target\":{\"@type\":\"EntryPoint\",\"urlTemplate\":\"https:\/\/www.dge.gob.pe\/portalnuevo\/?s={search_term_string}\"},\"query-input\":{\"@type\":\"PropertyValueSpecification\",\"valueRequired\":true,\"valueName\":\"search_term_string\"}}],\"inLanguage\":\"es-PE\"},{\"@type\":\"Organization\",\"@id\":\"https:\/\/www.dge.gob.pe\/portalnuevo\/#organization\",\"name\":\"Centro Nacional de Epidemiolog\u00eda Prevenci\u00f3n y Control de Enfermedades\",\"url\":\"https:\/\/www.dge.gob.pe\/portalnuevo\/\",\"logo\":{\"@type\":\"ImageObject\",\"inLanguage\":\"es-PE\",\"@id\":\"https:\/\/www.dge.gob.pe\/portalnuevo\/#\/schema\/logo\/image\/\",\"url\":\"https:\/\/www.dge.gob.pe\/portalnuevo\/wp-content\/uploads\/2023\/03\/logo_cdc.jpeg\",\"contentUrl\":\"https:\/\/www.dge.gob.pe\/portalnuevo\/wp-content\/uploads\/2023\/03\/logo_cdc.jpeg\",\"width\":1280,\"height\":127,\"caption\":\"Centro Nacional de Epidemiolog\u00eda Prevenci\u00f3n y Control de Enfermedades\"},\"image\":{\"@id\":\"https:\/\/www.dge.gob.pe\/portalnuevo\/#\/schema\/logo\/image\/\"},\"sameAs\":[\"https:\/\/www.facebook.com\/cdcperuminsa\",\"https:\/\/x.com\/cdc_peru\",\"https:\/\/www.youtube.com\/cdcperu\"]}]}<\/script>\n<!-- \/ Yoast SEO Premium plugin. -->","yoast_head_json":{"title":"Director de Respuesta a Brotes, Epidemias y Emergencias Sanitarias en Salud Global - Centro Nacional de Epidemiolog\u00eda Prevenci\u00f3n y Control de Enfermedades","robots":{"index":"index","follow":"follow","max-snippet":"max-snippet:-1","max-image-preview":"max-image-preview:large","max-video-preview":"max-video-preview:-1"},"canonical":"https:\/\/www.dge.gob.pe\/portalnuevo\/nosotros\/director-de-respuesta-a-brotes-epidemias-y-emergencias-sanitarias-en-salud-global\/","og_locale":"es_ES","og_type":"article","og_title":"Director de Respuesta a Brotes, Epidemias y Emergencias Sanitarias en Salud Global","og_description":"Sergio Eli Recuenco Cabrera Ejecutivo Adjunto I Fecha de inicio: 3 de febrero de 2026 01-631-4500 \/ Anexo:5605 srecuenco@dge.gob.pe Resolucion Ministerial de designaci\u00f3n Resumen M\u00e9dico epidemi\u00f3logo y Doctor en Salud P\u00fablica, con especializaci\u00f3n en epidemiolog\u00eda espacial, zoonosis y enfermedades en la interfaz humano-animal. M\u00e9dico-cirujano egresado de la Universidad Nacional de Trujillo, obtuvo sus grados de [&hellip;]","og_url":"https:\/\/www.dge.gob.pe\/portalnuevo\/nosotros\/director-de-respuesta-a-brotes-epidemias-y-emergencias-sanitarias-en-salud-global\/","og_site_name":"Centro Nacional de Epidemiolog\u00eda Prevenci\u00f3n y Control de Enfermedades","article_publisher":"https:\/\/www.facebook.com\/cdcperuminsa","article_modified_time":"2026-02-16T21:57:41+00:00","og_image":[{"width":2000,"height":2000,"url":"https:\/\/www.dge.gob.pe\/portalnuevo\/wp-content\/uploads\/2026\/02\/DR-SERGIO.jpg.jpeg","type":"image\/jpeg"}],"twitter_card":"summary_large_image","twitter_site":"@cdc_peru","twitter_misc":{"Est. reading time":"2 minutos"},"schema":{"@context":"https:\/\/schema.org","@graph":[{"@type":"WebPage","@id":"https:\/\/www.dge.gob.pe\/portalnuevo\/nosotros\/director-de-respuesta-a-brotes-epidemias-y-emergencias-sanitarias-en-salud-global\/","url":"https:\/\/www.dge.gob.pe\/portalnuevo\/nosotros\/director-de-respuesta-a-brotes-epidemias-y-emergencias-sanitarias-en-salud-global\/","name":"Director de Respuesta a Brotes, Epidemias y Emergencias Sanitarias en Salud Global - Centro Nacional de Epidemiolog\u00eda Prevenci\u00f3n y Control de Enfermedades","isPartOf":{"@id":"https:\/\/www.dge.gob.pe\/portalnuevo\/#website"},"primaryImageOfPage":{"@id":"https:\/\/www.dge.gob.pe\/portalnuevo\/nosotros\/director-de-respuesta-a-brotes-epidemias-y-emergencias-sanitarias-en-salud-global\/#primaryimage"},"image":{"@id":"https:\/\/www.dge.gob.pe\/portalnuevo\/nosotros\/director-de-respuesta-a-brotes-epidemias-y-emergencias-sanitarias-en-salud-global\/#primaryimage"},"thumbnailUrl":"https:\/\/www.dge.gob.pe\/portalnuevo\/wp-content\/uploads\/2026\/02\/DR-SERGIO.jpg-1024x1024.jpeg","datePublished":"2025-03-28T19:58:05+00:00","dateModified":"2026-02-16T21:57:41+00:00","breadcrumb":{"@id":"https:\/\/www.dge.gob.pe\/portalnuevo\/nosotros\/director-de-respuesta-a-brotes-epidemias-y-emergencias-sanitarias-en-salud-global\/#breadcrumb"},"inLanguage":"es-PE","potentialAction":[{"@type":"ReadAction","target":["https:\/\/www.dge.gob.pe\/portalnuevo\/nosotros\/director-de-respuesta-a-brotes-epidemias-y-emergencias-sanitarias-en-salud-global\/"]}]},{"@type":"ImageObject","inLanguage":"es-PE","@id":"https:\/\/www.dge.gob.pe\/portalnuevo\/nosotros\/director-de-respuesta-a-brotes-epidemias-y-emergencias-sanitarias-en-salud-global\/#primaryimage","url":"https:\/\/www.dge.gob.pe\/portalnuevo\/wp-content\/uploads\/2026\/02\/DR-SERGIO.jpg.jpeg","contentUrl":"https:\/\/www.dge.gob.pe\/portalnuevo\/wp-content\/uploads\/2026\/02\/DR-SERGIO.jpg.jpeg","width":2000,"height":2000},{"@type":"BreadcrumbList","@id":"https:\/\/www.dge.gob.pe\/portalnuevo\/nosotros\/director-de-respuesta-a-brotes-epidemias-y-emergencias-sanitarias-en-salud-global\/#breadcrumb","itemListElement":[{"@type":"ListItem","position":1,"name":"Portada","item":"https:\/\/www.dge.gob.pe\/portalnuevo\/"},{"@type":"ListItem","position":2,"name":"Nosotros","item":"https:\/\/www.dge.gob.pe\/portalnuevo\/nosotros\/"},{"@type":"ListItem","position":3,"name":"Director de Respuesta a Brotes, Epidemias y Emergencias Sanitarias en Salud Global"}]},{"@type":"WebSite","@id":"https:\/\/www.dge.gob.pe\/portalnuevo\/#website","url":"https:\/\/www.dge.gob.pe\/portalnuevo\/","name":"Centro Nacional de Epidemiolog\u00eda Prevenci\u00f3n y Control de Enfermedades","description":"","publisher":{"@id":"https:\/\/www.dge.gob.pe\/portalnuevo\/#organization"},"potentialAction":[{"@type":"SearchAction","target":{"@type":"EntryPoint","urlTemplate":"https:\/\/www.dge.gob.pe\/portalnuevo\/?s={search_term_string}"},"query-input":{"@type":"PropertyValueSpecification","valueRequired":true,"valueName":"search_term_string"}}],"inLanguage":"es-PE"},{"@type":"Organization","@id":"https:\/\/www.dge.gob.pe\/portalnuevo\/#organization","name":"Centro Nacional de Epidemiolog\u00eda Prevenci\u00f3n y Control de Enfermedades","url":"https:\/\/www.dge.gob.pe\/portalnuevo\/","logo":{"@type":"ImageObject","inLanguage":"es-PE","@id":"https:\/\/www.dge.gob.pe\/portalnuevo\/#\/schema\/logo\/image\/","url":"https:\/\/www.dge.gob.pe\/portalnuevo\/wp-content\/uploads\/2023\/03\/logo_cdc.jpeg","contentUrl":"https:\/\/www.dge.gob.pe\/portalnuevo\/wp-content\/uploads\/2023\/03\/logo_cdc.jpeg","width":1280,"height":127,"caption":"Centro Nacional de Epidemiolog\u00eda Prevenci\u00f3n y Control de Enfermedades"},"image":{"@id":"https:\/\/www.dge.gob.pe\/portalnuevo\/#\/schema\/logo\/image\/"},"sameAs":["https:\/\/www.facebook.com\/cdcperuminsa","https:\/\/x.com\/cdc_peru","https:\/\/www.youtube.com\/cdcperu"]}]}},"_links":{"self":[{"href":"https:\/\/www.dge.gob.pe\/portalnuevo\/wp-json\/wp\/v2\/pages\/8890","targetHints":{"allow":["GET"]}}],"collection":[{"href":"https:\/\/www.dge.gob.pe\/portalnuevo\/wp-json\/wp\/v2\/pages"}],"about":[{"href":"https:\/\/www.dge.gob.pe\/portalnuevo\/wp-json\/wp\/v2\/types\/page"}],"author":[{"embeddable":true,"href":"https:\/\/www.dge.gob.pe\/portalnuevo\/wp-json\/wp\/v2\/users\/1"}],"replies":[{"embeddable":true,"href":"https:\/\/www.dge.gob.pe\/portalnuevo\/wp-json\/wp\/v2\/comments?post=8890"}],"version-history":[{"count":31,"href":"https:\/\/www.dge.gob.pe\/portalnuevo\/wp-json\/wp\/v2\/pages\/8890\/revisions"}],"predecessor-version":[{"id":13368,"href":"https:\/\/www.dge.gob.pe\/portalnuevo\/wp-json\/wp\/v2\/pages\/8890\/revisions\/13368"}],"up":[{"embeddable":true,"href":"https:\/\/www.dge.gob.pe\/portalnuevo\/wp-json\/wp\/v2\/pages\/201"}],"wp:attachment":[{"href":"https:\/\/www.dge.gob.pe\/portalnuevo\/wp-json\/wp\/v2\/media?parent=8890"}],"curies":[{"name":"wp","href":"https:\/\/api.w.org\/{rel}","templated":true}]}}